{"id":384,"date":"2017-10-25T22:11:56","date_gmt":"2017-10-25T15:11:56","guid":{"rendered":"https:\/\/bizhostvn.com\/w\/art\/?page_id=384"},"modified":"2017-10-25T22:39:01","modified_gmt":"2017-10-25T15:39:01","slug":"hoc-dan-nhi","status":"publish","type":"page","link":"https:\/\/webmaibinh.com\/w\/art\/khoa-hoc\/nhac-cu-truyen-thong\/hoc-dan-nhi\/","title":{"rendered":"H\u1ecdc \u0111\u00e0n nh\u1ecb"},"content":{"rendered":"<p><strong>\u0110\u00e3 bao gi\u1edd b\u1ea1n ngh\u0129 \u0111\u1ebfn vi\u1ec7c h\u1ecdc \u0111\u00e0n b\u1ea7u? Ch\u00fang ta \u0111\u00e3 bi\u1ebft \u0111\u00e2y l\u00e0 m\u1ed9t nh\u1ea1c c\u1ee5 d\u00e2n t\u1ed9c r\u1ea5t th\u00fa v\u1ecb v\u00e0 c\u00f3 \u00e2m s\u1eafc r\u1ea5t hay. V\u1edbi th\u1eddi bu\u1ed5i hi\u1ec7n \u0111\u1ea1i th\u00ec gi\u1edbi tr\u1ebb c\u00e0ng \u00edt th\u00f4ng tin h\u01a1n v\u1ec1 nh\u1eefng nh\u1ea1c c\u1ee5 nh\u01b0 th\u1ebf n\u00e0y. Th\u1ebf th\u00ec t\u1ea1i sao kh\u00f4ng ch\u00ednh ch\u00fang ta l\u00e0 ng\u01b0\u1eddi tr\u1ea3i nghi\u1ec7m nh\u1eefng gi\u00e2y ph\u00fat th\u00fa v\u1ecb b\u00ean l\u1edbp h\u1ecdc \u0111\u00e0n b\u1ea7u c\u1ee7a Elite Arts Academy.<\/strong><\/p>\n<h3>\u0110\u00e0n b\u1ea7u, m\u1ed9t nh\u1ea1c c\u1ee5 thu\u1ea7n Vi\u1ec7t<\/h3>\n<p>Ch\u01b0a c\u00f3 m\u1ed9t t\u00e0i li\u1ec7u c\u1ee5 th\u1ec3 n\u00e0o x\u00e1c \u0111\u1ecbnh r\u00f5 \u0111\u01b0\u1ee3c th\u1eddi gian xu\u1ea5t hi\u1ec7n c\u1ee7a \u0111\u00e0n b\u1ea7u, tuy v\u1eady c\u00e1i ch\u00fang ta bi\u1ebft \u0111\u01b0\u1ee3c \u0111\u00e2y l\u00e0 m\u1ed9t nh\u1ea1c c\u1ee5 d\u00e2n gian c\u1ee7a ng\u01b0\u1eddi Vi\u1ec7t \u0111\u01b0\u1ee3c s\u1eed d\u1ee5ng t\u1eeb xa x\u01b0a v\u00e0 tr\u1edf th\u00e0nh m\u1ed9t trong nh\u1eefng trong nh\u1eefng nh\u1ea1c c\u1ee5 d\u00e2n t\u1ed9c n\u1ed5i ti\u1ebfng nh\u1ea5t.<\/p>\n<p>Chi\u1ebfc \u0111\u00e0n n\u00e0y c\u00f3 t\u00ean g\u1ecdi kh\u00e1c l\u00e0 \u0111\u1ed9c huy\u1ec1n c\u1ea7m do c\u1ea5u t\u1ea1o \u0111\u1eb7c bi\u1ec7t ch\u1ec9 c\u00f3 m\u1ed9t d\u00e2y, nguy\u00ean t\u1eafc ho\u1ea1t \u0111\u1ed9ng d\u1ef1a tr\u00ean s\u1ef1 c\u1ed9ng h\u01b0\u1edfng. \u0110\u00e0n c\u00f3 hai lo\u1ea1i th\u00e2n tre v\u00e0 th\u00e2n g\u1ed7. Ph\u1ed5 bi\u1ebfn nh\u1ea5t l\u00e0 lo\u1ea1i \u0111\u00e0n b\u1ea7u th\u00e2n g\u1ed7.<\/p>\n<p>Nh\u1eefng ti\u1ebfng \u0111\u00e0n do \u0111\u00e0n b\u1ea7u ph\u00e1t ra da di\u1ebft, \u00eam \u00e1i \u0111\u1ee7 l\u00e0m rung \u0111\u1ed9ng b\u1ea5t k\u1ef3 tr\u00e1i tim n\u00e0o, b\u1edfi l\u1ebd \u0111\u00f3 tr\u01b0\u1edbc khi \u00e2m nh\u1ea1c \u0111i\u1ec7n t\u1eed l\u00ean ng\u00f4i trong nh\u1eefng n\u0103m g\u1ea7n \u0111\u00e2y th\u00ec \u0111\u00e0n b\u1ea7u l\u00e0 nh\u1ea1c c\u1ee5 quan tr\u1ecdng trong \u0111\u1ed9c t\u1ea5u, h\u00f3a t\u1ea5u. Ng\u00e0y nay \u0111\u00e0n b\u1ea7u th\u01b0\u1eddng xu\u1ea5t hi\u1ec7n trong c\u00e1c d\u00e0n nh\u1ea1c d\u00e2n gian, ho\u1eb7c ph\u1ed1i c\u00f9ng c\u00e1c nh\u1ea1c c\u1ee5 kh\u00e1c trong nhi\u1ec1u b\u00e0i h\u00e1t d\u00e2n ca hay c\u00f3 \u00e2m h\u01b0\u1edfng d\u00e2n ca.<\/p>\n<h3>T\u1ea1i sao n\u00ean tham gia l\u1edbp h\u1ecdc \u0111\u00e0n b\u1ea7u?<\/h3>\n<p>N\u1ebfu c\u00f3 \u0111i\u1ec1u ki\u1ec7n c\u1ed9ng th\u00eam s\u1ef1 y\u00eau th\u00edch b\u1ea1n n\u00ean th\u1eed tr\u1ea3i nghi\u1ec7m tham gia nh\u1eefng\u00a0<strong><em>l\u1edbp h\u1ecdc \u0111\u00e0n b\u1ea7u<\/em><\/strong>. B\u1edfi v\u00ec ngo\u00e0i vi\u1ec7c l\u00e0m gi\u1ea3m nh\u1eefng c\u0103ng th\u1eb3ng trong c\u00f4ng vi\u1ec7c th\u00ec vi\u1ec7c bi\u1ebft ch\u01a1i m\u1ed9t nh\u1ea1c c\u1ee5 s\u1ebd c\u1ef1c k\u1ef3 c\u00f3 \u00edch cho b\u1ea1n sau n\u00e0y.<\/p>\n<p>H\u1ecdc nh\u1ea1c c\u1ee5, c\u1ee5 th\u1ec3 l\u00e0 \u0111\u00e0n b\u1ea7u gi\u00fap c\u00f3 \u0111\u01b0\u1ee3c nh\u1eefng gi\u00e2y ph\u00fat th\u0103ng h\u00f3a trong \u00e2m nh\u1ea1c, \u0111\u1ed3ng th\u1eddi ph\u00e1t tri\u1ec3n t\u01b0 duy \u00e2m nh\u1ea1c, c\u1ea3i thi\u1ec7n tr\u00ed nh\u1edb v\u00e0 l\u00e0m t\u0103ng \u0111\u1ed9 t\u1eadp trung c\u1ee7a b\u1ea1n. H\u01a1n n\u1eefa vi\u1ec7c t\u00ecm hi\u1ec3u m\u1ed9t nh\u1ea1c c\u1ee5 d\u00e2n t\u1ed9c g\u00f3p ph\u1ea7n g\u00ecn gi\u1eef nh\u1eefng n\u00e9t \u0111\u1eb9p c\u1ee7a ng\u01b0\u1eddi x\u01b0a v\u00e0 m\u1ed9t ph\u1ea7n khi\u1ebfn cho \u00e2m nh\u1ea1c truy\u1ec1n th\u1ed1ng g\u1ea7n g\u0169i v\u1edbi m\u1ecdi ng\u01b0\u1eddi h\u01a1n.<\/p>\n<h3>\u01afu \u0111i\u1ec3m c\u1ee7a l\u1edbp h\u1ecdc \u0111\u00e0n b\u1ea7u t\u1ea1i Elite Arts Academy<\/h3>\n<p>N\u1ebfu b\u1ea1n \u0111ang t\u00ecm m\u1ed9t\u00a0<strong><em>l\u1edbp h\u1ecdc \u0111\u00e0n b\u1ea7u<\/em><\/strong>\u00a0chuy\u00ean nghi\u1ec7p, ch\u1ea5t l\u01b0\u1ee3ng th\u00ec Elite Arts Academy l\u00e0 s\u1ef1 ch\u1ecdn l\u1ef1a t\u1ed1t nh\u1ea5t cho b\u1ea1n. T\u1ea1i \u0111\u00e2y, ch\u00fang t\u00f4i d\u00e1m \u0111\u1ea3m b\u1ea3o s\u1ebd mang l\u1ea1i cho nh\u1eefng h\u1ecdc vi\u00ean c\u1ee7a m\u00ecnh nh\u1eefng ki\u1ebfn th\u1ee9c ch\u00ednh x\u00e1c nh\u1ea5t, hi\u1ec7u qu\u1ea3 v\u00e0 \u0111\u1ea1t k\u1ebft qu\u1ea3 \u01b0ng \u00fd.<\/p>\n<h4>N\u1ed9i dung ch\u01b0\u01a1ng tr\u00ecnh h\u1ecdc<\/h4>\n<p>\u0110\u1ebfn v\u1edbi kh\u00f3a h\u1ecdc \u0111\u00e0n b\u1ea7u h\u1ecdc vi\u00ean \u0111\u01b0\u1ee3c trang b\u1ecb nh\u1eefng ki\u1ebfn th\u1ee9c ch\u00ednh x\u00e1c c\u00f9ng v\u1edbi s\u1ef1 luy\u1ec7n t\u1eadp c\u00f3 s\u1ef1 k\u00e8m c\u1eb7p v\u00e0 theo d\u00f5i c\u1ee7a gi\u1ea3ng vi\u00ean. T\u1ea1i \u0111\u00e2y c\u00e1c h\u1ecdc vi\u00ean \u0111\u01b0\u1ee3c h\u01b0\u1edbng d\u1eabn nh\u1eefng nh\u1ea1c l\u00ed c\u01a1 b\u1ea3n \u0111\u1ebfn c\u00e1c k\u1ef9 thu\u1eadt t\u1eebng b\u00e0n tay, nh\u1eefng k\u1ef9 thu\u1eadt n\u00e2ng cao, c\u00e1ch ch\u01a1i b\u00e0i nh\u1ea1c, c\u00e1ch h\u00f2a t\u1ea5u v\u1edbi nh\u1ea1c c\u1ee5 kh\u00e1c\u2026<\/p>\n<h4>Gi\u1ea3ng vi\u00ean t\u1eadn t\u00e2m, tr\u00e1ch nhi\u1ec7m<\/h4>\n<p>H\u1ecdc vi\u00ean s\u1ebd \u0111\u01b0\u1ee3c c\u00e1c gi\u1ea3ng vi\u00ean d\u00e0y d\u1eb7n kinh nghi\u1ec7m truy\u1ec1n th\u1ee5 nh\u1eefng ki\u1ebfn th\u1ee9c c\u0169ng nh\u01b0 t\u1eadn t\u00ecnh h\u01b0\u1edbng d\u1eabn, theo d\u00f5i s\u1ef1 ti\u1ebfn b\u1ed9 h\u1eb1ng ng\u00e0y \u0111\u1ec3 c\u00f3 \u0111\u01b0\u1ee3c gi\u00e1o \u00e1n t\u1ed1t nh\u1ea5t.<\/p>\n<h4>Th\u00f4ng tin kh\u00f3a h\u1ecdc<\/h4>\n<p>Khi \u0111\u1ebfn v\u1edbi\u00a0<strong><em>l\u1edbp h\u1ecdc \u0111\u00e0n b\u1ea7u<\/em><\/strong>\u00a0h\u1ecdc vi\u00ean ho\u00e0n to\u00e0n an t\u00e2m v\u1ec1 s\u1ef1 ti\u1ebfp thu c\u1ee7a m\u00ecnh trong su\u1ed1t kh\u00f3a h\u1ecdc, v\u00ec m\u1ed7i h\u1ecdc vi\u00ean \u0111\u01b0\u1ee3c s\u1ef1 h\u01b0\u1edbng d\u1eabn c\u1ee7a m\u1ed9t gi\u1ea3ng vi\u00ean n\u00ean s\u1ebd kh\u00f4ng c\u1ea7n lo chuy\u1ec7n m\u00ecnh theo kh\u00f4ng k\u1ecbp ti\u1ebfn \u0111\u1ed9 c\u00e1c h\u1ecdc vi\u00ean kh\u00e1c. M\u1ed7i tu\u1ea7n h\u1ecdc vi\u00ean \u0111\u01b0\u1ee3c ch\u1ecdn 3 -6 bu\u1ed5i h\u1ecdc, m\u1ed7i kh\u00f3a k\u00e9o d\u00e0i t\u1eeb 2 -4 th\u00e1ng t\u00f9y theo t\u1eebng h\u1ecdc vi\u00ean.<\/p>\n<h4>T\u1ed5ng k\u1ebft kh\u00f3a h\u1ecdc<\/h4>\n<p>Ch\u00fang t\u00f4i cam k\u1ebft, sau khi kh\u00f3a h\u1ecdc k\u1ebft th\u00fac, h\u1ecdc vi\u00ean s\u1ebd ch\u01a1i \u0111\u01b0\u1ee3c c\u01a1 b\u1ea3n \u0111\u01b0\u1ee3c \u0111\u00e0n b\u1ea7u th\u1eadm ch\u00ed bi\u1ec3u di\u1ec5n. V\u1edbi nh\u1eefng b\u00e0i ki\u1ec3m tra cu\u1ed1i kh\u00f3a, h\u1ecdc vi\u00ean s\u1ebd bi\u1ebft \u0111\u01b0\u1ee3c th\u1ef1c l\u1ef1c hi\u1ec7n t\u1ea1i c\u1ee7a m\u00ecnh. Sau kh\u00f3a h\u1ecdc c\u00e1c h\u1ecdc vi\u00ean \u0111\u01b0\u1ee3c c\u1ea5p ch\u1ee9ng nh\u1eadn c\u1ee7a trung t\u00e2m.<\/p>\n","protected":false},"excerpt":{"rendered":"<p>\u0110\u00e3 bao gi\u1edd b\u1ea1n ngh\u0129 \u0111\u1ebfn vi\u1ec7c h\u1ecdc \u0111\u00e0n b\u1ea7u? Ch\u00fang ta \u0111\u00e3 bi\u1ebft \u0111\u00e2y l\u00e0 m\u1ed9t nh\u1ea1c c\u1ee5 d\u00e2n t\u1ed9c r\u1ea5t th\u00fa v\u1ecb v\u00e0 c\u00f3 \u00e2m s\u1eafc r\u1ea5t hay. V\u1edbi th\u1eddi bu\u1ed5i hi\u1ec7n \u0111\u1ea1i th\u00ec gi\u1edbi tr\u1ebb c\u00e0ng \u00edt th\u00f4ng tin h\u01a1n v\u1ec1 nh\u1eefng nh\u1ea1c c\u1ee5 nh\u01b0 th\u1ebf n\u00e0y. Th\u1ebf th\u00ec t\u1ea1i sao kh\u00f4ng [&#8230;]\n","protected":false},"author":1,"featured_media":481,"parent":376,"menu_order":0,"comment_status":"closed","ping_status":"closed","template":"page-right-sidebar.php","meta":[],"_links":{"self":[{"href":"https:\/\/webmaibinh.com\/w\/art\/wp-json\/wp\/v2\/pages\/384"}],"collection":[{"href":"https:\/\/webmaibinh.com\/w\/art\/wp-json\/wp\/v2\/pages"}],"about":[{"href":"https:\/\/webmaibinh.com\/w\/art\/wp-json\/wp\/v2\/types\/page"}],"author":[{"embeddable":true,"href":"https:\/\/webmaibinh.com\/w\/art\/wp-json\/wp\/v2\/users\/1"}],"replies":[{"embeddable":true,"href":"https:\/\/webmaibinh.com\/w\/art\/wp-json\/wp\/v2\/comments?post=384"}],"version-history":[{"count":2,"href":"https:\/\/webmaibinh.com\/w\/art\/wp-json\/wp\/v2\/pages\/384\/revisions"}],"predecessor-version":[{"id":482,"href":"https:\/\/webmaibinh.com\/w\/art\/wp-json\/wp\/v2\/pages\/384\/revisions\/482"}],"up":[{"embeddable":true,"href":"https:\/\/webmaibinh.com\/w\/art\/wp-json\/wp\/v2\/pages\/376"}],"wp:featuredmedia":[{"embeddable":true,"href":"https:\/\/webmaibinh.com\/w\/art\/wp-json\/wp\/v2\/media\/481"}],"wp:attachment":[{"href":"https:\/\/webmaibinh.com\/w\/art\/wp-json\/wp\/v2\/media?parent=384"}],"curies":[{"name":"wp","href":"https:\/\/api.w.org\/{rel}","templated":true}]}}