{"id":382,"date":"2017-10-25T22:11:44","date_gmt":"2017-10-25T15:11:44","guid":{"rendered":"https:\/\/bizhostvn.com\/w\/art\/?page_id=382"},"modified":"2017-10-25T22:40:25","modified_gmt":"2017-10-25T15:40:25","slug":"hoc-thoi-sao","status":"publish","type":"page","link":"https:\/\/webmaibinh.com\/w\/art\/khoa-hoc\/nhac-cu-truyen-thong\/hoc-thoi-sao\/","title":{"rendered":"H\u1ecdc th\u1ed5i s\u00e1o"},"content":{"rendered":"<p><strong>B\u1ea1n \u0111\u00e3 bi\u1ebft \u0111\u1ebfn s\u00e1o? B\u1ea1n \u0111\u00e3 t\u1eebng mong mu\u1ed1n th\u1eed lo\u1ea1i nh\u1ea1c c\u1ee5 n\u00e0y? B\u1ea1n kh\u00f4ng bi\u1ebft ph\u1ea3i b\u1eaft \u0111\u1ea7u t\u1eeb \u0111\u00e2u? H\u00e3y \u0111\u1ebfn v\u1edbi l\u1edbp h\u1ecdc th\u1ed5i s\u00e1o t\u1ea1i Elite Arts Academy, v\u1edbi s\u1ef1 chuy\u00ean nghi\u1ec7p ch\u00fang t\u00f4i s\u1ebd gi\u00fap b\u1ea1n bi\u1ebfn nh\u1eefng mong \u01b0\u1edbc c\u1ee7a m\u00ecnh th\u00e0nh s\u1ef1 th\u00e2t. H\u1ecdc th\u1ed5i s\u00e1o ch\u01b0a bao gi\u1edd \u0111\u01a1n gi\u1ea3n \u0111\u1ebfn v\u1eady.<\/strong><\/p>\n<h3>T\u00ecm hi\u1ec3u v\u1ec1 s\u00e1o tr\u00fac<\/h3>\n<p>V\u1edbi danh ngh\u0129a m\u1ed9t lo\u1ea1i nh\u1ea1c c\u1ee5 truy\u1ec1n th\u1ed1ng c\u00f3 trong kho t\u00e0ng v\u0103n h\u00f3a c\u1ee7a Vi\u1ec7t Nam, chi\u1ebfc s\u00e1o tr\u00fac d\u01b0\u1eddng nh\u01b0 g\u1eafn li\u1ec1n v\u1edbi sinh ho\u1ea1t h\u1eb1ng ng\u00e0y c\u1ee7a ng\u01b0\u1eddi Vi\u1ec7t c\u1ed5. Th\u1eddi nay c\u00f9ng v\u1edbi s\u1ef1 ph\u00e1t tri\u1ec3n c\u1ee7a x\u00e3 h\u1ed9i v\u00e0 c\u00e1c nh\u1ea1c c\u1ee5 \u0111i\u1ec7n t\u1eed l\u00e0 s\u1ef1 lu m\u1edd c\u1ee7a s\u00e1o tr\u00fac, tuy v\u1eady nh\u1eefng chi\u1ebfc s\u00e1o c\u00f9ng \u00e2m thanh trong tr\u1ebbo \u0111i v\u00e0o l\u00f2ng ng\u01b0\u1eddi v\u1eabn r\u1ea5t \u0111\u01b0\u1ee3c s\u1ef1 y\u00eau th\u00edch c\u1ee7a nhi\u1ec1u ng\u01b0\u1eddi.<\/p>\n<p>C\u00e2y s\u00e1o v\u1edbi s\u1ef1 nh\u1ecf g\u1ecdn c\u00f3 th\u1ec3 d\u1ec5 d\u00e0ng \u0111em theo b\u1ea5t c\u1ee9 \u0111\u00e2u qu\u1ea3 l\u00e0 m\u1ed9t l\u1ef1a ch\u1ecdn tuy\u1ec7t v\u1eddi cho c\u00e1c b\u1ea1n tr\u1ebb th\u00edch \u0111i du l\u1ecbch v\u00e0 hay di chuy\u1ec3n. M\u1eb7c d\u00f9 c\u00f3 nhi\u1ec1u trung t\u00e2m c\u00f3 d\u1ea1y s\u00e1o tr\u00fac nh\u01b0ng \u0111a ph\u1ea7n r\u1ea5t \u00edt\u00a0<strong><em>l\u1edbp h\u1ecdc th\u1ed5i s\u00e1o<\/em><\/strong>\u00a0n\u00e0o \u0111\u00e0o t\u1ea1o b\u00e0i b\u1ea3n, d\u1eabn \u0111\u1ebfn vi\u1ec7c nhi\u1ec1u h\u1ecdc vi\u00ean y\u00eau th\u00edch s\u00e1o r\u1ed3i l\u1ea1i ph\u1ea3i t\u1eeb b\u1ecf gi\u1ea5c m\u01a1 c\u1ee7a m\u00ecnh.<\/p>\n<h3>L\u1ee3i \u00edch khi h\u1ecdc th\u1ed5i s\u00e1o<\/h3>\n<p>Tham gia v\u00e0o m\u1ed9t\u00a0<strong><em>l\u1edbp h\u1ecdc th\u1ed5i s\u00e1o<\/em><\/strong>\u00a0hay t\u1ef1 h\u1ecdc \u0111\u1ec1u mang l\u1ea1i cho b\u1ea1n nh\u1eefng t\u00e1c d\u1ee5ng kh\u00f4ng ng\u1edd. S\u1ef1 c\u1ea3m \u00e2m c\u00f9ng t\u01b0 duy \u00e2m nh\u1ea1c c\u1ee7a b\u1ea1n t\u0103ng l\u00ean \u0111\u00e1ng k\u1ec3 trong qu\u00e1 tr\u00ecnh h\u1ecdc t\u1eadp v\u00e0 th\u1ef1c h\u00e0nh. \u0110\u1ec3 c\u00f3 \u0111\u01b0\u1ee3c m\u1ed9t t\u00e1c ph\u1ea9m hay s\u1ef1 t\u1eadp trung l\u00e0 \u0111i\u1ec1u b\u1ea1n ph\u1ea3i c\u1ea7n \u0111\u1ebfn, ch\u00ednh n\u00f3 c\u0169ng l\u00e0 l\u00ed do khi\u1ebfn trong cu\u1ed9c s\u1ed1ng, trong c\u00f4ng vi\u1ec7c \u0111\u1ec1u tr\u00f4i tr\u00e3i v\u00e0 \u00eam \u0111\u1eb9p.<\/p>\n<p>S\u00e1o tr\u00fac l\u00e0 m\u1ed9t nh\u1ea1c c\u1ee5 d\u00e2n gian th\u00fa v\u1ecb, ch\u01a1i s\u00e1o tr\u00fac c\u0169ng g\u00f3p ph\u1ea7n truy\u1ec1n b\u00e1 v\u1ebb \u0111\u1eb9p v\u0103n h\u00f3a, \u0111\u1ed3ng th\u1eddi g\u00ecn gi\u1eef nh\u1eefng n\u00e9t \u0111\u1eb9p c\u1ed5 truy\u1ec1n c\u1ee7a ng\u01b0\u1eddi x\u01b0a.<\/p>\n<p>Cu\u1ed1i c\u00f9ng l\u00e0 s\u1ef1 c\u1ea3i thi\u1ec7n tr\u00ed nh\u1edb, gi\u1ea3m stress. Nhi\u1ec1u nghi\u00ean c\u1ee9u cho th\u1ea5y nh\u1eefng ng\u01b0\u1eddi bi\u1ebft ch\u01a1i nh\u1ea1c c\u1ee5 c\u00f3 kh\u1ea3 n\u0103ng tho\u00e1t kh\u1ecfi c\u01a1n kh\u1ee7ng ho\u1ea3ng tinh th\u1ea7n hay c\u0103ng th\u1eb3ng t\u1ed1t h\u01a1n nhi\u1ec1u l\u1ea7n so v\u1edbi ng\u01b0\u1eddi kh\u00f4ng bi\u1ebft.<\/p>\n<h3>L\u1edbp h\u1ecdc th\u1ed5i s\u00e1o \u1edf Artiest Education<\/h3>\n<h4>N\u1ed9i dung<\/h4>\n<p>T\u1ea5t c\u1ea3 m\u1ecdi ng\u01b0\u1eddi c\u00f3 nhu c\u1ea7u, y\u00eau th\u00edch ho\u1eb7c mu\u1ed1n th\u1eed s\u1ee9c v\u1edbi s\u00e1o tr\u00fac c\u00f3 th\u1ec3 \u0111\u0103ng k\u00fd\u00a0<strong><em>l\u1edbp h\u1ecdc th\u1ed1i s\u00e1o<\/em><\/strong>\u00a0c\u1ee7a Elite Arts Academy. \u0110\u1ebfn v\u1edbi kh\u00f3a h\u1ecdc h\u1ecdc vi\u00ean s\u1ebd \u0111\u01b0\u1ee3c gi\u1edbi thi\u1ec7u c\u1eb7n k\u1ebd v\u1ec1 s\u00e1o tr\u00fac, nh\u1ea1c l\u00fd c\u01a1 b\u1ea3n v\u00e0 n\u00e2ng cao, t\u01b0 th\u1ebf c\u1ea7m, c\u00e1ch l\u1ea5y h\u01a1i v\u00e0 \u0111i\u1ec1u ch\u1ec9nh h\u01a1i th\u1edf, c\u00e1ch th\u1ed5i, c\u00e1ch ho\u00e0n th\u00e0nh m\u1ed9t b\u00e0i nh\u1ea1c v\u00e0 h\u00f2a t\u1ea5u.<\/p>\n<h4>C\u01a1 s\u1edf v\u1eadt ch\u1ea5t t\u1ed1t, gi\u00e1o vi\u00ean chuy\u00ean nghi\u1ec7p<\/h4>\n<p>Kh\u00f3a h\u1ecdc \u0111\u01b0\u1ee3c trung t\u00e2m cung c\u1ea5p nh\u1eefng ph\u00f2ng h\u1ecdc c\u00e1ch \u00e2m, tho\u00e1ng m\u00e1t, \u0111\u1ea3m b\u1ea3o s\u1ef1 t\u1eadp trung v\u00e0 hi\u1ec7u qu\u1ea3 c\u1ee7a bu\u1ed5i t\u1eadp \u0111\u1ec3 c\u00f3 hi\u1ec7u su\u1ea5t cao nh\u1ea5t. C\u00f9ng v\u1edbi \u0111\u00f3 l\u00e0 s\u1ef1 \u00e2n c\u1ea7n c\u1ee7a c\u00e1c gi\u00e1o vi\u00ean h\u01b0\u1edbng d\u1eabn s\u1ebd theo s\u00e1t h\u1ecdc vi\u00ean trong qu\u00e1 tr\u00ecnh t\u1eadp v\u00e0 \u0111i\u1ec1u ch\u1ec9nh nh\u1eefng k\u1ef9 thu\u1eadt ch\u01b0a t\u1ed1t m\u1ed9t c\u00e1ch t\u1eadn t\u00e2m v\u00e0 nhi\u1ec7t huy\u1ebft.<\/p>\n<h4>T\u1ed5ng k\u1ebft kh\u00f3a h\u1ecdc<\/h4>\n<p>Kh\u00f3a h\u1ecdc th\u01b0\u1eddng k\u1ebft th\u00fac sau 2 -4 th\u00e1ng t\u1eadp luy\u1ec7n. H\u1ecdc vi\u00ean c\u00f3 th\u1ec3 l\u1ef1a ch\u1ecdn th\u1eddi kh\u00f3a bi\u1ec3u ph\u00f9 h\u1ee3p v\u1edbi m\u00ecnh (kho\u1ea3ng 3 bu\u1ed5i\/ tu\u1ea7n). Trong su\u1ed1t qu\u00e1 tr\u00ecnh h\u1ecdc, h\u1ecdc vi\u00ean \u0111\u01b0\u1ee3c ki\u1ec3m tra, tr\u1ea3 b\u00e0i th\u01b0\u1eddng xuy\u00ean v\u1edbi gi\u00e1o vi\u00ean. Cu\u1ed1i kh\u00f3a h\u1ecdc vi\u00ean \u0111\u01b0\u1ee3c ki\u1ec3m tra cu\u1ed1i kh\u00f3a \u0111\u1ec3 \u0111\u00e1nh gi\u00e1 s\u1ef1 ti\u1ebfn b\u1ed9 trong kh\u00f3a h\u1ecdc. H\u1ecdc vi\u00ean \u0111\u1ed3ng th\u1eddi c\u00f2n \u0111\u01b0\u1ee3c c\u1ea5p gi\u1ea5y ch\u1ee9ng nh\u1eadn t\u1eeb trung t\u00e2m.<\/p>\n","protected":false},"excerpt":{"rendered":"<p>B\u1ea1n \u0111\u00e3 bi\u1ebft \u0111\u1ebfn s\u00e1o? B\u1ea1n \u0111\u00e3 t\u1eebng mong mu\u1ed1n th\u1eed lo\u1ea1i nh\u1ea1c c\u1ee5 n\u00e0y? B\u1ea1n kh\u00f4ng bi\u1ebft ph\u1ea3i b\u1eaft \u0111\u1ea7u t\u1eeb \u0111\u00e2u? H\u00e3y \u0111\u1ebfn v\u1edbi l\u1edbp h\u1ecdc th\u1ed5i s\u00e1o t\u1ea1i Elite Arts Academy, v\u1edbi s\u1ef1 chuy\u00ean nghi\u1ec7p ch\u00fang t\u00f4i s\u1ebd gi\u00fap b\u1ea1n bi\u1ebfn nh\u1eefng mong \u01b0\u1edbc c\u1ee7a m\u00ecnh th\u00e0nh s\u1ef1 th\u00e2t. H\u1ecdc th\u1ed5i s\u00e1o [&#8230;]\n","protected":false},"author":1,"featured_media":485,"parent":376,"menu_order":0,"comment_status":"closed","ping_status":"closed","template":"page-right-sidebar.php","meta":[],"_links":{"self":[{"href":"https:\/\/webmaibinh.com\/w\/art\/wp-json\/wp\/v2\/pages\/382"}],"collection":[{"href":"https:\/\/webmaibinh.com\/w\/art\/wp-json\/wp\/v2\/pages"}],"about":[{"href":"https:\/\/webmaibinh.com\/w\/art\/wp-json\/wp\/v2\/types\/page"}],"author":[{"embeddable":true,"href":"https:\/\/webmaibinh.com\/w\/art\/wp-json\/wp\/v2\/users\/1"}],"replies":[{"embeddable":true,"href":"https:\/\/webmaibinh.com\/w\/art\/wp-json\/wp\/v2\/comments?post=382"}],"version-history":[{"count":2,"href":"https:\/\/webmaibinh.com\/w\/art\/wp-json\/wp\/v2\/pages\/382\/revisions"}],"predecessor-version":[{"id":486,"href":"https:\/\/webmaibinh.com\/w\/art\/wp-json\/wp\/v2\/pages\/382\/revisions\/486"}],"up":[{"embeddable":true,"href":"https:\/\/webmaibinh.com\/w\/art\/wp-json\/wp\/v2\/pages\/376"}],"wp:featuredmedia":[{"embeddable":true,"href":"https:\/\/webmaibinh.com\/w\/art\/wp-json\/wp\/v2\/media\/485"}],"wp:attachment":[{"href":"https:\/\/webmaibinh.com\/w\/art\/wp-json\/wp\/v2\/media?parent=382"}],"curies":[{"name":"wp","href":"https:\/\/api.w.org\/{rel}","templated":true}]}}