{"id":380,"date":"2017-10-25T22:11:36","date_gmt":"2017-10-25T15:11:36","guid":{"rendered":"https:\/\/bizhostvn.com\/w\/art\/?page_id=380"},"modified":"2017-10-25T22:39:45","modified_gmt":"2017-10-25T15:39:45","slug":"hoc-dan-tranh","status":"publish","type":"page","link":"https:\/\/webmaibinh.com\/w\/art\/khoa-hoc\/nhac-cu-truyen-thong\/hoc-dan-tranh\/","title":{"rendered":"H\u1ecdc \u0111\u00e0n tranh"},"content":{"rendered":"<p><strong>\u0110\u00e0n tranh hi\u1ec7n nay \u0111ang l\u00e0 m\u1ed9t xu h\u01b0\u1edbng m\u1edbi d\u00e0nh cho c\u00e1c b\u1ea1n tr\u1ebb mu\u1ed1n tr\u1ea3i nghi\u1ec7m c\u1ea3m gi\u00e1c c\u1ed5 truy\u1ec1n d\u00e2n t\u1ed9c. \u0110\u00e2y l\u00e0 m\u00f4n nh\u1ea1c c\u1ee5 \u0111\u00f2i h\u1ecfi c\u00f3 s\u1ef1 \u0111am m\u00ea v\u00e0 s\u1ef1 h\u01b0\u1edbng d\u1eabn t\u1ed1t t\u1eeb gi\u00e1o vi\u00ean. N\u1eafm b\u1eaft \u0111\u01b0\u1ee3c nhu c\u1ea7u \u0111\u00f3 Elite Arts Academy th\u01b0\u1eddng xuy\u00ean t\u1ed5 ch\u1ee9c c\u00e1c l\u1edbp h\u1ecdc \u0111\u00e0n tranh cho m\u1ecdi l\u1ee9a tu\u1ed5i.<\/strong><\/p>\n<h3>Gi\u1edbi thi\u1ec7u c\u01a1 b\u1ea3n v\u1ec1 \u0111\u00e0n tranh<\/h3>\n<p>N\u1ebfu b\u1ea1n l\u00e0 m\u1ed9t ng\u01b0\u1eddi c\u00f3 t\u00ecm hi\u1ec3u v\u1ec1 \u00e2m nh\u1ea1c kh\u00f4ng th\u1ec3 n\u00e0o kh\u00f4ng bi\u1ebft \u0111\u00e0n tranh. \u0110\u00e2y l\u00e0 m\u1ed9t lo\u1ea1i nh\u1ea1c c\u1ee5 truy\u1ec1n th\u1ed1ng c\u1ee7a ng\u01b0\u1eddi Vi\u1ec7t Nam v\u00e0 ph\u01b0\u01a1ng \u0110\u00f4ng, c\u00e2y \u0111\u00e0n tranh c\u00f3 16 d\u00e2y n\u00ean c\u00f2n \u0111\u01b0\u1ee3c g\u1ecdi l\u00e0 \u0111\u00e0n th\u1eadp l\u1ee5c.<\/p>\n<p>Ng\u00e0y x\u01b0a kh\u00f4ng c\u00f3 c\u00e1c\u00a0<strong><em>l\u1edbp h\u1ecdc \u0111\u00e0n tranh<\/em><\/strong>\u00a0ng\u01b0\u1eddi ta h\u1ecdc nh\u1edd s\u1ef1 truy\u1ec1n mi\u1ec7ng v\u00e0 s\u00e1ng t\u1ea1o th\u00eam nh\u1eefng k\u1ef9 thu\u1eadt m\u1edbi t\u1eeb \u0111\u00f3 m\u1edbi c\u00f3 \u0111\u01b0\u1ee3c m\u00f4n \u0111\u00e0n tranh nh\u01b0 ng\u00e0y nay. V\u1ec1 h\u00ecnh d\u1ea1ng c\u01a1 b\u1ea3n, \u0111\u00e0n c\u00f3 h\u00ecnh h\u1ed9p, khung th\u00ec h\u00ecnh thang. \u0110\u1ea7u l\u1edbn c\u1ee7a \u0111\u00e0n d\u00e0i kho\u1ea3ng 30cm thanh ch\u1eafn v\u00e0 c\u00e1c l\u1ed7 \u0111\u1ec3 m\u1eafc d\u00e2y \u0111\u00e0n. \u0110\u1ea7u nh\u1ecf kho\u1ea3ng 15cm g\u1eafn 16 kh\u00f3a d\u00e2y ch\u00e9o qua m\u1eb7t \u0111\u00e0n.<\/p>\n<p>\u0110\u00e0n tranh l\u00e0 m\u1ed9t nh\u1ea1c c\u1ee5 h\u1eefu hi\u1ec7u trong h\u00f2a t\u1ea5u, \u0111\u1ed9c t\u1ea5u hay \u0111\u1ec7m h\u00e1t, th\u1eddi phong ki\u1ebfn ch\u00fang l\u00e0 m\u1ed9t ph\u1ea7n kh\u00f4ng th\u1ec3 thi\u1ebfu c\u1ee7a nh\u00e3 nh\u1ea1c cung \u0111\u00ecnh Hu\u1ebf. Ch\u00ednh v\u00ec th\u1ebf nh\u1eefng ngh\u1ec7 nh\u00e2n \u0111\u00e0n tranh l\u00e0 nh\u1eefng b\u1eadc th\u1ea7y \u00e2m nh\u1ea1c.<\/p>\n<h3>L\u1ee3i \u00edch khi \u0111\u1ebfn c\u00e1c l\u1edbp h\u1ecdc \u0111\u00e0n tranh<\/h3>\n<p>H\u1ecdc \u0111\u00e0n tranh \u0111\u00f2i h\u1ecfi ph\u1ea3i c\u00f3 \u0111\u01b0\u1ee3c s\u1ef1 quy\u1ebft t\u00e2m cao \u0111\u1ed9, nh\u01b0ng khi \u0111\u00e3 \u0111\u1ea1t \u0111\u01b0\u1ee3c m\u1ee5c ti\u00eau ch\u00fang ta s\u1ebd c\u1ea3m nh\u1eadn \u0111\u01b0\u1ee3c s\u1ef1 ti\u1ebfn b\u1ed9 trong t\u01b0 duy \u00e2m nh\u1ea1c l\u1eabn s\u1ef1 t\u1eadp trung. H\u1ecdc m\u1ed9t nh\u1ea1c c\u1ee5 th\u00e0nh th\u1ea1o s\u1ebd gi\u00fap kh\u1ea3 n\u0103ng ph\u00e2n t\u00edch x\u1eed l\u00fd c\u1ee7a c\u01a1 th\u1ec3 \u0111\u01b0\u1ee3c t\u1ed1t h\u01a1n, c\u1ea3i thi\u1ec7n tr\u00ed nh\u1edb v\u00e0 kh\u1ea3 n\u0103ng giao ti\u1ebfp.<\/p>\n<p>\u0110\u00e0n tranh c\u00f2n l\u00e0 m\u1ed9t c\u00f4ng c\u1ee5 gi\u1ea3m b\u1edbt m\u1ec7t m\u1ecfi sau nh\u1eefng gi\u1edd h\u1ecdc t\u1eadp, l\u00e0m vi\u1ec7c c\u0103ng th\u1eb3ng. H\u01a1n n\u1eefa vi\u1ec7c ch\u01a1i \u0111\u00e0n tranh c\u0169ng l\u00e0 m\u1ed9t c\u00e1ch g\u00ecn gi\u1eef nh\u1eefng v\u1ebb \u0111\u1eb9p c\u1ed5 truy\u1ec1n c\u1ee7a d\u00e2n t\u1ed9c.<\/p>\n<h3>L\u1edbp h\u1ecdc \u0111\u00e0n tranh c\u1ee7a Artiest Education<\/h3>\n<p>\u0110\u01b0\u1ee3c bi\u1ebft \u0111\u1ebfn l\u00e0 m\u1ed9t trong nh\u1eefng n\u01a1i d\u1ea1y nh\u1ea1c c\u1ee5 c\u00f3 uy t\u00edn h\u00e0ng \u0111\u1ea7u Vi\u1ec7t Nam, Elite Arts Academy lu\u00f4n t\u00edch c\u1ef1c ho\u1ea1t \u0111\u1ed9ng \u0111\u1ec3 kh\u00f4ng ph\u1ee5 s\u1ef1 mong \u0111\u1ee3i c\u1ee7a nh\u1eefng ng\u01b0\u1eddi y\u00eau nh\u1ea1c. Ch\u00fang t\u00f4i th\u01b0\u1eddng xuy\u00ean m\u1edf c\u00e1c\u00a0<strong><em>l\u1edbp h\u1ecdc \u0111\u00e0n tranh<\/em><\/strong>\u00a0cho m\u1ecdi l\u1ee9a tu\u1ed5i. V\u1edbi ch\u01b0\u01a1ng tr\u00ecnh d\u1ea1y v\u00e0 gi\u00e1o \u00e1n thi\u1ebft k\u1ebf \u0111\u1eb7c bi\u1ec7t \u0111\u1ea3m b\u1ea3o s\u1ef1 ti\u1ebfn b\u1ed9 c\u00e1c h\u1ecdc vi\u00ean l\u00e0 nhanh nh\u1ea5t.<\/p>\n<h4>N\u1ed9i dung<\/h4>\n<p>C\u00e1c l\u1edbp \u0111\u00e0n tranh t\u1eadp trung v\u00e0o nh\u1eefng v\u1ea5n \u0111\u1ec1 c\u1ea7n thi\u1ebft \u0111\u1ec1 gi\u00fap h\u1ecdc vi\u00ean ch\u01a1i nh\u1ea1c c\u1ee5 nhanh h\u01a1n, h\u1ecdc vi\u00ean h\u1ecdc t\u1eeb nh\u1ea1c l\u00fd c\u0103n b\u1ea3n \u0111\u1ebfn k\u1ef9 thu\u1eadt tay tr\u00e1i, ph\u1ea3i, t\u01b0 th\u1ebf ng\u1ed3i, k\u1ef9 thu\u1eadt ch\u1ea1y ng\u00f3n, \u0111\u1ebfn vi\u1ec7c ch\u01a1i m\u1ed9t b\u00e0i nh\u1ea1c ho\u00e0n ch\u1ec9nh.<\/p>\n<h4>\u0110\u1ed9i ng\u0169 gi\u00e1o vi\u00ean<\/h4>\n<p>Kh\u00f4ng ph\u1ea3i ng\u1eabu nhi\u00ean m\u00e0 Elite Arts Academy \u0111\u01b0\u1ee3c tin t\u01b0\u1edfng \u0111\u1ebfn v\u1eady, v\u1edbi nh\u1eefng gi\u00e1o vi\u00ean chuy\u00ean nghi\u1ec7p c\u00f3 kinh nghi\u1ec7m v\u00e0 ch\u1ee9ng ch\u1ec9 h\u00e0nh ngh\u1ec1, \u0111\u1ebfn v\u1edbi trung t\u00e2m gi\u00e1o vi\u00ean s\u1ebd v\u1eeba l\u00e0 th\u1ea7y v\u1eeba l\u00e0 b\u1ea1n, qu\u00e1 tr\u00ecnh ti\u1ebfn b\u1ed9 hay t\u1eadp luy\u1ec7n c\u1ee7a h\u1ecdc vi\u00ean \u0111\u01b0\u1ee3c ghi nh\u1eadn t\u1eebng bu\u1ed5i \u0111\u1ec3 \u0111i\u1ec1u ch\u1ec9nh ch\u01b0\u01a1ng tr\u00ecnh ph\u00f9 h\u1ee3p.<\/p>\n<h4>Th\u00f4ng tin kh\u00f3a h\u1ecdc<\/h4>\n<p>C\u0169ng nh\u01b0 nh\u1eefng kh\u00f3a h\u1ecdc kh\u00e1c c\u1ee7a trung t\u00e2m, c\u00e1c\u00a0<strong><em>l\u1edbp h\u1ecdc \u0111\u00e0n tranh<\/em><\/strong>\u00a0cho ph\u00e9p h\u1ecdc vi\u00ean ch\u1ecdn l\u1ecbch ph\u00f9 h\u1ee3p v\u1edbi m\u00ecnh, b\u1eb1ng c\u00e1ch n\u00e0y h\u1ecdc vi\u00ean ch\u1ee7 \u0111\u1ed9ng h\u01a1n trong qu\u00e1 tr\u00ecnh h\u1ecdc v\u00e0 t\u1eadp luy\u1ec7n k\u1ebft qu\u1ea3 t\u1eeb \u0111\u00f3 c\u0169ng \u0111\u01b0\u1ee3c n\u00e2ng cao. M\u1ed7i kh\u00f3a k\u00e9o d\u00e0i kho\u1ea3ng 2 \u2013 4 th\u00e1ng t\u00f9y theo ti\u1ebfn \u0111\u1ed9 c\u1ee7a t\u1eebng ng\u01b0\u1eddi.<\/p>\n<h4>Ph\u00f2ng h\u1ecdc, c\u01a1 s\u1edf v\u1eadt ch\u1ea5t<\/h4>\n<p>C\u00e1c l\u1edbp \u0111\u01b0\u1ee3c s\u1eed d\u1ee5ng nh\u1eefng ph\u00f2ng h\u1ecdc chuy\u00ean d\u1ee5ng h\u1ecdc nh\u1ea1c c\u1ee5, \u0111\u1ea3m b\u1ea3o y\u00ean t\u0129nh tho\u00e1ng m\u00e1t, s\u1ea1ch \u0111\u1eb9p v\u00e0 ph\u00f9 h\u1ee3p v\u1edbi t\u00ednh ch\u1ea5t \u00e2m nh\u1ea1c.<\/p>\n<h4>T\u1ed5ng k\u1ebft cu\u1ed1i kh\u00f3a<\/h4>\n<p>M\u1eb7c d\u00f9 trong xuy\u00ean su\u1ed1t kh\u00f3a h\u1ecdc, h\u1ecdc vi\u00ean th\u01b0\u1eddng xuy\u00ean \u0111\u01b0\u1ee3c ki\u1ec3m tra nh\u01b0ng cu\u1ed1i kh\u00f3a v\u1eabn c\u00f3 m\u1ed9t b\u00e0i thi cu\u1ed1i c\u00f9ng \u0111\u1ec3 gi\u00fap h\u1ecdc vi\u00ean nh\u1eadn ra \u0111\u01b0\u1ee3c qu\u00e1 tr\u00ecnh ti\u1ebfn b\u1ed9 c\u0169ng nh\u01b0 kh\u1ea3 n\u0103ng hi\u1ec7n t\u1ea1i c\u1ee7a m\u00ecnh. C\u00e1c h\u1ecdc vi\u00ean s\u1ebd \u0111\u01b0\u1ee3c trung t\u00e2m c\u1ea5p gi\u1ea5y ch\u1ee9ng nh\u1eadn sau khi ho\u00e0n th\u00e0nh ch\u01b0\u01a1ng tr\u00ecnh c\u1ee7a m\u00ecnh.<\/p>\n<p>M\u1ecdi th\u00f4ng tin v\u1ec1 c\u00e1c\u00a0<strong><em>l\u1edbp h\u1ecdc \u0111\u00e0n tranh<\/em><\/strong>, xin vui l\u00f2ng li\u00ean h\u1ec7:<\/p>\n","protected":false},"excerpt":{"rendered":"<p>\u0110\u00e0n tranh hi\u1ec7n nay \u0111ang l\u00e0 m\u1ed9t xu h\u01b0\u1edbng m\u1edbi d\u00e0nh cho c\u00e1c b\u1ea1n tr\u1ebb mu\u1ed1n tr\u1ea3i nghi\u1ec7m c\u1ea3m gi\u00e1c c\u1ed5 truy\u1ec1n d\u00e2n t\u1ed9c. \u0110\u00e2y l\u00e0 m\u00f4n nh\u1ea1c c\u1ee5 \u0111\u00f2i h\u1ecfi c\u00f3 s\u1ef1 \u0111am m\u00ea v\u00e0 s\u1ef1 h\u01b0\u1edbng d\u1eabn t\u1ed1t t\u1eeb gi\u00e1o vi\u00ean. N\u1eafm b\u1eaft \u0111\u01b0\u1ee3c nhu c\u1ea7u \u0111\u00f3 Elite Arts Academy th\u01b0\u1eddng xuy\u00ean t\u1ed5 [&#8230;]\n","protected":false},"author":1,"featured_media":483,"parent":376,"menu_order":0,"comment_status":"closed","ping_status":"closed","template":"page-right-sidebar.php","meta":[],"_links":{"self":[{"href":"https:\/\/webmaibinh.com\/w\/art\/wp-json\/wp\/v2\/pages\/380"}],"collection":[{"href":"https:\/\/webmaibinh.com\/w\/art\/wp-json\/wp\/v2\/pages"}],"about":[{"href":"https:\/\/webmaibinh.com\/w\/art\/wp-json\/wp\/v2\/types\/page"}],"author":[{"embeddable":true,"href":"https:\/\/webmaibinh.com\/w\/art\/wp-json\/wp\/v2\/users\/1"}],"replies":[{"embeddable":true,"href":"https:\/\/webmaibinh.com\/w\/art\/wp-json\/wp\/v2\/comments?post=380"}],"version-history":[{"count":2,"href":"https:\/\/webmaibinh.com\/w\/art\/wp-json\/wp\/v2\/pages\/380\/revisions"}],"predecessor-version":[{"id":484,"href":"https:\/\/webmaibinh.com\/w\/art\/wp-json\/wp\/v2\/pages\/380\/revisions\/484"}],"up":[{"embeddable":true,"href":"https:\/\/webmaibinh.com\/w\/art\/wp-json\/wp\/v2\/pages\/376"}],"wp:featuredmedia":[{"embeddable":true,"href":"https:\/\/webmaibinh.com\/w\/art\/wp-json\/wp\/v2\/media\/483"}],"wp:attachment":[{"href":"https:\/\/webmaibinh.com\/w\/art\/wp-json\/wp\/v2\/media?parent=380"}],"curies":[{"name":"wp","href":"https:\/\/api.w.org\/{rel}","templated":true}]}}