{"id":374,"date":"2017-10-25T22:11:05","date_gmt":"2017-10-25T15:11:05","guid":{"rendered":"https:\/\/bizhostvn.com\/w\/art\/?page_id=374"},"modified":"2017-10-25T22:32:09","modified_gmt":"2017-10-25T15:32:09","slug":"hoc-dan-guitar","status":"publish","type":"page","link":"https:\/\/webmaibinh.com\/w\/art\/khoa-hoc\/nhac-cu-phuong-tay\/hoc-dan-guitar\/","title":{"rendered":"H\u1ecdc \u0111\u00e0n Guitar"},"content":{"rendered":"<p>\u0110\u00e0n guitar l\u00e0 m\u1ed9t nh\u1ea1c c\u1ee5 ph\u1ed5 bi\u1ebfn \u0111\u1ed1i v\u1edbi h\u1ea7u h\u1ebft m\u1ecdi ng\u01b0\u1eddi. N\u1ebfu b\u1ea1n \u0111\u00e3 t\u1eebng say \u0111\u1eafm nh\u1eefng ng\u00f3n \u0111\u00e0n tuy\u1ec7t v\u1eddi c\u1ee7a c\u00e1c ngh\u1ec7 s\u0129 th\u00ec t\u1ea1i sao kh\u00f4ng t\u1ef1 ch\u00ednh m\u00ecnh t\u1ea1o n\u00ean nh\u1eefng giai \u0111i\u1ec7u \u0111\u00f3. \u0110\u1ec3 t\u1ef1 h\u1ecdc \u0111\u00e0n guitar th\u00ec kh\u00f4ng ph\u1ea3i l\u00e0 \u0111i\u1ec1u m\u00e0 ai c\u0169ng c\u00f3 th\u1ec3 l\u00e0m \u0111\u01b0\u1ee3c, c\u00e1i gi\u00e1 c\u1ee7a th\u00e0nh c\u00f4ng l\u00e0 s\u1ef1 kh\u00f4ng ng\u1eebng c\u1ed1 g\u1eafng v\u00e0 kinh nghi\u1ec7m c\u1ee7a ng\u01b0\u1eddi d\u1ea1y nh\u1ea1c c\u1ee5.<\/p>\n<h3>\u0110\u00e0n Guitar c\u00f3 t\u1eeb bao gi\u1edd<\/h3>\n<p>L\u1ecbch s\u1eed ghi nh\u1eadn nh\u1eefng chi\u1ebfc guitar c\u1ed5 \u0111\u1ea7u ti\u00ean ra \u0111\u1eddi c\u00e1ch \u0111\u00e2y h\u01a1n 5000 n\u0103m, sau n\u00e0y ng\u01b0\u1eddi T\u00e2y Ban Nha c\u1ea3i ti\u1ebfn l\u1ea1i th\u00e0nh nh\u1eefng chi\u1ebfc guitar nh\u01b0 b\u00e2y gi\u1edd, ch\u00ednh v\u00ec th\u1ebf \u0111\u00e0n guitar c\u00f2n c\u00f3 t\u00ean l\u00e0 T\u00e2y Ban c\u1ea7m. Tuy v\u1eady t\u1edbi th\u1ebf k\u1ef7 19 d\u01b0\u1edbi s\u1ef1 t\u00e0i hoa c\u1ee7a ngh\u1ec7 nh\u00e2n\u00a0Antonio de Torres Jurado\u00a0(1817-1892) ch\u00fang m\u1edbi \u0111\u1ea1t \u0111\u01b0\u1ee3c s\u1ef1 ho\u00e0n m\u1ef9 c\u1ee7a m\u00ecnh.<\/p>\n<h3>H\u1ecdc \u0111\u00e0n guitar c\u00f3 kh\u00f3 kh\u00f4ng?<\/h3>\n<p>C\u0169ng nh\u01b0 bao nh\u1ea1c c\u1ee5 kh\u00e1c, guitar kh\u00f4ng ph\u1ea3i l\u00e0 m\u1ed9t m\u00f4n d\u1ec5 d\u00e0ng. \u0110\u1ec3 <strong><em>h\u1ecdc \u0111\u00e0n guitar<\/em><\/strong> t\u1ed1t b\u1ea1n c\u1ea7n ph\u1ea3i c\u00f3 nhi\u1ec1u y\u1ebfu t\u1ed1 nh\u01b0 s\u1ef1 ki\u00ean tr\u00ec v\u00e0 m\u1ed9t ng\u01b0\u1eddi th\u1ea7y gi\u1ecfi. Vi\u1ec7c l\u1ef1a ch\u1ecdn m\u1ed9t m\u00f4i tr\u01b0\u1eddng h\u1ecdc t\u1eadp th\u00edch h\u1ee3p c\u0169ng l\u00e0 y\u1ebfu t\u1ed1 khi\u1ebfn b\u1ea1n ti\u1ebfn xa h\u01a1n trong qu\u00e1 tr\u00ecnh t\u1eadp luy\u1ec7n.<\/p>\n<h3>T\u00e1c d\u1ee5ng c\u1ee7a \u0111\u00e0n guitar trong cu\u1ed9c s\u1ed1ng<\/h3>\n<p>Ch\u01a1i guitar c\u00f3 th\u1ec3 l\u00e0m \u0111\u1ea7u \u00f3c t\u1eadp trung, t\u1ec9nh t\u00e1o, c\u1ea3i thi\u1ec7n tr\u00ed nh\u1edb v\u00e0 t\u01b0 duy s\u00e1ng t\u1ea1o. Theo t\u1ea1p ch\u00ed\u00a0Journal of Neuroscience, th\u00f4ng qua c\u00e1c ho\u1ea1t \u0111\u1ed9ng t\u1eadp trung v\u00e0o nh\u1eefng \u0111\u1ecdc nh\u1eefng k\u00fd \u00e2m c\u00f3 ngh\u0129a c\u1ee7a b\u00e0i nh\u1ea1c, ch\u01a1i nh\u1ea1c c\u1ee5 gi\u00fap c\u1ea3i thi\u1ec7n ch\u1ee9c n\u0103ng h\u1ec7 th\u1ea7n kinh, t\u1eeb \u0111\u00f3 c\u00f3 th\u1ec3 l\u00e0m ph\u00e1t tri\u1ec3n k\u1ef9 n\u0103ng v\u1ec1 ng\u00f4n ng\u1eef v\u00e0 nh\u1eadn th\u1ee9c.<\/p>\n<p>Ngo\u00e0i ra vi\u1ec7c <strong><em>h\u1ecdc \u0111\u00e0n guitar<\/em><\/strong> c\u0169ng c\u00f3 th\u1ec3 gi\u00fap b\u1ea1n th\u01b0 gi\u00e3n sau nh\u1eefng gi\u1edd ph\u00fat c\u0103ng th\u1eb3ng b\u00ean s\u1ef1 nghi\u1ec7p v\u00e0 chuy\u1ec7n h\u1ecdc t\u1eadp.<\/p>\n<h3>H\u1ecdc \u0111\u00e0n guitar t\u1ea1i Artiest<\/h3>\n<h4>\u0110\u1ed1i t\u01b0\u1ee3ng h\u1ecdc<\/h4>\n<p>T\u1ea5t c\u1ea3 nh\u1eefng ai y\u00eau th\u00edch guitar \u0111\u1ec1u c\u00f3 th\u1ec3 ghi danh h\u1ecdc, kh\u00f4ng ph\u00e2n bi\u1ec7t \u0111\u1ed9 tu\u1ed5i, gi\u1edbi t\u00ednh.<\/p>\n<h4>S\u1ef1 t\u1eadn t\u1ee5y t\u1eeb \u0111\u1ed9i ng\u0169 gi\u00e1o vi\u00ean v\u00e0 nh\u00e0 \u0111i\u1ec1u h\u00e0nh<\/h4>\n<p>H\u1ecdc vi\u00ean \u0111\u0103ng k\u00fd <strong><em>h\u1ecdc \u0111\u00e0n guitar<\/em><\/strong> s\u1ebd \u0111\u01b0\u1ee3c c\u00e1c gi\u00e1o vi\u00ean \u0111\u1eb7c bi\u1ec7t c\u00f3 n\u0103ng l\u1ef1c chuy\u00ean m\u00f4n trong l\u0129nh v\u1ef1c tr\u1ef1c ti\u1ebfp gi\u1ea3ng d\u1ea1y v\u00e0 h\u01b0\u1edbng d\u1eabn th\u1ef1c h\u00e0nh chi ti\u1ebft, c\u1ee5 th\u1ec3 l\u00e0 m\u1ed7i gi\u00e1o vi\u00ean s\u1ebd k\u00e8m m\u1ed9t h\u1ecdc vi\u00ean n\u00ean b\u1ea1n kh\u00f4ng c\u1ea7n b\u1eadn t\u00e2m v\u1ec1 qu\u00e1 tr\u00ecnh h\u1ecdc t\u1eadp v\u00e0 t\u1eadp luy\u1ec7n.<\/p>\n<p>H\u1ecdc vi\u00ean s\u1ebd \u0111\u01b0\u1ee3c t\u1ea1o \u0111i\u1ec1u ki\u1ec7n t\u1ed1t nh\u1ea5t v\u1ec1 m\u00f4i tr\u01b0\u1eddng h\u1ecdc t\u1eadp, n\u01a1i h\u1ecdc s\u1ea1ch s\u1ebd, khang trang, y\u00ean t\u0129nh gi\u00fap c\u00f3 th\u1ec3 t\u1eadp trung h\u01a1n trong vi\u1ec7c th\u1ef1c h\u00e0nh. Nh\u1eefng h\u1ecdc vi\u00ean c\u00f3 th\u1ec3 s\u1eed d\u1ee5ng guitar ri\u00eang c\u1ee7a m\u00ecnh ho\u1eb7c m\u01b0\u1ee3n t\u1ea1i trung t\u00e2m \u0111\u1ec1u \u0111\u01b0\u1ee3c.<\/p>\n<h4>Th\u1eddi gian h\u1ecdc<\/h4>\n<p>\u0110\u1ec3 cho hi\u1ec7u qu\u1ea3 h\u1ecdc \u0111\u01b0\u1ee3c cao nh\u1ea5t, h\u1ecdc vi\u00ean c\u00f3 th\u1ec3 s\u1eafp x\u1ebfp l\u1ecbch h\u1ecdc c\u1ee7a m\u00ecnh, nh\u01b0ng t\u1ed1t nh\u1ea5t n\u00ean t\u1eeb 3 bu\u1ed5i \u0111\u1ebfn 6 bu\u1ed5i\/ tu\u1ea7n. M\u1ed7i bu\u1ed5i kho\u1ea3ng 1 gi\u1edd; sau 12 tu\u1ea7n h\u1ecdc s\u1ebd k\u1ebft th\u00fac m\u1ed9t kh\u00f3a h\u1ecdc.<\/p>\n<h4>H\u1ecdc \u0111\u01b0\u1ee3c g\u00ec t\u1eeb nh\u1eefng bu\u1ed5i t\u1eadp?<\/h4>\n<p>\u0110\u1ebfn v\u1edbi Elite Arts Academy h\u1ecdc vi\u00ean s\u1ebd \u0111\u01b0\u1ee3c ti\u1ebfp thu nh\u1eefng ch\u01b0\u01a1ng tr\u00ecnh h\u1ecdc ti\u00eau chu\u1ea9n \u0111\u1ebfn ti\u00ean ti\u1ebfn t\u00f9y theo t\u1eebng nhu c\u1ea7u. V\u1edbi ti\u00eau ch\u00ed l\u1ea5y ch\u1ea5t l\u01b0\u1ee3ng l\u00e0m h\u00e0ng \u0111\u1ea7u, h\u1ecdc vi\u00ean t\u1eeb ch\u01b0a t\u1eebng c\u1ea7m \u0111\u00e0n, ch\u01b0a bi\u1ebft nh\u1ea1c l\u00fd s\u1ebd \u0111\u01b0\u1ee3c t\u1eadn t\u00ecnh h\u1ed7 tr\u1ee3 \u0111\u1ec3 ho\u00e0n thi\u1ec7n k\u1ef9 n\u0103ng sau t\u1eebng bu\u1ed5i h\u1ecdc.<\/p>\n<p>Ch\u01b0\u01a1ng tr\u00ecnh h\u1ecdc c\u0169ng \u0111\u01b0\u1ee3c ph\u00e2n theo \u0111\u1ed9 tu\u1ed5i, \u0111\u1ec3 \u0111\u1ea3m b\u1ea3o h\u1ecdc vi\u00ean \u0111\u1ea1t \u0111\u01b0\u1ee3c s\u1ef1 ti\u1ebfn b\u1ed9 nhanh nh\u1ea5t. H\u01a1n n\u1eefa, m\u1ed7i kh\u00f3a h\u1ecdc k\u1ebft th\u00fac h\u1ecdc vi\u00ean s\u1ebd \u0111\u01b0\u1ee3c th\u1eed s\u1ee9c m\u00ecnh v\u1edbi c\u00e1c b\u00e0i ki\u1ec3m tra v\u00e0 \u0111\u01b0\u1ee3c c\u1ea5p ch\u1ee9ng nh\u1eadn nh\u01b0 m\u1ed9t b\u1eb1ng ch\u1ee9ng cho s\u1ef1 ki\u00ean tr\u00ec trong su\u1ed1t kh\u00f3a <strong><em>h\u1ecdc \u0111\u00e0n guitar.<\/em><\/strong><\/p>\n","protected":false},"excerpt":{"rendered":"<p>\u0110\u00e0n guitar l\u00e0 m\u1ed9t nh\u1ea1c c\u1ee5 ph\u1ed5 bi\u1ebfn \u0111\u1ed1i v\u1edbi h\u1ea7u h\u1ebft m\u1ecdi ng\u01b0\u1eddi. N\u1ebfu b\u1ea1n \u0111\u00e3 t\u1eebng say \u0111\u1eafm nh\u1eefng ng\u00f3n \u0111\u00e0n tuy\u1ec7t v\u1eddi c\u1ee7a c\u00e1c ngh\u1ec7 s\u0129 th\u00ec t\u1ea1i sao kh\u00f4ng t\u1ef1 ch\u00ednh m\u00ecnh t\u1ea1o n\u00ean nh\u1eefng giai \u0111i\u1ec7u \u0111\u00f3. \u0110\u1ec3 t\u1ef1 h\u1ecdc \u0111\u00e0n guitar th\u00ec kh\u00f4ng ph\u1ea3i l\u00e0 \u0111i\u1ec1u m\u00e0 ai c\u0169ng [&#8230;]\n","protected":false},"author":1,"featured_media":465,"parent":362,"menu_order":0,"comment_status":"closed","ping_status":"closed","template":"page-right-sidebar.php","meta":[],"_links":{"self":[{"href":"https:\/\/webmaibinh.com\/w\/art\/wp-json\/wp\/v2\/pages\/374"}],"collection":[{"href":"https:\/\/webmaibinh.com\/w\/art\/wp-json\/wp\/v2\/pages"}],"about":[{"href":"https:\/\/webmaibinh.com\/w\/art\/wp-json\/wp\/v2\/types\/page"}],"author":[{"embeddable":true,"href":"https:\/\/webmaibinh.com\/w\/art\/wp-json\/wp\/v2\/users\/1"}],"replies":[{"embeddable":true,"href":"https:\/\/webmaibinh.com\/w\/art\/wp-json\/wp\/v2\/comments?post=374"}],"version-history":[{"count":2,"href":"https:\/\/webmaibinh.com\/w\/art\/wp-json\/wp\/v2\/pages\/374\/revisions"}],"predecessor-version":[{"id":466,"href":"https:\/\/webmaibinh.com\/w\/art\/wp-json\/wp\/v2\/pages\/374\/revisions\/466"}],"up":[{"embeddable":true,"href":"https:\/\/webmaibinh.com\/w\/art\/wp-json\/wp\/v2\/pages\/362"}],"wp:featuredmedia":[{"embeddable":true,"href":"https:\/\/webmaibinh.com\/w\/art\/wp-json\/wp\/v2\/media\/465"}],"wp:attachment":[{"href":"https:\/\/webmaibinh.com\/w\/art\/wp-json\/wp\/v2\/media?parent=374"}],"curies":[{"name":"wp","href":"https:\/\/api.w.org\/{rel}","templated":true}]}}