{"id":370,"date":"2017-10-25T22:10:43","date_gmt":"2017-10-25T15:10:43","guid":{"rendered":"https:\/\/bizhostvn.com\/w\/art\/?page_id=370"},"modified":"2017-10-25T22:34:25","modified_gmt":"2017-10-25T15:34:25","slug":"hoc-dan-ukulele","status":"publish","type":"page","link":"https:\/\/webmaibinh.com\/w\/art\/khoa-hoc\/nhac-cu-phuong-tay\/hoc-dan-ukulele\/","title":{"rendered":"H\u1ecdc \u0111\u00e0n Ukulele"},"content":{"rendered":"<p>Chi\u1ebfc \u0111\u00e0n ukulele nh\u1ecf nh\u1ecf xinh xinh d\u1ea7n chi\u1ebfm c\u1ea3m t\u00ecnh ng\u01b0\u1eddi y\u00eau \u00e2m nh\u1ea1c do t\u00ednh g\u1ecdn nh\u1eb9, \u0111\u01a1n gi\u1ea3n. Tuy v\u1eady mu\u1ed1n s\u1eed d\u1ee5ng ch\u00fang m\u1ed9t c\u00e1ch th\u00e0nh th\u1ea1o ch\u00fang kh\u00f4ng ph\u1ea3i l\u00e0 chuy\u1ec7n m\u1ed9t ng\u00e0y m\u1ed9t b\u1eefa. Bi\u1ebft \u0111\u01b0\u1ee3c th\u1ecb hi\u1ebfu hi\u1ec7n t\u1ea1i Elite Arts Academy c\u00f3 m\u1edf nh\u1eefng l\u1edbp Ukulele t\u1eeb c\u01a1 b\u1ea3n \u0111\u1ebfn n\u00e2ng cao v\u1edbi ch\u1ea5t l\u01b0\u1ee3ng t\u1ed1t nh\u1ea5t.<\/p>\n<h3>Xu\u1ea5t hi\u1ec7n m\u1ed9t nh\u1ea1c c\u1ee5 m\u1edbi mang t\u00ean Ukulele:<\/h3>\n<p>Nh\u1eefng chi\u1ebfc <strong><em>\u0111\u00e0n ukulele<\/em><\/strong> \u0111\u1ea7u ti\u00ean ra \u0111\u1eddi nh\u01b0 m\u1ed9t phi\u00ean b\u1ea3n thu nh\u1ecf c\u1ee7a guitar. Ukulele l\u00e0 t\u00ean ti\u1ebfng Hawaii c\u1ee7a m\u1ed9t nh\u1ea1c c\u1ee5 nh\u1ecf \u1edf B\u1ed3 \u0110\u00e0o Nha. Nh\u1eefng ng\u01b0\u1eddi B\u1ed3 \u0110\u00e0o Nha mang nh\u1ea1c c\u1ee5 \u0111\u00f3 du nh\u1eadp v\u00e0o Hawaii khi \u0111\u1ebfn l\u00e0m vi\u1ec7c v\u00e0o nh\u1eefng n\u0103m 1800. T\u1eeb \u0111\u00f3 v\u1ec1 sau chi\u1ebfc <strong><em>\u0111\u00e0n ukulele<\/em><\/strong> \u0111\u01b0\u1ee3c c\u1ea3i ti\u1ebfn tr\u1edf th\u00e0nh chi\u1ebfc \u0111\u00e0n nh\u01b0 b\u00e2y gi\u1edd.<\/p>\n<p>\u0110\u1ebfn th\u1ebf k\u1ef7 20 khi ch\u00fang \u0111\u01b0\u1ee3c ph\u1ed5 bi\u1ebfn t\u1ea1i M\u1ef9 th\u00ec k\u00e9o theo s\u1ef1 ph\u00e1t tri\u1ec3n ng\u00e0nh c\u00f4ng nghi\u1ec7p s\u1ea3n xu\u1ea5t nh\u1ea1c c\u1ee5 n\u00e0y do t\u00ednh ti\u1ec7n l\u1ee3i v\u00e0 d\u1ec5 s\u1eed d\u1ee5ng.<\/p>\n<h3>\u0110\u1eb7c \u0111i\u1ec3m c\u1ee7a \u0111\u00e0n ukulele<\/h3>\n<p>Ukulele l\u00e0 s\u1ef1 l\u1ef1a ch\u1ecdn h\u00e0ng \u0111\u1ea7u c\u1ee7a c\u00e1c c\u00f4 g\u00e1i v\u00e0 tr\u1ebb em do s\u1ef1 nh\u1ecf g\u1ecdn, d\u1ec5 th\u01b0\u01a1ng v\u00e0 \u0111\u01a1n gi\u1ea3n. Chi\u1ebfc ukulele nh\u00ecn tr\u00f4ng kh\u00e1 gi\u1ed1ng v\u1edbi guitar nh\u01b0ng ch\u00fang ch\u1ec9 c\u00f3 4 d\u00e2y, th\u00f4ng th\u01b0\u1eddng ch\u1ec9 c\u00f3 4 lo\u1ea1i ukulele cho 4 gi\u1ecdng ca kh\u00e1c nhau. D\u00e2y ukulele ch\u1ec9 s\u1eed d\u1ee5ng d\u00e2y nilon nh\u01b0ng ch\u00fang s\u1ebd m\u1ec1m h\u01a1n d\u00e2y c\u1ee7a nh\u1eefng chi\u1ebfc classical guitar.<\/p>\n<h3>Th\u01b0 gi\u00e3n b\u1eb1ng ukulele<\/h3>\n<p>\u00c2m thanh vui tai, s\u1ef1 d\u1ec5 d\u00e0ng trong strumming (qu\u1ea1t ch\u1ea3) c\u1ee7a ukulele s\u1ebd khi\u1ebfn \u0111\u1ea7u \u00f3c ng\u01b0\u1eddi ch\u01a1i \u0111\u01b0\u1ee3c th\u01b0 gi\u00e3n sau nh\u1eefng gi\u1edd ph\u00fat c\u0103ng th\u1eb3ng. C\u00f2n g\u00ec th\u00fa v\u1ecb h\u01a1n t\u1ef1 th\u01b0\u1edfng cho m\u00ecnh m\u1ed9t b\u1ea3n nh\u1ea1c hay l\u00e0 t\u1ef1 tay m\u00ecnh \u0111\u00e0n cho nh\u1eefng ng\u01b0\u1eddi th\u00e2n y\u00eau nghe.<\/p>\n<h3>C\u00e1c kh\u00f3a h\u1ecdc ukulele \u1edf Artiest Education<\/h3>\n<h4>H\u1ecdc \u0111\u01b0\u1ee3c g\u00ec \u1edf h\u1ecdc vi\u1ec7n?<\/h4>\n<p>Khi h\u1ecdc vi\u00ean \u0111\u0103ng k\u00fd h\u1ecdc <strong><em>\u0111\u00e0n ukulele<\/em><\/strong> t\u1ea1i Elite Arts Academy, h\u1ecdc vi\u00ean s\u1ebd \u0111\u01b0\u1ee3c \u0111\u00e0o t\u1ea1o theo ch\u01b0\u01a1ng tr\u00ecnh chu\u1ea9n v\u1edbi gi\u00e1o \u00e1n c\u1ee5 th\u1ec3. T\u00f9y theo \u0111\u1ed1i t\u01b0\u1ee3ng v\u00e0 y\u00eau c\u1ea7u c\u1ee7a h\u1ecdc vi\u00ean m\u00e0 ch\u00fang t\u00f4i s\u1ebd d\u1ea1y theo ch\u01b0\u01a1ng tr\u00ecnh c\u0103n b\u1ea3n ho\u1eb7c n\u00e2ng cao. Khi k\u1ebft th\u00fac kh\u00f3a h\u1ecdc, \u0111\u1ea3m b\u1ea3o h\u1ecdc vi\u00ean s\u1ebd ch\u01a1i \u0111\u00e0n \u0111\u01b0\u1ee3c \u0111\u00fang theo y\u00eau c\u1ea7u c\u1ee7a ch\u01b0\u01a1ng tr\u00ecnh \u0111\u00e3 h\u01b0\u1edbng \u0111\u1ebfn.<\/p>\n<h4>Th\u1eddi gian h\u1ecdc h\u1ee3p l\u00fd<\/h4>\n<p>H\u1ecdc vi\u00ean \u0111\u01b0\u1ee3c quy\u1ec1n ch\u1ecdn l\u1ef1a ng\u00e0y h\u1ecdc theo t\u00ednh ch\u1ea5t c\u00f4ng vi\u1ec7c c\u1ee7a m\u00ecnh. L\u1eddi khuy\u00ean t\u1eeb trung t\u00e2m l\u00e0 n\u00ean h\u1ecdc t\u1eeb \u00edt nh\u1ea5t 3 bu\u1ed5i\/ tu\u1ea7n, m\u1ed7i bu\u1ed5i h\u1ecdc s\u1ebd k\u00e9o d\u00e0i 1 gi\u1edd. C\u00e1c h\u1ecdc vi\u00ean sau khi k\u1ebft th\u00fac kh\u00f3a h\u1ecdc c\u00f3 th\u1ec3 h\u1ecdc th\u00eam nh\u1eefng kh\u00f3a n\u00e2ng cao k\u1ebf ti\u1ebfp \u0111\u1ec3 \u0111\u1ea1t \u0111\u01b0\u1ee3c chuy\u00ean m\u00f4n cao h\u01a1n.<\/p>\n<h4>Ph\u01b0\u01a1ng ti\u1ec7n d\u1ea1y v\u00e0 h\u1ecdc \u0111\u00e0n ukulele<\/h4>\n<p>\u0110\u1ebfn h\u1ecdc <strong><em>\u0111\u00e0n ukulele<\/em><\/strong> t\u1ea1i Elite Arts Academy, c\u00e1c h\u1ecdc vi\u00ean n\u00ean t\u1ef1 trang b\u1ecb \u0111\u00e0n ri\u00eang cho m\u00ecnh ho\u1eb7c n\u1ebfu kh\u00f4ng c\u00f3 \u0111i\u1ec1u ki\u1ec7n c\u00f3 th\u1ec3 s\u1eed d\u1ee5ng \u0111\u00e0n c\u1ee7a trung t\u00e2m. T\u1ea1i \u0111\u00e2y c\u00e1c ph\u00f2ng h\u1ecdc \u0111\u01b0\u1ee3c b\u1ed1 tr\u00ed y\u00ean t\u0129nh, s\u1ea1ch \u0111\u1eb9p l\u00e0m t\u0103ng h\u1ee9ng th\u00fa \u00e2m nh\u1ea1c v\u00e0 gi\u00fap h\u1ecdc vi\u00ean t\u1eadp trung h\u01a1n cho nh\u1eefng giai \u0111i\u1ec7u.<\/p>\n<h4>Gi\u00e1o vi\u00ean c\u00f3 chuy\u00ean m\u00f4n cao<\/h4>\n<p>\u0110\u1ed9i ng\u0169 gi\u1ea3ng d\u1ea1y t\u1ea1i \u0111\u00e2y \u0111\u01b0\u1ee3c ch\u1ecdn l\u1ecdc r\u1ea5t kh\u1eaft khe t\u1eeb nh\u1eefng c\u00e1 nh\u00e2n gi\u1ecfi, c\u00f3 kinh nghi\u1ec7m trong vi\u1ec7c d\u1ea1y nh\u1ea1c c\u1ee5. C\u00e1c c\u00e1n b\u1ed9 gi\u1ea3ng d\u1ea1y c\u00f3 b\u1eb1ng c\u1ea5p ch\u1ee9ng ch\u1ec9 chuy\u00ean m\u00f4n \u0111\u1ea7y \u0111\u1ee7, \u0111\u1ea3m b\u1ea3o s\u1ebd \u0111\u00e0o t\u1ea1o nh\u1eefng l\u1ee9a h\u1ecdc vi\u00ean \u01b0u t\u00fa.<\/p>\n<h4>K\u1ebft th\u00fac kh\u00f3a h\u1ecdc \u0111\u00e0n ukulele<\/h4>\n<p>Sau khi k\u1ebft th\u00fac kh\u00f3a h\u1ecdc, h\u1ecdc vi\u00ean \u0111\u01b0\u1ee3c ti\u1ebfn h\u00e0nh l\u00e0m c\u00e1c b\u00e0i test \u0111\u1ec3 \u0111\u00e1nh gi\u00e1 kh\u1ea3 n\u0103ng ti\u1ebfp thu, \u0111\u1ed3ng th\u1eddi khen th\u01b0\u1edfng x\u1ee9ng \u0111\u00e1ng nh\u1eefng h\u1ecdc vi\u00ean c\u00f3 th\u00e0nh t\u00edch cao, t\u1ea5t c\u1ea3 h\u1ecdc vi\u00ean k\u1ebft th\u00fac \u0111\u1ec1u \u0111\u01b0\u1ee3c c\u1ea5p ch\u1ee9ng nh\u1eadn. M\u1ed7i kh\u00f3a h\u1ecdc s\u1ebd k\u00e9o d\u00e0i kho\u1ea3ng 3 th\u00e1ng, sau \u0111\u00f3 h\u1ecdc vi\u00ean c\u00f3 quy\u1ec1n \u0111\u0103ng k\u00fd h\u1ecdc ti\u1ebfp \u0111\u1ec3 h\u1ecdc n\u00e2ng cao th\u00eam.<\/p>\n","protected":false},"excerpt":{"rendered":"<p>Chi\u1ebfc \u0111\u00e0n ukulele nh\u1ecf nh\u1ecf xinh xinh d\u1ea7n chi\u1ebfm c\u1ea3m t\u00ecnh ng\u01b0\u1eddi y\u00eau \u00e2m nh\u1ea1c do t\u00ednh g\u1ecdn nh\u1eb9, \u0111\u01a1n gi\u1ea3n. Tuy v\u1eady mu\u1ed1n s\u1eed d\u1ee5ng ch\u00fang m\u1ed9t c\u00e1ch th\u00e0nh th\u1ea1o ch\u00fang kh\u00f4ng ph\u1ea3i l\u00e0 chuy\u1ec7n m\u1ed9t ng\u00e0y m\u1ed9t b\u1eefa. Bi\u1ebft \u0111\u01b0\u1ee3c th\u1ecb hi\u1ebfu hi\u1ec7n t\u1ea1i Elite Arts Academy c\u00f3 m\u1edf nh\u1eefng l\u1edbp Ukulele t\u1eeb [&#8230;]\n","protected":false},"author":1,"featured_media":470,"parent":362,"menu_order":0,"comment_status":"closed","ping_status":"closed","template":"page-right-sidebar.php","meta":[],"_links":{"self":[{"href":"https:\/\/webmaibinh.com\/w\/art\/wp-json\/wp\/v2\/pages\/370"}],"collection":[{"href":"https:\/\/webmaibinh.com\/w\/art\/wp-json\/wp\/v2\/pages"}],"about":[{"href":"https:\/\/webmaibinh.com\/w\/art\/wp-json\/wp\/v2\/types\/page"}],"author":[{"embeddable":true,"href":"https:\/\/webmaibinh.com\/w\/art\/wp-json\/wp\/v2\/users\/1"}],"replies":[{"embeddable":true,"href":"https:\/\/webmaibinh.com\/w\/art\/wp-json\/wp\/v2\/comments?post=370"}],"version-history":[{"count":2,"href":"https:\/\/webmaibinh.com\/w\/art\/wp-json\/wp\/v2\/pages\/370\/revisions"}],"predecessor-version":[{"id":471,"href":"https:\/\/webmaibinh.com\/w\/art\/wp-json\/wp\/v2\/pages\/370\/revisions\/471"}],"up":[{"embeddable":true,"href":"https:\/\/webmaibinh.com\/w\/art\/wp-json\/wp\/v2\/pages\/362"}],"wp:featuredmedia":[{"embeddable":true,"href":"https:\/\/webmaibinh.com\/w\/art\/wp-json\/wp\/v2\/media\/470"}],"wp:attachment":[{"href":"https:\/\/webmaibinh.com\/w\/art\/wp-json\/wp\/v2\/media?parent=370"}],"curies":[{"name":"wp","href":"https:\/\/api.w.org\/{rel}","templated":true}]}}