{"id":368,"date":"2017-10-25T22:10:03","date_gmt":"2017-10-25T15:10:03","guid":{"rendered":"https:\/\/bizhostvn.com\/w\/art\/?page_id=368"},"modified":"2017-10-25T22:36:07","modified_gmt":"2017-10-25T15:36:07","slug":"hoc-trong-cajon","status":"publish","type":"page","link":"https:\/\/webmaibinh.com\/w\/art\/khoa-hoc\/nhac-cu-phuong-tay\/hoc-trong-cajon\/","title":{"rendered":"H\u1ecdc tr\u1ed1ng Cajon"},"content":{"rendered":"<p><strong>B\u1ea1n t\u1eebng b\u0103n kho\u0103n r\u1eb1ng li\u1ec7u m\u00ecnh c\u00f3 th\u1ec3 ch\u01a1i \u0111\u01b0\u1ee3c nh\u1ea1c c\u1ee5 n\u00e0o kh\u00f4ng? Kajon (hay cajon) l\u00e0 s\u1ef1 tr\u1ea3 l\u1eddi cho b\u1ea1n v\u00ec \u0111\u01a1n gi\u1ea3n ch\u00fang l\u00e0 th\u1ee9 nh\u1ea1c c\u1ee5 kh\u00f4ng c\u1ea7n b\u1ea1n ph\u1ea3i c\u1ef1c k\u1ef3 v\u1eefng nh\u1eefng ki\u1ebfn th\u1ee9c nh\u1ea1c l\u00fd cao si\u00eau. H\u00e3y b\u1ecf \u00edt th\u1eddi gian ra v\u00e0 \u0111\u0103ng k\u00fd h\u1ecdc \u0111\u00e1nh tr\u1ed1ng kajon \u0111\u1ec3 th\u1ea5y s\u1ef1 ki\u00ean tr\u00ec c\u1ee7a m\u00ecnh \u0111\u01b0\u1ee3c \u0111\u1ec1n \u0111\u00e1p.<\/strong><\/p>\n<h3>Tr\u1ed1ng Kajon c\u00f3 ngu\u1ed3n g\u1ed1c th\u00fa v\u1ecb<\/h3>\n<p>N\u00f3i t\u1edbi Kajon hay th\u01b0\u1eddng g\u1ecdi l\u00e0 Cajon l\u00e0 t\u00ean g\u1ecdi c\u1ee7a nh\u1ea1c c\u1ee5 d\u1ea1ng tr\u1ed1ng, b\u1ed9 g\u00f5. Ng\u01b0\u1eddi ta cho r\u1eb1ng nh\u1eefng chi\u1ebfc kajon do nh\u1eefng ng\u01b0\u1eddi n\u00f4 l\u1ec7 ch\u00e2u Phi \u0111em \u0111\u1ebfn Pe-ru khi h\u1ecd b\u1ecb \u0111\u00e0y qua \u0111\u00f3. Nh\u01b0ng chung quy ng\u01b0\u1eddi ta k\u1ebft lu\u1eadn nh\u1eefng chi\u1ebfc kajon xu\u1ea5t x\u1ee9 t\u1eeb Pe-ru. S\u1ef1 ph\u00e1t tri\u1ec3n c\u1ee7a \u00e2m nh\u1ea1c v\u00e0 t\u00e1c \u0111\u1ed9ng c\u1ee7a n\u1ec1n v\u0103n h\u00f3a T\u00e2y Ban Nha l\u00e0m xu\u1ea5t hi\u1ec7n nh\u1eefng chi\u1ebfc flamenco kajon.<\/p>\n<p>Ng\u00e0y nay, kajon l\u00e0 m\u1ed9t ph\u1ea7n kh\u00f4ng th\u1ec3 thi\u1ebfu cho c\u00e1c ban nh\u1ea1c auscostic, s\u1ef1 \u0111a d\u1ea1ng trong \u00e2m s\u1eafc v\u00e0 tay ngh\u1ec1 c\u1ee7a ng\u01b0\u1eddi ch\u01a1i kajon s\u1ebd \u1ea3nh h\u01b0\u1edfng kh\u00e1 nhi\u1ec1u cho c\u1ea3 b\u1ea3n nh\u1ea1c, c\u00f3 th\u1ec3 n\u00f3i kajon l\u00e0 nh\u1ea1c c\u1ee5 gi\u1eef nh\u1ecbp c\u1ef1c k\u1ef3 ho\u00e0n thi\u1ec7n, t\u1eeb \u0111\u00f3 nh\u1eefng ng\u01b0\u1eddi ch\u01a1i kajon t\u1ed1t s\u1ebd c\u00f3 th\u1ec3 thay th\u1ebf c\u1ea3 m\u1ed9t d\u00e0n tr\u1ed1ng.<\/p>\n<h3>S\u1eed d\u1ee5ng tr\u1ed1ng kajon c\u0169ng l\u1eafm c\u00f4ng phu<\/h3>\n<p>Ch\u1ec9 c\u1ea7n nh\u1eefng rung \u0111\u1ed9ng nh\u1ecf c\u1ee7a ng\u00f3n tay c\u0169ng \u0111\u00e3 t\u1ea1o ra \u00e2m thanh kh\u00e1c nhau. B\u1eb1ng c\u00e1ch ph\u1ed1i h\u1ee3p nh\u1ecbp nh\u00e0ng gi\u1eefa l\u1ef1c c\u1ed5 tay, b\u1ed9 ph\u1eadn \u0111\u00e1nh tr\u1ed1ng v\u00e0 t\u1ed1c \u0111\u1ed9 c\u0169ng \u0111\u00e3 thay \u0111\u1ed5i c\u1ea3 m\u1ed9t b\u1ea3n nh\u1ea1c. B\u1ea3n nh\u1ea1c s\u1ebd \u0111\u1ec3 l\u1ea1i d\u01b0 \u00e2m t\u1ed1t khi ng\u01b0\u1eddi \u0111\u00e1nh kajon t\u1ed1t v\u00e0 t\u1ea5t nhi\u00ean c\u00f3 \u0111i\u1ec1u ng\u01b0\u1ee3c l\u1ea1i. Ch\u00ednh v\u00ec v\u1eady nh\u00ecn th\u00ec \u0111\u01a1n gi\u1ea3n nh\u01b0ng s\u1ebd kh\u00f4ng \u0111\u00e1nh \u0111\u01b0\u1ee3c n\u1ebfu nh\u01b0 kh\u00f4ng <strong><em>h\u1ecdc \u0111\u00e1nh tr\u1ed1ng kajon<\/em><\/strong> b\u00e0i b\u1ea3n.<\/p>\n<h3>Artiest Education \u2013 \u0110\u1ecba ch\u1ec9 d\u1ea1y h\u1ecdc \u0111\u00e1nh tr\u1ed1ng kajon ch\u1ea5t l\u01b0\u1ee3ng<\/h3>\n<p>N\u1ebfu nh\u01b0 b\u1ea1n c\u00f3 s\u1ef1 ham h\u1ecdc h\u1ecfi c\u00e1ch s\u1eed d\u1ee5ng nh\u1ea1c c\u1ee5 n\u00e0y th\u00ec Elite Arts Academy l\u00e0 l\u1ef1a ch\u1ecdn s\u00e1ng su\u1ed1t. V\u1edbi nhi\u1ec1u kinh nghi\u1ec7m trong vi\u1ec7c \u0111\u00e0o t\u1ea1o c\u00e1c nh\u1ea1c c\u00f4ng t\u01b0\u01a1ng lai trung t\u00e2m \u0111\u00e3 ch\u1ecdn l\u1ef1a nhi\u1ec1u gi\u00e1o vi\u00ean \u01b0u t\u00fa trong t\u1eebng m\u00f4n \u0111\u1ec3 \u0111\u00e1p \u1ee9ng v\u1edbi s\u1ef1 tin t\u01b0\u1edfng c\u1ee7a h\u1ecdc vi\u00ean.<\/p>\n<p>Ch\u01b0\u01a1ng tr\u00ecnh h\u1ecdc \u0111\u01b0\u1ee3c thi\u1ebft k\u1ebf theo t\u1eebng h\u1ecdc vi\u00ean \u0111\u1ec3 \u0111\u1ea3m b\u1ea3o s\u1ef1 ti\u1ebfp thu \u0111\u01b0\u1ee3c hi\u1ec7u qu\u1ea3. K\u1ebft th\u00fac c\u00e1c kh\u00f3a h\u1ecdc \u0111\u00e1nh \u0111\u00e0n kajon b\u1ea1n s\u1ebd c\u00f3 th\u1ec3 ch\u01a1i h\u1ebft c\u00e1c \u0111i\u1ec7u nh\u1ea1c m\u00e0 m\u00ecnh th\u00edch th\u1eadm ch\u00ed l\u00e0 bi\u1ec3u di\u1ec5n.<\/p>\n<h4>Th\u1eddi gian h\u1ecdc t\u1eadp t\u1ea1i trung t\u00e2m<\/h4>\n<p>M\u1ed9t l\u1ecbch <strong><em>h\u1ecdc \u0111\u00e1nh tr\u1ed1ng kajon<\/em><\/strong> ti\u00eau chu\u1ea9n \u0111\u01b0\u1ee3c \u0111\u1ec1 ra cho h\u1ecdc vi\u00ean l\u00e0 3 -6 bu\u1ed5i. Tuy v\u1eady th\u1ee9 t\u1ef1 c\u00e1c bu\u1ed5i h\u1ecdc c\u00f3 th\u1ec3 thay \u0111\u1ed5i t\u00f9y theo h\u1ecdc vi\u00ean. Ch\u00fang t\u00f4i lu\u00f4n \u0111\u1eb7t ra ti\u00eau ch\u00ed l\u1ea5y ng\u01b0\u1eddi h\u1ecdc l\u00e0m trung t\u00e2m n\u00ean kh\u00f3a h\u1ecdc s\u1ebd c\u00f3 th\u1ec3 d\u00e0i th\u00eam 2-4 th\u00e1ng t\u00f9y theo s\u1ef1 t\u1eebng s\u1ef1 ti\u1ebfp thu kh\u00e1c nhau.<\/p>\n<p>M\u1ed7i bu\u1ed5i h\u1ecdc k\u00e9o d\u00e0i th\u01b0\u1eddng l\u00e0 60 ph\u00fat c\u0169ng c\u00f3 th\u1ec3 th\u1ea5p h\u01a1n n\u1ebfu h\u1ecdc vi\u00ean c\u00f3 vi\u1ec7c b\u1eadn. M\u1ed7i kh\u00f3a th\u01b0\u1eddng c\u00f3 t\u1ed1i thi\u1ec3u 12 bu\u1ed5i h\u1ecdc.<\/p>\n<h4>\u0110\u1ed9i ng\u0169 gi\u00e1o vi\u00ean y\u00eau ngh\u1ec1<\/h4>\n<p>Khi \u0111\u1ebfn <strong><em>h\u1ecdc \u0111\u00e1nh tr\u1ed1ng kajon<\/em><\/strong> t\u1ea1i trung t\u00e2m h\u1ecdc vi\u00ean s\u1ebd \u0111\u01b0\u1ee3c c\u00e1c gi\u00e1o vi\u00ean c\u00f3 n\u0103ng l\u1ef1c, c\u00f3 \u0111\u1ea7y \u0111\u1ee7 ch\u1ee9ng ch\u1ec9 c\u1ea7n thi\u1ebft. Khi v\u00e0o h\u1ecdc, t\u1eebng h\u1ecdc vi\u00ean s\u1ebd \u0111\u01b0\u1ee3c gi\u00e1o vi\u00ean c\u1ee7a m\u00ecnh thi\u1ebft k\u1ebf m\u1ed9t b\u00e0i gi\u1ea3ng ri\u00eang ph\u00f9 h\u1ee3p v\u1edbi tr\u00ecnh \u0111\u1ed9 hi\u1ec7n t\u1ea1i v\u00e0 \u0111\u1ed9 c\u1ea3m th\u1ee5.<\/p>\n<h4>Ph\u00f2ng h\u1ecdc khang trang, nh\u1ea1c c\u1ee5 ti\u00eau chu\u1ea9n<\/h4>\n<p>Bi\u1ebft \u0111\u01b0\u1ee3c nhu c\u1ea7u thi\u1ebft y\u1ebfu khi h\u1ecdc nh\u1ea1c c\u1ee5, nh\u1eefng ph\u00f2ng h\u1ecdc \u0111\u01b0\u1ee3c thi\u1ebft k\u1ebf c\u00e1ch \u00e2m, s\u1ea1ch \u0111\u1eb9p. S\u1ef1 r\u1ed9ng r\u00e3i tho\u1ea3i m\u00e1i s\u1ebd t\u1ea1o th\u00eam n\u0103ng l\u01b0\u1ee3ng cho m\u1ed9t bu\u1ed5i h\u1ecdc s\u00f4i n\u1ed5i, h\u1ecdc vi\u00ean s\u1ebd ch\u00e1y h\u1ebft m\u00ecnh trong t\u1eebng gi\u1edd h\u1ecdc. H\u1ecdc vi\u00ean c\u00f3 th\u1ec3 d\u00f9ng kajon c\u1ee7a m\u00ecnh ho\u1eb7c m\u01b0\u1ee3n t\u1eeb trung t\u00e2m. Vi\u1ec7c <strong><em>h\u1ecdc \u0111\u00e1nh tr\u1ed1ng kajon<\/em><\/strong> tr\u1edf n\u00ean tuy\u1ec7t v\u1eddi h\u01a1n bao gi\u1edd h\u1ebft.<\/p>\n<p>Ki\u1ec3m tra k\u1ebft th\u00fac, khen th\u01b0\u1edfng sau kh\u00f3a h\u1ecdc<\/p>\n<p>Vi\u1ec7c ki\u1ec3m tra l\u00e0 \u0111i\u1ec1u t\u1ea5t y\u1ebfu trong m\u1ed7i kh\u00f3a h\u1ecdc c\u1ee7a ch\u00fang t\u00f4i, nh\u1eb1m \u0111\u00e1nh gi\u00e1 xem h\u1ecdc vi\u00ean \u0111\u00e3 ti\u1ebfp thu nh\u1eefng g\u00ec, c\u1ea7n kh\u1eafc ph\u1ee5c g\u00ec. Sau nh\u1eefng b\u00e0i ki\u1ec3m tra s\u1ebd c\u00f3 khen th\u01b0\u1edfng cho nh\u1eefng h\u1ecdc vi\u00ean c\u00f3 th\u00e0nh t\u00edch cao. \u0110\u1ed3ng th\u1eddi t\u1ea5t c\u1ea3 h\u1ecdc vi\u00ean s\u1ebd \u0111\u01b0\u1ee3c c\u1ea5p ch\u1ee9ng nh\u1eadn.<\/p>\n","protected":false},"excerpt":{"rendered":"<p>B\u1ea1n t\u1eebng b\u0103n kho\u0103n r\u1eb1ng li\u1ec7u m\u00ecnh c\u00f3 th\u1ec3 ch\u01a1i \u0111\u01b0\u1ee3c nh\u1ea1c c\u1ee5 n\u00e0o kh\u00f4ng? Kajon (hay cajon) l\u00e0 s\u1ef1 tr\u1ea3 l\u1eddi cho b\u1ea1n v\u00ec \u0111\u01a1n gi\u1ea3n ch\u00fang l\u00e0 th\u1ee9 nh\u1ea1c c\u1ee5 kh\u00f4ng c\u1ea7n b\u1ea1n ph\u1ea3i c\u1ef1c k\u1ef3 v\u1eefng nh\u1eefng ki\u1ebfn th\u1ee9c nh\u1ea1c l\u00fd cao si\u00eau. H\u00e3y b\u1ecf \u00edt th\u1eddi gian ra v\u00e0 \u0111\u0103ng k\u00fd [&#8230;]\n","protected":false},"author":1,"featured_media":474,"parent":362,"menu_order":0,"comment_status":"closed","ping_status":"closed","template":"page-right-sidebar.php","meta":[],"_links":{"self":[{"href":"https:\/\/webmaibinh.com\/w\/art\/wp-json\/wp\/v2\/pages\/368"}],"collection":[{"href":"https:\/\/webmaibinh.com\/w\/art\/wp-json\/wp\/v2\/pages"}],"about":[{"href":"https:\/\/webmaibinh.com\/w\/art\/wp-json\/wp\/v2\/types\/page"}],"author":[{"embeddable":true,"href":"https:\/\/webmaibinh.com\/w\/art\/wp-json\/wp\/v2\/users\/1"}],"replies":[{"embeddable":true,"href":"https:\/\/webmaibinh.com\/w\/art\/wp-json\/wp\/v2\/comments?post=368"}],"version-history":[{"count":2,"href":"https:\/\/webmaibinh.com\/w\/art\/wp-json\/wp\/v2\/pages\/368\/revisions"}],"predecessor-version":[{"id":475,"href":"https:\/\/webmaibinh.com\/w\/art\/wp-json\/wp\/v2\/pages\/368\/revisions\/475"}],"up":[{"embeddable":true,"href":"https:\/\/webmaibinh.com\/w\/art\/wp-json\/wp\/v2\/pages\/362"}],"wp:featuredmedia":[{"embeddable":true,"href":"https:\/\/webmaibinh.com\/w\/art\/wp-json\/wp\/v2\/media\/474"}],"wp:attachment":[{"href":"https:\/\/webmaibinh.com\/w\/art\/wp-json\/wp\/v2\/media?parent=368"}],"curies":[{"name":"wp","href":"https:\/\/api.w.org\/{rel}","templated":true}]}}