{"id":366,"date":"2017-10-25T22:09:52","date_gmt":"2017-10-25T15:09:52","guid":{"rendered":"https:\/\/bizhostvn.com\/w\/art\/?page_id=366"},"modified":"2017-10-25T22:33:37","modified_gmt":"2017-10-25T15:33:37","slug":"hoc-dan-organ-keyboard","status":"publish","type":"page","link":"https:\/\/webmaibinh.com\/w\/art\/khoa-hoc\/nhac-cu-phuong-tay\/hoc-dan-organ-keyboard\/","title":{"rendered":"H\u1ecdc \u0111\u00e0n Organ Keyboard"},"content":{"rendered":"<p><strong>\u0110\u00e0n keyboard hay organ l\u00e0 m\u1ed9t lo\u1ea1i \u0111\u00e0n \u0111i\u1ec7n t\u1eed c\u00f3 c\u00e1ch th\u1ee9c \u0111\u00e1nh t\u01b0\u01a1ng t\u1ef1 piano nh\u01b0ng \u0111\u01a1n gi\u1ea3n h\u01a1n. Do t\u00ednh nh\u1ecf g\u1ecdn n\u00ean \u0111\u00e0n keyboard ph\u1ed5 bi\u1ebfn h\u01a1n so v\u1edbi piano. Tuy v\u1eady qu\u00e1 tr\u00ecnh h\u1ecdc \u0111\u00e1nh \u0111\u00e0n keyboard cho th\u00e0nh th\u1ea1o kh\u00f4ng ph\u1ea3i l\u00e0 chuy\u1ec7n d\u1ec5 d\u00e0ng.<\/strong><\/p>\n<h3>\u0110\u00e0n keyboard \u2013 T\u00ean g\u1ecdi d\u1ec5 l\u1eabn l\u1ed9n<\/h3>\n<p>\u0110\u00e0n keyboard l\u00e0 t\u00ean g\u1ecdi t\u1eaft c\u1ee7a \u0111\u00e0n organ keyboard \u0111i\u1ec7n t\u1eed. Ch\u00fang ta th\u01b0\u1eddng d\u1ec5 nh\u1ea7m l\u1eabn v\u1edbi pipe organ lo\u1ea1i \u0111\u00e0n ch\u1ec9 s\u1eed d\u1ee5ng \u1edf nh\u1eefng nh\u00e0 h\u00e1t l\u1edbn hay nh\u00e0 th\u1edd. <strong><em>H\u1ecdc \u0111\u00e1nh \u0111\u00e0n keyboard<\/em><\/strong> \u0111ang tr\u1edf n\u00ean hot v\u1edbi s\u1ef1 ph\u00e1t tri\u1ec3n c\u1ee7a nh\u1ea1c jazz v\u00e0 rock.<\/p>\n<p>H\u00ecnh d\u1ea1ng b\u00ean ngo\u00e0i organ c\u00f3 c\u1ea5u t\u1ea1o ph\u00edm g\u1ea7n gi\u1ed1ng piano, c\u0169ng c\u00f3 2 lo\u1ea1i l\u00e0 61 ph\u00edm v\u00e0 88 ph\u00edm. S\u1ef1 kh\u00e1c bi\u1ec7t r\u00f5 nh\u1ea5t l\u00e0 \u0111\u00e0n keyboard ch\u1ec9 s\u1eed d\u1ee5ng \u0111\u01b0\u1ee3c khi c\u00f3 k\u1ebft n\u1ed1i v\u1edbi ngu\u1ed3n \u0111i\u1ec7n ho\u1eb7c ngu\u1ed3n pin d\u1ef1 tr\u1eef n\u00e0o \u0111\u00f3.<br \/>\nDo c\u00f3 s\u1ef1 can thi\u1ec7p c\u1ee7a \u0111i\u1ec7n t\u1eed n\u00ean h\u00f2a \u00e2m trong \u0111\u00e0n keyboard kh\u00e1 d\u1ec5 d\u00e0ng v\u00e0 \u0111a d\u1ea1ng v\u1edbi c\u00e1c ti\u1ebft \u0111i\u1ec7u t\u00edch h\u1ee3p s\u1eb5n. Th\u1ef1c t\u1ebf ch\u00fang c\u00f3 th\u1ec3 t\u1ea1o ra \u00e2m c\u1ee7a r\u1ea5t nhi\u1ec1u lo\u1ea1i nh\u1ea1c c\u1ee5 kh\u00e1c nhau.<\/p>\n<h3>\u0110\u1ed1i t\u01b0\u1ee3ng th\u00edch h\u1ee3p cho \u0111\u00e0n keyboard<\/h3>\n<p>\u0110\u1ec3 c\u00f3 th\u1ec3 th\u00edch nghi \u0111\u01b0\u1ee3c v\u1edbi s\u1ef1 t\u1ef1 \u0111\u1ed9ng h\u00f3a nhi\u1ec1u thao t\u00e1c c\u1ee7a \u0111\u00e0n keyboard c\u00e1c ban nh\u1ea1c pop, rock, hay jazz th\u00edch h\u1ee3p khi c\u00f3 trong tay m\u00ecnh 1 ng\u01b0\u1eddi ch\u01a1i keyboard gi\u1ecfi.<\/p>\n<p>B\u1ea5t k\u1ef3 ai c\u0169ng c\u00f3 th\u1ec3 <strong><em>h\u1ecdc \u0111\u00e1nh \u0111\u00e0n keyboard<\/em><\/strong>, ch\u1ec9 c\u1ea7n c\u00f3 ni\u1ec1m \u0111am m\u00ea \u00e2m nh\u1ea1c, s\u1ef1 h\u1ee9ng th\u00fa v\u1edbi nh\u1ea1c c\u1ee5 n\u00e0y c\u1ed9ng th\u00eam m\u1ed9t m\u00f4i tr\u01b0\u1eddng \u0111\u00e0o t\u1ea1o t\u1ed1t l\u00e0 c\u00f3 th\u1ec3 ph\u00e1t tri\u1ec3n k\u1ef9 n\u0103ng.<\/p>\n<h3>D\u1ea1y \u0111\u00e0n keyboard t\u1ea1i Artiest<\/h3>\n<p>N\u1ebfu nh\u01b0 c\u00f3 s\u1ef1 h\u1ee9ng th\u00fa t\u1ea1i sao b\u1ea1n kh\u00f4ng \u0111\u1ebfn ghi danh <strong><em>h\u1ecdc \u0111\u00e1nh \u0111\u00e0n keyboard<\/em><\/strong> t\u1ea1i Elite Arts Academy, t\u1ea1i \u0111\u00e2y b\u1ea1n s\u1ebd \u0111\u01b0\u1ee3c \u0111\u00e0o t\u1ea1o t\u1eeb c\u0103n b\u1ea3n n\u1ebfu ch\u01b0a bi\u1ebft g\u00ec \u0111\u1ebfn n\u00e2ng cao khi ng\u00f3n \u0111\u00e0n c\u1ee7a b\u1ea1n \u0111\u00e3 kh\u00e1 h\u01a1n, b\u1ea1n s\u1ebd \u0111\u01b0\u1ee3c luy\u1ec7n c\u1ea3m \u00e2m v\u00e0 thao t\u00e1c ng\u00f3n sao cho h\u1ee3p l\u00fd v\u00e0 c\u1ea3m x\u00fac nh\u1ea5t. S\u1ef1 t\u1eadn t\u1ee5y c\u1ee7a \u0111\u1ed9i ng\u0169 c\u00e1n b\u1ed9 gi\u1ea3ng s\u1ebd th\u00fac \u0111\u1ea9y s\u1ef1 ham h\u1ecdc h\u1ecfi v\u00e0 h\u1ee9ng th\u00fa cho b\u1ea1n.<\/p>\n<h4>H\u1ecdc m\u1ea5y bu\u1ed5i m\u1ed9t tu\u1ea7n?<\/h4>\n<p>M\u1ed9t c\u00e2u h\u1ecfi m\u00e0 kh\u00e1 nhi\u1ec1u ng\u01b0\u1eddi th\u1eafc m\u1eafc. T\u1ea1i trung t\u00e2m khi \u0111\u0103ng k\u00fd h\u1ecdc, h\u1ecdc vi\u00ean s\u1ebd t\u1ef1 s\u1eafp l\u1ecbch h\u1ecdc theo th\u1eddi gian r\u1ea3nh c\u1ee7a m\u00ecnh. Nh\u01b0ng s\u1ed1 bu\u1ed5i h\u1ecdc c\u1ea7n \u0111\u1ea3m b\u1ea3o tr\u00ean 3 bu\u1ed5i, m\u1ed7i bu\u1ed5i 60 ph\u00fat \u0111\u1ec3 \u0111\u1ea1t s\u1ef1 ti\u1ebfn b\u1ed9 t\u1ed1t nh\u1ea5t. H\u00ecnh th\u1ee9c h\u1ecdc l\u00e0 m\u1ed9t gi\u00e1o vi\u00ean s\u1ebd k\u00e8m m\u1ed9t h\u1ecdc vi\u00ean n\u00ean \u0111\u1eebng lo l\u1eafng l\u00e0 m\u00ecnh s\u1ebd kh\u00f4ng theo k\u1ecbp.<\/p>\n<p>Th\u00f4ng th\u01b0\u1eddng s\u1ebd c\u00f3 12 tu\u1ea7n cho m\u1ed9t kh\u00f3a h\u1ecdc, nh\u01b0ng s\u1ebd c\u00f3 th\u1ec3 k\u00e9o d\u00e0i th\u00eam 2-4 th\u00e1ng t\u00f9y theo ti\u1ebfn b\u1ed9 c\u1ee7a h\u1ecdc vi\u00ean, t\u1ea1i trung t\u00e2m \u0111\u00e3 c\u00f3 kh\u00e1 nhi\u1ec1u h\u1ecdc vi\u00ean th\u00e0nh th\u1ea1o \u0111\u00e0n ch\u1ec9 v\u1ecfn v\u1eb9n m\u1ed9t kh\u00f3a h\u1ecdc.<\/p>\n<h4>Gi\u00e1o vi\u00ean gi\u1ea3ng d\u1ea1y<\/h4>\n<p>Kh\u00f4ng ph\u1ee7 nh\u1eadn s\u1ef1 quan tr\u1ecdng c\u1ee7a ng\u01b0\u1eddi th\u1ea7y d\u1ea1y \u0111\u00e0n, \u0111\u1ebfn v\u1edbi trung t\u00e2m h\u1ecdc vi\u00ean \u0111\u01b0\u1ee3c k\u00e8m c\u1eb7p b\u1edbi nh\u1eefng gi\u00e1o vi\u00ean \u01b0u t\u00fa c\u00f3 kinh nghi\u1ec7m nhi\u1ec1u n\u0103m trong vi\u1ec7c hu\u1ea5n luy\u1ec7n. C\u00e1c gi\u00e1o vi\u00ean \u0111\u01b0\u1ee3c \u0111\u00e0o t\u1ea1o b\u00e0i b\u1ea3n v\u00e0 \u0111\u1ec1u \u0111\u01b0\u1ee3c c\u1ea5p nh\u1eefng ch\u1ee9ng ch\u1ec9 uy t\u00edn.<\/p>\n<h4>Trang thi\u1ebft b\u1ecb, n\u01a1i h\u1ecdc<\/h4>\n<p>Do \u0111\u1eb7c th\u00f9 c\u1ee7a m\u00f4n <strong><em>h\u1ecdc \u0111\u00e1nh \u0111\u00e0n keyboard<\/em><\/strong> c\u1ea7n s\u1ef1 y\u00ean t\u0129nh n\u00ean c\u00e1c ph\u00f2ng h\u1ecdc \u0111\u01b0\u1ee3c b\u1ed1 tr\u00ed kh\u00e1 y\u00ean l\u1eb7ng, tho\u00e1ng m\u00e1t, s\u1ea1ch \u0111\u1eb9p. S\u1ef1 b\u00e0y tr\u00ed s\u1ebd l\u00e0m cho t\u00e2m tr\u1ea1ng t\u1ed1t h\u01a1n, t\u1eeb \u0111\u00f3 kh\u1ea3 n\u0103ng c\u1ea3m \u00e2m c\u1ee7a h\u1ecdc vi\u00ean s\u1ebd t\u1ed1t h\u01a1n. Trang thi\u1ebft b\u1ecb h\u1ecdc s\u1ebd \u0111\u01b0\u1ee3c trung t\u00e2m chu\u1ea9n b\u1ecb \u0111\u1ea7y \u0111\u1ee7 v\u00e0 ch\u1ea5t l\u01b0\u1ee3ng.<\/p>\n<h4>\u0110\u00e1nh gi\u00e1 sau kh\u00f3a h\u1ecdc<\/h4>\n<p>Khi m\u1ed7i kh\u00f3a h\u1ecdc k\u1ebft th\u00fac, th\u01b0\u1eddng l\u00e0 2- 4 th\u00e1ng, h\u1ecdc vi\u00ean s\u1ebd \u0111\u01b0\u1ee3c ki\u1ec3m tra \u0111\u00e1nh gi\u00e1 n\u0103ng l\u1ef1c v\u00e0 c\u1ea5p ch\u1ee9ng nh\u1eadn, \u0111\u1ed3ng th\u1eddi khen th\u01b0\u1edfng x\u1ee9ng \u0111\u00e1ng cho nh\u1eefng h\u1ecdc vi\u00ean \u01b0u t\u00fa nh\u1ea5t.<\/p>\n","protected":false},"excerpt":{"rendered":"<p>\u0110\u00e0n keyboard hay organ l\u00e0 m\u1ed9t lo\u1ea1i \u0111\u00e0n \u0111i\u1ec7n t\u1eed c\u00f3 c\u00e1ch th\u1ee9c \u0111\u00e1nh t\u01b0\u01a1ng t\u1ef1 piano nh\u01b0ng \u0111\u01a1n gi\u1ea3n h\u01a1n. Do t\u00ednh nh\u1ecf g\u1ecdn n\u00ean \u0111\u00e0n keyboard ph\u1ed5 bi\u1ebfn h\u01a1n so v\u1edbi piano. Tuy v\u1eady qu\u00e1 tr\u00ecnh h\u1ecdc \u0111\u00e1nh \u0111\u00e0n keyboard cho th\u00e0nh th\u1ea1o kh\u00f4ng ph\u1ea3i l\u00e0 chuy\u1ec7n d\u1ec5 d\u00e0ng. \u0110\u00e0n keyboard \u2013 T\u00ean [&#8230;]\n","protected":false},"author":1,"featured_media":468,"parent":362,"menu_order":0,"comment_status":"closed","ping_status":"closed","template":"page-right-sidebar.php","meta":[],"_links":{"self":[{"href":"https:\/\/webmaibinh.com\/w\/art\/wp-json\/wp\/v2\/pages\/366"}],"collection":[{"href":"https:\/\/webmaibinh.com\/w\/art\/wp-json\/wp\/v2\/pages"}],"about":[{"href":"https:\/\/webmaibinh.com\/w\/art\/wp-json\/wp\/v2\/types\/page"}],"author":[{"embeddable":true,"href":"https:\/\/webmaibinh.com\/w\/art\/wp-json\/wp\/v2\/users\/1"}],"replies":[{"embeddable":true,"href":"https:\/\/webmaibinh.com\/w\/art\/wp-json\/wp\/v2\/comments?post=366"}],"version-history":[{"count":3,"href":"https:\/\/webmaibinh.com\/w\/art\/wp-json\/wp\/v2\/pages\/366\/revisions"}],"predecessor-version":[{"id":469,"href":"https:\/\/webmaibinh.com\/w\/art\/wp-json\/wp\/v2\/pages\/366\/revisions\/469"}],"up":[{"embeddable":true,"href":"https:\/\/webmaibinh.com\/w\/art\/wp-json\/wp\/v2\/pages\/362"}],"wp:featuredmedia":[{"embeddable":true,"href":"https:\/\/webmaibinh.com\/w\/art\/wp-json\/wp\/v2\/media\/468"}],"wp:attachment":[{"href":"https:\/\/webmaibinh.com\/w\/art\/wp-json\/wp\/v2\/media?parent=366"}],"curies":[{"name":"wp","href":"https:\/\/api.w.org\/{rel}","templated":true}]}}