{"id":364,"date":"2017-10-25T22:09:38","date_gmt":"2017-10-25T15:09:38","guid":{"rendered":"https:\/\/bizhostvn.com\/w\/art\/?page_id=364"},"modified":"2017-10-25T22:24:21","modified_gmt":"2017-10-25T15:24:21","slug":"hoc-dan-piano","status":"publish","type":"page","link":"https:\/\/webmaibinh.com\/w\/art\/khoa-hoc\/nhac-cu-phuong-tay\/hoc-dan-piano\/","title":{"rendered":"H\u1ecdc \u0111\u00e0n Piano"},"content":{"rendered":"<p>Piano \u0111\u01b0\u1ee3c m\u1ec7nh danh l\u00e0 vua c\u1ee7a nh\u1eefng lo\u1ea1i nh\u1ea1c c\u1ee5. Kh\u00f4ng ch\u1ec9 v\u00ec n\u00f3 c\u00f3 th\u1ec3 t\u1ea1o ra nh\u1eefng \u00e2m thanh trong tr\u1ebbo, th\u00e1nh th\u00f3t, say \u0111\u1eafm ng\u01b0\u1eddi nghe, m\u00e0 v\u00ec n\u00f3 c\u00f2n l\u00e0 m\u1ed9t trong nh\u1eefng lo\u1ea1i nh\u1ea1c c\u1ee5 kh\u00f3 ch\u01a1i nh\u1ea5t. \u0110\u1ec3 c\u00f3 th\u1ec3<strong><em>h\u1ecdc \u0111\u00e0n Piano<\/em><\/strong>, ngo\u00e0i s\u1ef1 n\u1ed7 l\u1ef1c r\u1ea5t l\u1edbn c\u1ee7a b\u1ea3n th\u00e2n c\u1ea7n ph\u1ea3i c\u00f3 ng\u01b0\u1eddi th\u1ea7y gi\u00e0u kinh nghi\u1ec7m v\u00e0 m\u00f4i tr\u01b0\u1eddng ph\u00f9 h\u1ee3p \u0111\u1ec3 c\u00f3 th\u1ec3 ch\u01a1i piano \u0111i\u00eau luy\u1ec7n nh\u01b0 m\u1ed9t ngh\u1ec7 s\u0129 th\u1ef1c th\u1ee5.<\/p>\n<p><img loading=\"lazy\" class=\"aligncenter wp-image-2249\" src=\"https:\/\/elitearts.vn\/wp-content\/uploads\/2017\/03\/A-298-of-300.jpg\" alt=\"a-298-of-300\" width=\"650\" height=\"433\" \/><\/p>\n<h2>\u0110\u00f4i n\u00e9t v\u1ec1 Piano<\/h2>\n<p>Trong ch\u00fang ta, ch\u1eafc h\u1eb3n ai c\u0169ng \u0111\u00e3 m\u1ed9t l\u1ea7n th\u1ea5y qua v\u1ebb ngo\u00e0i duy\u00ean d\u00e1ng, qu\u00fd ph\u00e1i h\u00f2a c\u00f9ng \u00e2m s\u1eafc ki\u00eau sa, quy\u1ebfn r\u0169 c\u1ee7a \u0111\u00e0n Piano nh\u01b0 h\u00fat h\u1ed3n t\u1ea5t c\u1ea3 nh\u1eefng ng\u01b0\u1eddi xung quanh n\u00f3. M\u1ed9t ngh\u1ec7 s\u0129 piano v\u1edbi nh\u1eefng ng\u00f3n tay l\u1ea3 l\u01b0\u1edbt nh\u1eb9 tr\u00ean b\u00e0n ph\u00edm nh\u01b0 h\u00f2a tr\u00e1i tim m\u00ecnh v\u00e0o trong ti\u1ebfng nh\u1ea1c lu\u00f4n l\u00e0 h\u00ecnh \u1ea3nh \u0111\u1eb9p \u0111\u1ebd v\u00e0 cao qu\u00fd d\u00f9 \u1edf b\u1ea5t c\u1ee9 n\u01a1i \u0111\u00e2u.<\/p>\n<h3>L\u1ecbch s\u1eed Piano<\/h3>\n<p>Piano c\u00f2n c\u00f3 t\u00ean ti\u1ebfng Vi\u1ec7t l\u00e0 d\u01b0\u01a1ng c\u1ea7m, thu\u1ed9c nh\u00f3m b\u1ed9 d\u00e2y ph\u00edm, \u0111\u00e3 xu\u1ea5t hi\u1ec7n t\u1eeb kho\u1ea3ng th\u1ebf k\u1ec9 16. Piano l\u00e0 m\u1ed9t trong c\u00e1c lo\u1ea1i nh\u1ea1c c\u1ee5 \u0111\u01b0\u1ee3c s\u1eed d\u1ee5ng ph\u1ed5 bi\u1ebfn v\u00e0 \u0111\u01b0\u1ee3c y\u00eau th\u00edch nh\u1ea5t tr\u00ean th\u1ebf gi\u1edbi hi\u1ec7n nay.<\/p>\n<p><img loading=\"lazy\" class=\"wp-image-2250 aligncenter\" src=\"https:\/\/elitearts.vn\/wp-content\/uploads\/2017\/03\/A-248-of-300.jpg\" alt=\"a-248-of-300\" width=\"650\" height=\"433\" \/><\/p>\n<h3>\u1ee8ng d\u1ee5ng c\u1ee7a Piano<\/h3>\n<p>Piano c\u00f3 th\u1ec3 ch\u01a1i theo ki\u1ec3u \u0111\u1ed9c t\u1ea5u ho\u1eb7c d\u00f9ng trong d\u00e0n giao h\u01b0\u1edfng. Piano c\u0169ng c\u00f3 th\u1ec3 ch\u01a1i r\u1ea5t nhi\u1ec1u lo\u1ea1i nh\u1ea1c kh\u00e1c nhau, t\u1eeb nh\u1ea1c Jazz, nh\u1ea1c c\u1ed5 \u0111i\u1ec3n nh\u01b0 c\u00e1c b\u00e0i sonate, concerto cho \u0111\u1ebfn c\u00e1c th\u1ec3 lo\u1ea1i nh\u1ea1c hi\u1ec7n \u0111\u1ea1i nh\u01b0 nh\u1ea1c pop, rock\u2026<\/p>\n<h2>\u00a0L\u1ee3i \u00edch c\u1ee7a vi\u1ec7c <strong><em>h\u1ecdc \u0111\u00e0n Piano<\/em><\/strong><\/h2>\n<h3>Tr\u1ebb em<\/h3>\n<p>V\u1edbi tr\u1ebb nh\u1ecf, <strong><em>h\u1ecdc \u0111\u00e0n Piano<\/em><\/strong> kh\u00f4ng ch\u1ec9 gi\u00fap ph\u00e1t tri\u1ec3n tr\u00ed n\u00e3o m\u00e0 c\u00f2n vun \u0111\u1eafp t\u00e2m h\u1ed3n trong s\u00e1ng c\u1ee7a tr\u1ebb. Khi tr\u1ebb h\u1ecdc Piano, tr\u1ebb s\u1ebd ph\u1ea3i t\u1eadp trung to\u00e0n b\u1ed9 tr\u00ed \u00f3c \u0111\u1ec3 nghe v\u00e0 ph\u1ed1i h\u1ee3p ho\u1ea1t \u0111\u1ed9ng c\u1ea3 2 tay th\u1eadt nhu\u1ea7n nhuy\u1ec5n.<\/p>\n<p>C\u00e1c nghi\u00ean c\u1ee9u c\u0169ng ch\u1ec9 ra h\u1ecdc \u0111\u00e0n piano gi\u00fap th\u00ednh gi\u00e1c c\u1ee7a tr\u1ebb ph\u00e1t tri\u1ec3n h\u01a1n nh\u1eefng tr\u1ebb c\u00f9ng \u0111\u1ed9 tu\u1ed5i. B\u00ean c\u1ea1nh l\u1ee3i \u00edch v\u1ec1 th\u1ec3 ch\u1ea5t, piano c\u00f2n gi\u00fap x\u00e2y d\u1ef1ng t\u00ednh t\u1eadp trung v\u00e0 ki\u00ean nh\u1eabn cho tr\u1ebb.<\/p>\n<p><img loading=\"lazy\" class=\"wp-image-2251 aligncenter\" src=\"https:\/\/elitearts.vn\/wp-content\/uploads\/2017\/03\/artlite_2-316-of-465.jpg\" alt=\"artlite_2-316-of-465\" width=\"650\" height=\"433\" \/><\/p>\n<h3>Thanh thi\u1ebfu ni\u00ean v\u00e0 nh\u1eefng ng\u01b0\u1eddi \u0111i l\u00e0m<\/h3>\n<p>Ch\u01a1i piano l\u00e0 m\u1ed9t c\u00e1ch \u0111\u1ec3 th\u01b0 gi\u00e3n r\u1ea5t t\u1ed1t sau nh\u1eefng gi\u1edd h\u1ecdc h\u00e0nh, l\u00e0m vi\u1ec7c c\u0103ng th\u1eb3ng. N\u00f3 gi\u00fap \u0111\u1ea7u \u00f3c tho\u1ea3i m\u00e1i v\u00e0 l\u1ea5y l\u1ea1i c\u00e2n b\u1eb1ng cho c\u01a1 th\u1ec3. B\u00ean c\u1ea1nh \u0111\u00f3, k\u0129 n\u0103ng ch\u01a1i m\u1ed9t nh\u1ea1c c\u1ee5 s\u1ebd l\u00e0 l\u1ee3i th\u1ebf \u0111\u1ec3 tham gia v\u00e0o c\u00e1c ho\u1ea1t \u0111\u1ed9ng t\u1eadp th\u1ec3, c\u00f3 c\u01a1 h\u1ed9i th\u0103ng ti\u1ebfn h\u01a1n.<\/p>\n","protected":false},"excerpt":{"rendered":"<p>Piano \u0111\u01b0\u1ee3c m\u1ec7nh danh l\u00e0 vua c\u1ee7a nh\u1eefng lo\u1ea1i nh\u1ea1c c\u1ee5. Kh\u00f4ng ch\u1ec9 v\u00ec n\u00f3 c\u00f3 th\u1ec3 t\u1ea1o ra nh\u1eefng \u00e2m thanh trong tr\u1ebbo, th\u00e1nh th\u00f3t, say \u0111\u1eafm ng\u01b0\u1eddi nghe, m\u00e0 v\u00ec n\u00f3 c\u00f2n l\u00e0 m\u1ed9t trong nh\u1eefng lo\u1ea1i nh\u1ea1c c\u1ee5 kh\u00f3 ch\u01a1i nh\u1ea5t. \u0110\u1ec3 c\u00f3 th\u1ec3h\u1ecdc \u0111\u00e0n Piano, ngo\u00e0i s\u1ef1 n\u1ed7 l\u1ef1c r\u1ea5t l\u1edbn [&#8230;]\n","protected":false},"author":1,"featured_media":423,"parent":362,"menu_order":0,"comment_status":"closed","ping_status":"closed","template":"page-right-sidebar.php","meta":[],"_links":{"self":[{"href":"https:\/\/webmaibinh.com\/w\/art\/wp-json\/wp\/v2\/pages\/364"}],"collection":[{"href":"https:\/\/webmaibinh.com\/w\/art\/wp-json\/wp\/v2\/pages"}],"about":[{"href":"https:\/\/webmaibinh.com\/w\/art\/wp-json\/wp\/v2\/types\/page"}],"author":[{"embeddable":true,"href":"https:\/\/webmaibinh.com\/w\/art\/wp-json\/wp\/v2\/users\/1"}],"replies":[{"embeddable":true,"href":"https:\/\/webmaibinh.com\/w\/art\/wp-json\/wp\/v2\/comments?post=364"}],"version-history":[{"count":2,"href":"https:\/\/webmaibinh.com\/w\/art\/wp-json\/wp\/v2\/pages\/364\/revisions"}],"predecessor-version":[{"id":424,"href":"https:\/\/webmaibinh.com\/w\/art\/wp-json\/wp\/v2\/pages\/364\/revisions\/424"}],"up":[{"embeddable":true,"href":"https:\/\/webmaibinh.com\/w\/art\/wp-json\/wp\/v2\/pages\/362"}],"wp:featuredmedia":[{"embeddable":true,"href":"https:\/\/webmaibinh.com\/w\/art\/wp-json\/wp\/v2\/media\/423"}],"wp:attachment":[{"href":"https:\/\/webmaibinh.com\/w\/art\/wp-json\/wp\/v2\/media?parent=364"}],"curies":[{"name":"wp","href":"https:\/\/api.w.org\/{rel}","templated":true}]}}