{"id":362,"date":"2017-10-25T22:09:28","date_gmt":"2017-10-25T15:09:28","guid":{"rendered":"https:\/\/bizhostvn.com\/w\/art\/?page_id=362"},"modified":"2017-10-25T22:46:13","modified_gmt":"2017-10-25T15:46:13","slug":"nhac-cu-phuong-tay","status":"publish","type":"page","link":"https:\/\/webmaibinh.com\/w\/art\/khoa-hoc\/nhac-cu-phuong-tay\/","title":{"rendered":"Nh\u1ea1c c\u1ee5 Ph\u01b0\u01a1ng T\u00e2y"},"content":{"rendered":"<p>\u00c2m nh\u1ea1c th\u1eddi ph\u1ee5c h\u01b0ng \u1edf ph\u01b0\u01a1ng T\u00e2y b\u1eaft \u0111\u1ea7u \u0111i nh\u1eefng b\u01b0\u1edbc non tr\u1ebb, song t\u1eebng b\u01b0\u1edbc c\u00f3 v\u1ecb tr\u00ed v\u1eefng v\u00e0ng. C\u00e1c lo\u1ea1i nh\u1ea1c c\u1ee5 ti\u00eau bi\u1ec3u \u1edf ph\u01b0\u01a1ng T\u00e2y g\u1ed3m: \u0111\u00e0n Luyt, \u0111\u00e0n Oocgan, \u0111\u00e0n Clavecine, \u0111\u00e0n Mandoline, \u0111\u00e0n Guitare, \u0111\u00e0n Vion, \u0111\u00e0n Violon, \u0111\u00e0n Viola, \u0111\u00e0n Violoncello, \u0111\u00e0n Contrebass, s\u00e1o Flute, k\u00e8n Oboi, k\u00e8n Clarinetto,k\u00e8n Fagotto, tr\u1ed1ng Timpani, tr\u1ed1ng Tamburino, tr\u1ed1ng Tamburo, \u2026 lu\u00f4n \u0111\u01b0\u1ee3c \u01b0a chu\u1ed9ng v\u00e0 \u0111\u01b0\u1ee3c s\u1eed d\u1ee5ng th\u01b0\u1eddng xuy\u00ean trong bi\u00ean ch\u1ebf d\u00e0n nh\u1ea1c. Do b\u1ea3n t\u00ednh t\u00e2m l\u00fd, t\u1eadp qu\u00e1n, truy\u1ec1n th\u1ed1ng\u2026 n\u00ean c\u00e1ch ph\u00e2n lo\u1ea1i nh\u1ea1c c\u1ee5 c\u1ee7a \u00e2m nh\u1ea1c Ph\u01b0\u01a1ng T\u00e2y kh\u00e1c h\u1eb3n so v\u1edbi \u00e2m nh\u1ea1c Ph\u01b0\u01a1ng \u0110\u00f4ng.<\/p>\n\n  \n    <div class=\"row large-columns-3 medium-columns- small-columns-2\">\n          <div class=\"page-col col\" >\n          <div class=\"col-inner\" >\n          <a class=\"plain\" href=\"https:\/\/webmaibinh.com\/w\/art\/khoa-hoc\/nhac-cu-phuong-tay\/hoc-dan-piano\/\" title=\"H\u1ecdc \u0111\u00e0n Piano\" target=\"\">\n            <div class=\"page-box box has-hover box-overlay dark\">\n                  <div class=\"box-image\" >\n                      <div class=\"box-image image-zoom image-cover\" style=\"padding-top:71{4bc40fccf820538786a190491671b3e878468d2f00f9c0b0905e1da0db2ee815};\">\n                      <img width=\"300\" height=\"199\" src=\"https:\/\/webmaibinh.com\/w\/art\/wp-content\/uploads\/2017\/10\/hoc-piano-2-300x199.jpg\" class=\"attachment-medium size-medium\" alt=\"\" loading=\"lazy\" srcset=\"https:\/\/webmaibinh.com\/w\/art\/wp-content\/uploads\/2017\/10\/hoc-piano-2-300x199.jpg 300w, https:\/\/webmaibinh.com\/w\/art\/wp-content\/uploads\/2017\/10\/hoc-piano-2.jpg 625w\" sizes=\"(max-width: 300px) 100vw, 300px\" \/>                      <\/div>\n                      <div class=\"overlay\" style=\"background-color: rgba(0,0,0,.3)\"><\/div>                                        <\/div>\n                  <div class=\"box-text text-center\" style=\"background-color:rgba(0, 0, 0, 0.42);\">\n                        <div class=\"box-text-inner\">\n                            <p>H\u1ecdc \u0111\u00e0n Piano<\/p>\n                        <\/div>\n                  <\/div>\n              <\/div>\n            <\/a>\n            <\/div>\n          <\/div>\n                 <div class=\"page-col col\" >\n          <div class=\"col-inner\" >\n          <a class=\"plain\" href=\"https:\/\/webmaibinh.com\/w\/art\/khoa-hoc\/nhac-cu-phuong-tay\/hoc-dan-organ-keyboard\/\" title=\"H\u1ecdc \u0111\u00e0n Organ Keyboard\" target=\"\">\n            <div class=\"page-box box has-hover box-overlay dark\">\n                  <div class=\"box-image\" >\n                      <div class=\"box-image image-zoom image-cover\" style=\"padding-top:71{4bc40fccf820538786a190491671b3e878468d2f00f9c0b0905e1da0db2ee815};\">\n                      <img width=\"300\" height=\"225\" src=\"https:\/\/webmaibinh.com\/w\/art\/wp-content\/uploads\/2017\/10\/keyboard-CTK-1300-Casio-300x225.jpg\" class=\"attachment-medium size-medium\" alt=\"\" loading=\"lazy\" srcset=\"https:\/\/webmaibinh.com\/w\/art\/wp-content\/uploads\/2017\/10\/keyboard-CTK-1300-Casio-300x225.jpg 300w, https:\/\/webmaibinh.com\/w\/art\/wp-content\/uploads\/2017\/10\/keyboard-CTK-1300-Casio-768x576.jpg 768w, https:\/\/webmaibinh.com\/w\/art\/wp-content\/uploads\/2017\/10\/keyboard-CTK-1300-Casio.jpg 934w\" sizes=\"(max-width: 300px) 100vw, 300px\" \/>                      <\/div>\n                      <div class=\"overlay\" style=\"background-color: rgba(0,0,0,.3)\"><\/div>                                        <\/div>\n                  <div class=\"box-text text-center\" style=\"background-color:rgba(0, 0, 0, 0.42);\">\n                        <div class=\"box-text-inner\">\n                            <p>H\u1ecdc \u0111\u00e0n Organ Keyboard<\/p>\n                        <\/div>\n                  <\/div>\n              <\/div>\n            <\/a>\n            <\/div>\n          <\/div>\n                 <div class=\"page-col col\" >\n          <div class=\"col-inner\" >\n          <a class=\"plain\" href=\"https:\/\/webmaibinh.com\/w\/art\/khoa-hoc\/nhac-cu-phuong-tay\/hoc-trong-cajon\/\" title=\"H\u1ecdc tr\u1ed1ng Cajon\" target=\"\">\n            <div class=\"page-box box has-hover box-overlay dark\">\n                  <div class=\"box-image\" >\n                      <div class=\"box-image image-zoom image-cover\" style=\"padding-top:71{4bc40fccf820538786a190491671b3e878468d2f00f9c0b0905e1da0db2ee815};\">\n                      <img width=\"300\" height=\"170\" src=\"https:\/\/webmaibinh.com\/w\/art\/wp-content\/uploads\/2017\/10\/H\u1eccC-TR\u1ed0NG-CAJON-C\u01a0-B\u1ea2N-T\u1ea0I-NH\u00c0-300x170.jpg\" class=\"attachment-medium size-medium\" alt=\"\" loading=\"lazy\" srcset=\"https:\/\/webmaibinh.com\/w\/art\/wp-content\/uploads\/2017\/10\/H\u1eccC-TR\u1ed0NG-CAJON-C\u01a0-B\u1ea2N-T\u1ea0I-NH\u00c0-300x170.jpg 300w, https:\/\/webmaibinh.com\/w\/art\/wp-content\/uploads\/2017\/10\/H\u1eccC-TR\u1ed0NG-CAJON-C\u01a0-B\u1ea2N-T\u1ea0I-NH\u00c0.jpg 403w\" sizes=\"(max-width: 300px) 100vw, 300px\" \/>                      <\/div>\n                      <div class=\"overlay\" style=\"background-color: rgba(0,0,0,.3)\"><\/div>                                        <\/div>\n                  <div class=\"box-text text-center\" style=\"background-color:rgba(0, 0, 0, 0.42);\">\n                        <div class=\"box-text-inner\">\n                            <p>H\u1ecdc tr\u1ed1ng Cajon<\/p>\n                        <\/div>\n                  <\/div>\n              <\/div>\n            <\/a>\n            <\/div>\n          <\/div>\n                 <div class=\"page-col col\" >\n          <div class=\"col-inner\" >\n          <a class=\"plain\" href=\"https:\/\/webmaibinh.com\/w\/art\/khoa-hoc\/nhac-cu-phuong-tay\/hoc-dan-ukulele\/\" title=\"H\u1ecdc \u0111\u00e0n Ukulele\" target=\"\">\n            <div class=\"page-box box has-hover box-overlay dark\">\n                  <div class=\"box-image\" >\n                      <div class=\"box-image image-zoom image-cover\" style=\"padding-top:71{4bc40fccf820538786a190491671b3e878468d2f00f9c0b0905e1da0db2ee815};\">\n                      <img width=\"300\" height=\"169\" src=\"https:\/\/webmaibinh.com\/w\/art\/wp-content\/uploads\/2017\/10\/maxresdefault-1-300x169.jpg\" class=\"attachment-medium size-medium\" alt=\"\" loading=\"lazy\" srcset=\"https:\/\/webmaibinh.com\/w\/art\/wp-content\/uploads\/2017\/10\/maxresdefault-1-300x169.jpg 300w, https:\/\/webmaibinh.com\/w\/art\/wp-content\/uploads\/2017\/10\/maxresdefault-1-768x432.jpg 768w, https:\/\/webmaibinh.com\/w\/art\/wp-content\/uploads\/2017\/10\/maxresdefault-1-1024x576.jpg 1024w, https:\/\/webmaibinh.com\/w\/art\/wp-content\/uploads\/2017\/10\/maxresdefault-1.jpg 1280w\" sizes=\"(max-width: 300px) 100vw, 300px\" \/>                      <\/div>\n                      <div class=\"overlay\" style=\"background-color: rgba(0,0,0,.3)\"><\/div>                                        <\/div>\n                  <div class=\"box-text text-center\" style=\"background-color:rgba(0, 0, 0, 0.42);\">\n                        <div class=\"box-text-inner\">\n                            <p>H\u1ecdc \u0111\u00e0n Ukulele<\/p>\n                        <\/div>\n                  <\/div>\n              <\/div>\n            <\/a>\n            <\/div>\n          <\/div>\n                 <div class=\"page-col col\" >\n          <div class=\"col-inner\" >\n          <a class=\"plain\" href=\"https:\/\/webmaibinh.com\/w\/art\/khoa-hoc\/nhac-cu-phuong-tay\/hoc-dan-violon\/\" title=\"H\u1ecdc \u0111\u00e0n Violon\" target=\"\">\n            <div class=\"page-box box has-hover box-overlay dark\">\n                  <div class=\"box-image\" >\n                      <div class=\"box-image image-zoom image-cover\" style=\"padding-top:71{4bc40fccf820538786a190491671b3e878468d2f00f9c0b0905e1da0db2ee815};\">\n                      <img width=\"300\" height=\"201\" src=\"https:\/\/webmaibinh.com\/w\/art\/wp-content\/uploads\/2017\/10\/d1-300x201.jpg\" class=\"attachment-medium size-medium\" alt=\"\" loading=\"lazy\" srcset=\"https:\/\/webmaibinh.com\/w\/art\/wp-content\/uploads\/2017\/10\/d1-300x201.jpg 300w, https:\/\/webmaibinh.com\/w\/art\/wp-content\/uploads\/2017\/10\/d1.jpg 660w\" sizes=\"(max-width: 300px) 100vw, 300px\" \/>                      <\/div>\n                      <div class=\"overlay\" style=\"background-color: rgba(0,0,0,.3)\"><\/div>                                        <\/div>\n                  <div class=\"box-text text-center\" style=\"background-color:rgba(0, 0, 0, 0.42);\">\n                        <div class=\"box-text-inner\">\n                            <p>H\u1ecdc \u0111\u00e0n Violon<\/p>\n                        <\/div>\n                  <\/div>\n              <\/div>\n            <\/a>\n            <\/div>\n          <\/div>\n                 <div class=\"page-col col\" >\n          <div class=\"col-inner\" >\n          <a class=\"plain\" href=\"https:\/\/webmaibinh.com\/w\/art\/khoa-hoc\/nhac-cu-phuong-tay\/hoc-dan-guitar\/\" title=\"H\u1ecdc \u0111\u00e0n Guitar\" target=\"\">\n            <div class=\"page-box box has-hover box-overlay dark\">\n                  <div class=\"box-image\" >\n                      <div class=\"box-image image-zoom image-cover\" style=\"padding-top:71{4bc40fccf820538786a190491671b3e878468d2f00f9c0b0905e1da0db2ee815};\">\n                      <img width=\"300\" height=\"169\" src=\"https:\/\/webmaibinh.com\/w\/art\/wp-content\/uploads\/2017\/10\/meo-hoc-hop-am-guitar-500x282-300x169.jpg\" class=\"attachment-medium size-medium\" alt=\"\" loading=\"lazy\" srcset=\"https:\/\/webmaibinh.com\/w\/art\/wp-content\/uploads\/2017\/10\/meo-hoc-hop-am-guitar-500x282-300x169.jpg 300w, https:\/\/webmaibinh.com\/w\/art\/wp-content\/uploads\/2017\/10\/meo-hoc-hop-am-guitar-500x282.jpg 500w\" sizes=\"(max-width: 300px) 100vw, 300px\" \/>                      <\/div>\n                      <div class=\"overlay\" style=\"background-color: rgba(0,0,0,.3)\"><\/div>                                        <\/div>\n                  <div class=\"box-text text-center\" style=\"background-color:rgba(0, 0, 0, 0.42);\">\n                        <div class=\"box-text-inner\">\n                            <p>H\u1ecdc \u0111\u00e0n Guitar<\/p>\n                        <\/div>\n                  <\/div>\n              <\/div>\n            <\/a>\n            <\/div>\n          <\/div>\n         <\/div>\n","protected":false},"excerpt":{"rendered":"<p>\u00c2m nh\u1ea1c th\u1eddi ph\u1ee5c h\u01b0ng \u1edf ph\u01b0\u01a1ng T\u00e2y b\u1eaft \u0111\u1ea7u \u0111i nh\u1eefng b\u01b0\u1edbc non tr\u1ebb, song t\u1eebng b\u01b0\u1edbc c\u00f3 v\u1ecb tr\u00ed v\u1eefng v\u00e0ng. C\u00e1c lo\u1ea1i nh\u1ea1c c\u1ee5 ti\u00eau bi\u1ec3u \u1edf ph\u01b0\u01a1ng T\u00e2y g\u1ed3m: \u0111\u00e0n Luyt, \u0111\u00e0n Oocgan, \u0111\u00e0n Clavecine, \u0111\u00e0n Mandoline, \u0111\u00e0n Guitare, \u0111\u00e0n Vion, \u0111\u00e0n Violon, \u0111\u00e0n Viola, \u0111\u00e0n Violoncello, \u0111\u00e0n Contrebass, s\u00e1o Flute, [&#8230;]\n","protected":false},"author":1,"featured_media":423,"parent":360,"menu_order":0,"comment_status":"closed","ping_status":"closed","template":"page-right-sidebar.php","meta":[],"_links":{"self":[{"href":"https:\/\/webmaibinh.com\/w\/art\/wp-json\/wp\/v2\/pages\/362"}],"collection":[{"href":"https:\/\/webmaibinh.com\/w\/art\/wp-json\/wp\/v2\/pages"}],"about":[{"href":"https:\/\/webmaibinh.com\/w\/art\/wp-json\/wp\/v2\/types\/page"}],"author":[{"embeddable":true,"href":"https:\/\/webmaibinh.com\/w\/art\/wp-json\/wp\/v2\/users\/1"}],"replies":[{"embeddable":true,"href":"https:\/\/webmaibinh.com\/w\/art\/wp-json\/wp\/v2\/comments?post=362"}],"version-history":[{"count":5,"href":"https:\/\/webmaibinh.com\/w\/art\/wp-json\/wp\/v2\/pages\/362\/revisions"}],"predecessor-version":[{"id":497,"href":"https:\/\/webmaibinh.com\/w\/art\/wp-json\/wp\/v2\/pages\/362\/revisions\/497"}],"up":[{"embeddable":true,"href":"https:\/\/webmaibinh.com\/w\/art\/wp-json\/wp\/v2\/pages\/360"}],"wp:featuredmedia":[{"embeddable":true,"href":"https:\/\/webmaibinh.com\/w\/art\/wp-json\/wp\/v2\/media\/423"}],"wp:attachment":[{"href":"https:\/\/webmaibinh.com\/w\/art\/wp-json\/wp\/v2\/media?parent=362"}],"curies":[{"name":"wp","href":"https:\/\/api.w.org\/{rel}","templated":true}]}}