{"id":511,"date":"2017-08-19T01:00:32","date_gmt":"2017-08-18T18:00:32","guid":{"rendered":"https:\/\/bizhostvn.com\/w\/aomua\/?post_type=product&#038;p=511"},"modified":"2017-09-25T13:22:26","modified_gmt":"2017-09-25T06:22:26","slug":"o-tu-dong-thoi-trang-cham-bi-tre-trung-cho-ban-gai","status":"publish","type":"product","link":"https:\/\/webmaibinh.com\/w\/aomua\/cua-hang\/o-tu-dong-thoi-trang-cham-bi-tre-trung-cho-ban-gai\/","title":{"rendered":"\u00d4 t\u1ef1 \u0111\u1ed9ng th\u1eddi trang ch\u1ea5m b\u1ecb tr\u1ebb trung cho b\u1ea1n g\u00e1i"},"content":{"rendered":"<h2><strong>\u00d4 T\u1ef0 \u0110\u1ed8NG CH\u1ed0NG UV H\u1eccA TI\u1ebeT CH\u1ea4M BI<\/strong><\/h2>\n<div class=\"wp-caption aligncenter\">H\u1ecda ti\u1ebft trang ph\u1ee5c ch\u1ea5m bi kh\u00f4ng ch\u1ec9 mang l\u1ea1i cho ng\u01b0\u1eddi d\u00f9ng v\u1ebb t\u01b0\u01a1i tr\u1ebb v\u00e0 \u0111\u00e1ng y\u00eau, ch\u00fang c\u00f2n c\u00f3 t\u00e1c d\u1ee5ng c\u1ef1c k\u1ef3 hi\u1ec7u qu\u1ea3 trong vi\u1ec7c \u201ck\u00e9o l\u1ea1i tu\u1ed5i xu\u00e2n\u201d cho nh\u1eefng ph\u1ee5 n\u1eef \u1edf \u0111\u1ed9 tu\u1ed5i trung ni\u00ean. T\u1eeb nh\u1eefng ng\u01b0\u1eddi b\u00ecnh th\u01b0\u1eddng cho \u0111\u1ebfn c\u00e1c si\u00eau sao Hollywood v\u00e0 ngay c\u1ea3 c\u00f4ng n\u01b0\u01a1ng Anh Qu\u1ed1c c\u0169ng b\u1ecb \u201ch\u00fat h\u1ed3n\u201d b\u1edfi h\u1ecda ti\u1ebft ch\u1ea5m bi.<\/div>\n<div class=\"wp-caption aligncenter\"><em><img title=\"\/o-tu-dong-chong-uv-cham-bi-01\" src=\"http:\/\/odutudong.com\/images\/O-NU\/o-cham-bi\/o-tu-dong-chong-uv-cham-bi-01.jpg\" alt=\"\/o-tu-dong-chong-uv-cham-bi-01\" \/><\/em><\/div>\n<div id=\"attachment_6699\" class=\"wp-caption aligncenter\"><em>\u00d4 t\u1ef1 \u0111\u1ed9ng ch\u1ed1ng UV h\u1ecda ti\u1ebft ch\u1ea5m bi nh\u00ecn nghi\u00eang<\/em><\/div>\n<p>B\u1ea1n c\u00f3 bi\u1ebft \u00a0v\u00ec sao nh\u1eefng c\u00f4 g\u00e1i \u0111\u01b0\u1ee3c g\u1ecdi t\u00ean l\u00e0 \u201cPh\u00e1i ch\u1ea5m bi\u201d kh\u00f4ng? B\u1edfi ch\u1ea5m bi l\u00e0 h\u1ecda ti\u1ebft \u0111\u1eb7c quy\u1ec1n c\u1ee7a ri\u00eang ph\u00e1i n\u1eef. V\u1edbi nh\u1eefng c\u00e1ch mix \u0111\u1ed3 kh\u00e1c nhau, h\u1ecda ti\u1ebft ch\u1ea5m bi g\u1ee3i\u00a0l\u00ean v\u1ebb \u0111\u1eb9p d\u1ec5 th\u01b0\u01a1ng, ng\u1ecdt ng\u00e0o, ng\u00e2y th\u01a1, sang tr\u1ecdng, quy\u1ebfn r\u0169, c\u00e1 t\u00ednh \u2026<\/p>\n<div class=\"wp-caption aligncenter\"><\/div>\n<div class=\"wp-caption aligncenter\"><em><img title=\"o-tu-dong-chong-uv-cham-bi-04\" src=\"http:\/\/odutudong.com\/images\/O-NU\/o-cham-bi\/o-tu-dong-chong-uv-cham-bi-04.jpg\" alt=\"o-tu-dong-chong-uv-cham-bi-04\" \/><\/em><\/div>\n<div id=\"attachment_6702\" class=\"wp-caption aligncenter\"><em>H\u1ecda ti\u1ebft ch\u1ea5m bi d\u1ec5 th\u01b0\u01a1ng<\/em><\/div>\n<p>&nbsp;<\/p>\n<p><strong>\u00d4 t\u1ef1 \u0111\u1ed9ng ch\u1ed1ng UV h\u1ecda ti\u1ebft ch\u1ea5m bi n\u1ed5i b\u1eadt v\u1edbi 5 \u01b0u \u0111i\u1ec3m v\u01b0\u1ee3t tr\u1ed9i:<\/strong><\/p>\n<p><strong>\u2013 H\u1ecda ti\u1ebft ch\u1ea5m bi quy\u1ebfn r\u0169, d\u1ec5 th\u01b0\u01a1ng:<\/strong> Kh\u00e1c h\u1eb3n nh\u1eefng chi\u1ebfc \u00f4 \u0111\u01a1n \u0111i\u1ec7u, nh\u00e0m ch\u00e1n, l\u00e0 ph\u1ee5 n\u1eef b\u1ea1n c\u00f3 quy\u1ec1n \u0111\u1eb9p. Khi b\u1ea1n b\u01b0\u1edbc \u0111i d\u01b0\u1edbi t\u00e1n \u00f4, gi\u1eefa mu\u00f4n v\u00e0n d\u00f2ng ng\u01b0\u1eddi qua l\u1ea1i, chi\u1ebfc \u00f4 v\u1edbi h\u1ecda ti\u1ebf ch\u1ea5m bi khi\u1ebfn b\u1ea1n \u0111\u1eb7c bi\u1ec7t n\u1ed5i b\u1eadt v\u00ec d\u1ec5 th\u01b0\u01a1ng.<\/p>\n<p><strong>\u2013 Kh\u1ea3 n\u0103ng ch\u1ed1ng UV \u0111\u1ed9c \u0111\u00e1o:<\/strong> Tia UV c\u00f3 t\u00e1c h\u1ea1i kh\u00f4ng nh\u1ecf \u0111\u1ed1i v\u1edbi l\u00e0n da. N\u00f3 l\u00e0 nguy\u00ean nh\u00e2n tr\u1ef1c ti\u1ebfp g\u00e2y n\u00ean c\u00e1c b\u1ec7nh nh\u01b0 s\u1ea1m da, tho\u00e1i h\u00f3a da, l\u00e0m da t\u1ed1i m\u00e0u, b\u1ea1c da, nh\u0103n da, l\u00e3o h\u00f3a da \u2026 Th\u1eadt tuy\u1ec7t v\u1eddi khi b\u1ea1n c\u00f3 1 chi\u1ebfc \u00f4 c\u00f3 kh\u1ea3 n\u0103ng ch\u1ed1ng UV \u0111\u1ed9c \u0111\u00e1o. V\u1edbi t\u00e1n \u00f4 x\u00f2a r\u1ed9ng, b\u1ea1n c\u00f3 th\u1ec3 thu m\u00ecnh trong b\u00f3ng \u00f4, b\u1ea3o v\u1ec7 ho\u00e0n h\u1ea3o l\u00e0n da to\u00e0n th\u00e2n d\u01b0\u1edbi\u00a0nh\u1eefng tia UV \u0111\u00e1ng s\u1ee3.<\/p>\n<div class=\"wp-caption aligncenter\"><\/div>\n<div class=\"wp-caption aligncenter\"><em><img title=\"o-tu-dong-chong-uv-cham-bi-07\" src=\"http:\/\/odutudong.com\/images\/O-NU\/o-cham-bi\/o-tu-dong-chong-uv-cham-bi-07.jpg\" alt=\"o-tu-dong-chong-uv-cham-bi-07\" \/><\/em><\/div>\n<div id=\"attachment_6700\" class=\"wp-caption aligncenter\"><em>\u00d4 t\u1ef1 \u0111\u1ed9ng h\u1ecda ti\u1ebft ch\u1ea5m bi ch\u1ed1ng UV b\u1eb1ng l\u1edbp nh\u1ef1a Vinyl ph\u1ee7 b\u00ean d\u01b0\u1edbi<\/em><\/div>\n<p>&nbsp;<\/p>\n<p><strong>\u2013 Kh\u1ea3 n\u0103ng ch\u1ed1ng th\u1ea5m n\u01b0\u1edbc:<\/strong> L\u1edbp nh\u1ef1a Vinyl ch\u1ed1ng UV c\u00f2n c\u00f3 t\u00e1c d\u1ee5ng ng\u0103n c\u1ea3n kh\u1ea3 n\u0103ng th\u1ea5m n\u01b0\u1edbc c\u1ee7a l\u1edbp v\u1ea3i \u00f4. Gi\u00fap \u00f4 r\u0169 n\u01b0\u1edbc nhanh tr\u00f4i, nhanh kh\u00f4 trong th\u1eddi ti\u1ebft m\u01b0a gi\u00f3.<\/p>\n<p><strong>\u2013 N\u00fat b\u1ea5m \u0111\u00f3ng\/m\u1edf t\u1ef1 \u0111\u1ed9ng ti\u1ec7n d\u1ee5ng:<\/strong> B\u1ea1n bao gi\u1edd b\u1ecb k\u1eb9t \u00f4 khi m\u1edf \u00f4 th\u00f4ng th\u01b0\u1eddng ch\u01b0a? B\u1ea1n bao gi\u1edd g\u1eb7p kh\u00f3 kh\u0103n khi ph\u1ea3i m\u1edf \u00f4 b\u1eb1ng 1 tay? \u2026 Nh\u1eefng kh\u00f3 kh\u0103n \u1ea5y s\u1ebd kh\u00f4ng c\u00f2n khi b\u1ea1n s\u1eed d\u1ee5ng \u00f4 t\u1ef1 \u0111\u1ed9ng. M\u1ed9t c\u00e1i b\u1ea5m nh\u1eb9, t\u00e1n \u00f4 \u0111\u00e3 x\u00f2e bung tr\u00ean \u0111\u1ea7u, \u0111\u01a1n gi\u1ea3n v\u00e0 ti\u1ec7n \u00edch, kh\u00f4ng \u01b0\u1edbt tay nh\u01b0 khi s\u1eed d\u1ee5ng \u00f4 th\u00f4ng th\u01b0\u1eddng. B\u1ea1n ho\u00e0n to\u00e0n c\u00f3 th\u1ec3 1 tay \u0111\u00f3ng\/m\u1edf \u00f4, 1 tay v\u1eabn l\u01b0\u1edbt smartphone \u0111\u1ec1u \u0111\u1ec1u nh\u00e9.<\/p>\n<div class=\"wp-caption aligncenter\"><\/div>\n<div class=\"wp-caption aligncenter\"><em><img title=\"o-tu-dong-chong-uv-cham-bi-06\" src=\"http:\/\/odutudong.com\/images\/O-NU\/o-cham-bi\/o-tu-dong-chong-uv-cham-bi-06.jpg\" alt=\"o-tu-dong-chong-uv-cham-bi-06\" \/><\/em><\/div>\n<div id=\"attachment_6704\" class=\"wp-caption aligncenter\"><em>N\u00fat b\u1ea5m \u0111\u00f3ng\/m\u1edf t\u1ef1 \u0111\u1ed9ng c\u1ee7a \u00f4 ch\u1ed1ng UV h\u1ecda ti\u1ebft ch\u1ea5m bi<\/em><\/div>\n<p>&nbsp;<\/p>\n<p><strong>\u2013 Thi\u1ebft k\u1ebf nh\u1eb9 nh\u1ecf g\u1ecdn:<\/strong> \u00d4 t\u1ef1 \u0111\u1ed9ng ch\u1ed1ng UV h\u1ecda ti\u1ebft ch\u1ea5m bi tr\u1ecdng l\u01b0\u1ee3ng ch\u1ec9 kho\u1ea3ng 400gr (nh\u1eb9 h\u01a1n tr\u1ecdng l\u01b0\u1ee3ng 1 chai n\u01b0\u1edbc kho\u00e1ng Lavie), khi g\u1ea5p g\u1ecdn ch\u1ec9 28cm, d\u1ec5 d\u00e0ng b\u1ecf v\u1eeba t\u00fai x\u00e1ch, c\u1ed1p xe, balo\u2026 Thu\u1eadn ti\u1ec7n mang b\u00ean m\u00ecnh khi \u0111i l\u00e0m v\u00e0 \u0111i du l\u1ecbch.<\/p>\n<div class=\"wp-caption aligncenter\"><\/div>\n<div class=\"wp-caption aligncenter\"><em><img title=\"o-tu-dong-chong-uv-cham-bi-05\" src=\"http:\/\/odutudong.com\/images\/O-NU\/o-cham-bi\/o-tu-dong-chong-uv-cham-bi-05.jpg\" alt=\"o-tu-dong-chong-uv-cham-bi-05\" \/><\/em><\/div>\n<div id=\"attachment_6703\" class=\"wp-caption aligncenter\"><em>\u00d4 t\u1ef1 \u0111\u1ed9ng ch\u1ed1ng UV h\u1ecda ti\u1ebft ch\u1ea5m bi g\u1ea5p g\u1ecdn d\u00e0i 28cm<\/em><\/div>\n<div class=\"wp-caption aligncenter\"><\/div>\n","protected":false},"excerpt":{"rendered":"<p>H\u1ecda ti\u1ebft trang ph\u1ee5c ch\u1ea5m bi kh\u00f4ng ch\u1ec9 mang l\u1ea1i cho ng\u01b0\u1eddi d\u00f9ng v\u1ebb t\u01b0\u01a1i tr\u1ebb v\u00e0 \u0111\u00e1ng y\u00eau, ch\u00fang c\u00f2n c\u00f3 t\u00e1c d\u1ee5ng c\u1ef1c k\u1ef3 hi\u1ec7u qu\u1ea3 trong vi\u1ec7c \u201ck\u00e9o l\u1ea1i tu\u1ed5i xu\u00e2n\u201d cho nh\u1eefng ph\u1ee5 n\u1eef \u1edf \u0111\u1ed9 tu\u1ed5i trung ni\u00ean. T\u1eeb nh\u1eefng ng\u01b0\u1eddi b\u00ecnh th\u01b0\u1eddng cho \u0111\u1ebfn c\u00e1c si\u00eau sao Hollywood v\u00e0 ngay c\u1ea3 c\u00f4ng n\u01b0\u01a1ng Anh Qu\u1ed1c c\u0169ng b\u1ecb \u201ch\u00fat h\u1ed3n\u201d b\u1edfi h\u1ecda ti\u1ebft ch\u1ea5m bi.<\/p>\n","protected":false},"featured_media":512,"template":"","meta":[],"_links":{"self":[{"href":"https:\/\/webmaibinh.com\/w\/aomua\/wp-json\/wp\/v2\/product\/511"}],"collection":[{"href":"https:\/\/webmaibinh.com\/w\/aomua\/wp-json\/wp\/v2\/product"}],"about":[{"href":"https:\/\/webmaibinh.com\/w\/aomua\/wp-json\/wp\/v2\/types\/product"}],"wp:featuredmedia":[{"embeddable":true,"href":"https:\/\/webmaibinh.com\/w\/aomua\/wp-json\/wp\/v2\/media\/512"}],"wp:attachment":[{"href":"https:\/\/webmaibinh.com\/w\/aomua\/wp-json\/wp\/v2\/media?parent=511"}],"curies":[{"name":"wp","href":"https:\/\/api.w.org\/{rel}","templated":true}]}}