{"id":508,"date":"2017-08-19T00:59:24","date_gmt":"2017-08-18T17:59:24","guid":{"rendered":"https:\/\/bizhostvn.com\/w\/aomua\/?post_type=product&#038;p=508"},"modified":"2017-08-19T00:59:24","modified_gmt":"2017-08-18T17:59:24","slug":"o-tu-dong-hinh-meo-mau-hong-de-thuong-nu-tinh","status":"publish","type":"product","link":"https:\/\/webmaibinh.com\/w\/aomua\/cua-hang\/o-tu-dong-hinh-meo-mau-hong-de-thuong-nu-tinh\/","title":{"rendered":"\u00d4 t\u1ef1 \u0111\u1ed9ng h\u00ecnh m\u00e8o m\u00e0u h\u1ed3ng d\u1ec5 th\u01b0\u01a1ng n\u1eef t\u00ednh"},"content":{"rendered":"<h2><strong>T\u1ef0 TIN V\u1edaI \u00d4 T\u1ef0 \u0110\u1ed8NG H\u00ccNH M\u00c8O M\u00c0U H\u1ed2NG KHI \u0110I DU L\u1ecaCH<\/strong><\/h2>\n<p>Khi b\u1ea1n \u0111i du l\u1ecbch, c\u00f3 ch\u1eafc th\u1eddi ti\u1ebft s\u1ebd \u0111\u1eb9p nh\u01b0 b\u1ea1n mong mu\u1ed1n v\u1eady n\u00ean b\u1ea1n c\u1ea7n c\u00f3 nh\u1eefng d\u1ef1 ph\u00f2ng cho m\u1ecdi \u0111i\u1ec1u ki\u1ec7n th\u1eddi ti\u1ebft. \u00d4 d\u00f9 t\u1ef1 \u0111\u1ed9ng h\u00ecnh m\u00e8o l\u00e0 m\u1ed9t chi\u1ebfc <a href=\"http:\/\/odutudong.com\/\"><strong>\u00f4 d\u00f9 du l\u1ecbch<\/strong><\/a> ho\u00e0n h\u1ea3o \u0111\u1ec3 mang theo v\u00e0 h\u1ee3p nh\u1ea5t l\u00e0 \u0111\u1ed1i v\u1edbi ph\u00e1i \u0111\u1eb9p.<\/p>\n<p><strong><img src=\"http:\/\/odutudong.com\/images\/O-NU\/Meo-hong\/o-tu-dong-hinh-meo-mau-hong-0006.jpg\" alt=\"o-tu-dong-hinh-meo-mau-hong-0006\" \/><\/strong><\/p>\n<div id=\"tab-1\">\n<div>\n<div id=\"attachment_4548\" class=\"wp-caption aligncenter\"><em>\u00d4 \u0111\u00f3ng m\u1edf t\u1ef1 \u0111\u1ed9ng Rechar h\u00ecnh m\u00e8o m\u00e0u h\u1ed3ng<\/em><\/div>\n<\/div>\n<div><\/div>\n<div>Kh\u00f4ng th\u1ec3 ph\u1ee7 nh\u1eadn ti\u1ec7n\u00a0\u00edch c\u1ee7a chi\u1ebfc\u00a0\u00f4 c\u1ea7m tay, d\u00f9 n\u1eafng hay m\u01b0a\u00a0\u00f4\u00a0\u0111\u1ec1u che n\u1eafng\u00a0\u0111\u01b0\u1ee3c cho ch\u00fang ta.\u00a0\u0110\u1eb7c bi\u1ec7t v\u1edbi c\u00e1c b\u1ea1n n\u1eef,\u00a0\u00f4 t\u1ef1\u00a0\u0111\u1ed3ng m\u00e0u h\u1ed3ng lu\u00f4n l\u00e0 m\u1eabu\u00a0\u00f4\u00a0\u0111\u01b0\u1ee3c\u00a0\u01b0u ti\u00ean l\u1ef1a ch\u1ecdn.<\/div>\n<div>\n<p>\u00d4 t\u1ef1 \u0111\u1ed9ng h\u00ecnh m\u00e8o l\u00e0 m\u1ed9t trong nh\u1eefng s\u1ea3n ph\u1ea9m Korea Design cho c\u00e1c b\u1ea1n n\u1eef v\u1edbi h\u00ecnh nh\u1eefng ch\u00fa m\u00e8o d\u1ec5 th\u01b0\u01a1ng v\u00e0 nh\u1ecf g\u1ecdn nh\u1ea5t. Chi\u1ebfc \u00f4 c\u00f3 s\u1ee9c b\u1eadt t\u1ed1t, b\u1ec1n, ch\u1ecbu \u0111\u01b0\u1ee3c gi\u00f3 m\u1ea1nh v\u00e0 gi\u00f3 l\u1edbn gi\u00fap b\u1ea1n y\u00ean t\u00e2m mang theo khi \u0111i du l\u1ecbch.<\/p>\n<\/div>\n<div><\/div>\n<div><img src=\"http:\/\/odutudong.com\/images\/O-NU\/Meo-hong\/o-tu-dong-hinh-meo-mau-hong-0004.jpg\" alt=\"o-tu-dong-hinh-meo-mau-hong-0004\" \/><\/div>\n<div>\n<div id=\"attachment_4538\" class=\"wp-caption aligncenter\"><em>\u00d4 t\u1ef1 \u0111\u1ed9ng ch\u1ed1ng n\u1eafng v\u00e0 UV t\u1ed1t\u00a0<\/em><\/div>\n<\/div>\n<div><\/div>\n<div><img src=\"http:\/\/odutudong.com\/images\/O-NU\/Meo-hong\/o-tu-dong-hinh-meo-mau-hong-0009.jpg\" alt=\"o-tu-dong-hinh-meo-mau-hong-0009\" \/><\/div>\n<div><\/div>\n<\/div>\n<div>\n<div id=\"attachment_4542\" class=\"wp-caption aligncenter\"><em>C\u00e1c m\u00e0u c\u1ee7a \u00f4 t\u1ef1 \u0111\u1ed9ng h\u00ecnh m\u00e8o<\/em><\/div>\n<\/div>\n<div><\/div>\n<div id=\"tab-1\">\n<div><strong>\u00d4 t\u1ef1 \u0111\u1ed9ng h\u00ecnh m\u00e8o<\/strong> c\u00f3 h\u1ecda ti\u1ebft m\u00e8o v\u00e0 tr\u00e1i tim c\u00e1ch \u0111i\u1ec7u r\u1ea5t ki\u00eau k\u1ef3 v\u00e0 d\u1ec5 th\u01b0\u01a1ng.\u00a0Ch\u00fa m\u00e8o ng\u1ed3i rong ch\u01a1i th\u1ea3nh th\u01a1i, nh\u1eefng tr\u00e1i tim v\u00e0 s\u00f3ng nh\u1ea1c c\u00e1ch\u00a0\u0111i\u1ec7u bay b\u1ed5ng nh\u01b0 1 b\u00e0i th\u01a1 c\u1ee7a cu\u1ed9c s\u1ed1ng.\u00a0\u00d4 t\u1ef1\u00a0\u0111\u1ed9ng h\u00ecnh m\u00e8o s\u1eed d\u1ee5ng m\u00e0u h\u1ed3ng nh\u1ea1t\u00a0l\u00e0m m\u00e0u ch\u1ee7\u00a0\u0111\u1ea1o. M\u00e0u h\u1ed3ng nh\u1ea1t k\u1ebft h\u1ee3p v\u1edbi s\u1eafc t\u00edm m\u1ed9ng m\u01a1, t\u1ea1o cho \u00f4 1 v\u1ebb \u0111\u1eb9p d\u1ecbu d\u00e0ng, th\u01a1 ngay, n\u1eef t\u00ednh. M\u00e0u h\u1ed3ng c\u1ee7a \u00f4 k\u1ebft h\u1ee3p v\u1edbi l\u1edbp l\u00f3t m\u00e0u b\u1ea1c ho\u1eb7c m\u00e0u \u0111en gi\u00fap t\u0103ng kh\u1ea3 n\u0103ng ch\u1ed1ng UV, r\u1ea5t d\u1ec5 ph\u1ed1i\u00a0\u0111\u1ed3 v\u1edbi c\u00e1c trang ph\u1ee5c s\u00e1ng ho\u1eb7c t\u1ed1i m\u00e0u\u00a0\u0111\u1ec1u r\u1ea5t\u00a0\u0111\u1eb9p.\u00a0<strong>\u00d4 t\u1ef1\u00a0\u0111\u1ed9ng h\u00ecnh m\u00e8o m\u00e0u h\u1ed3ng\u00a0<\/strong>ph\u00f9 h\u1ee3p v\u1edbi nh\u1eefng b\u1ea1n n\u1eef tr\u1ebb trung, s\u00f4i n\u1ed5i, n\u1eef t\u00ednh. Chi\u1ebfc\u00a0\u00f4 v\u1edbi m\u00e0u s\u1eafc t\u01b0\u01a1i s\u00e1ng n\u1ed5i b\u1eadt kh\u00f4ng ch\u1ec9 l\u00e0 1 v\u1eadt d\u1ee5ng h\u1eefu\u00a0\u00edch m\u00e0 c\u00f2n l\u00e0 1 ph\u1ee5 ki\u1ec7n th\u1eddi trang r\u1ea5t ti\u1ec7n d\u1ee5ng.<\/div>\n<div><\/div>\n<div><\/div>\n<div><\/div>\n<div>\u00a0<img src=\"http:\/\/odutudong.com\/images\/O-NU\/Meo-hong\/o-dong-mo-tu-dong-ttk-hinh-meo-09.jpg\" alt=\"o-dong-mo-tu-dong-ttk-hinh-meo-09\" \/><\/div>\n<\/div>\n<div>\n<div id=\"attachment_4544\" class=\"wp-caption aligncenter\"><em>\u00d4 Rechar h\u00ecnh m\u00e8o m\u00e0u h\u1ed3ng v\u00e0 m\u00e0u \u0111en<\/em><\/div>\n<div class=\"wp-caption aligncenter\"><\/div>\n<\/div>\n<div id=\"tab-1\">\n<div><strong><em>\u00d4 t\u1ef1 \u0111\u1ed9ng h\u00ecnh m\u00e8o<\/em><\/strong> c\u00f3 khung 8 c\u1ea1nh \u0111\u01b0\u1ee3c l\u00e0m t\u1eeb ch\u1ea5t li\u1ec7u h\u1ee3p kim\u00a0th\u00e9p r\u1ea5t c\u1ee9ng c\u00e1p, c\u00e1c \u0111\u01b0\u1eddng may \u00f4 r\u1ea5t ch\u1eafc ch\u1eafn, \u0111\u01b0\u1ee3c may c\u1ea9n th\u1eadn t\u1eebng \u0111\u01b0\u1eddng kim s\u1ee3i ch\u1ec9. Ch\u1ea5t li\u1ec7u v\u1ea3i l\u00e0m n\u00ean chi\u1ebfc \u00f4 du l\u1ecbch n\u00e0y ch\u00ednh l\u00e0 ch\u1ea5t li\u1ec7u v\u1ea3i crom d\u00e0y d\u1eb7n v\u00e0 \u0111\u01b0\u1ee3c ph\u1ee7 th\u00eam m\u1ed9t l\u1edbp tr\u00e1ng b\u1ea1c ch\u1ed1ng UV, c\u1ef1c t\u00edm r\u1ea5t t\u1ed1t, kh\u1ea3 n\u0103ng ch\u1ed1ng th\u1ea5m n\u01b0\u1edbc cao v\u00e0 c\u1ef1c k\u1ef3 nhanh kh\u00f4, r\u1ea5t ti\u1ec7n l\u1ee3i khi s\u1eed d\u1ee5ng. C\u00f9ng v\u1edbi \u0111\u00f3 l\u00e0 ch\u1ea5t li\u1ec7u khung t\u1eeb h\u1ee3p kim th\u00e9p r\u1ea5t c\u1ee9ng c\u00e1p v\u00e0 c\u00e1c \u0111\u01b0\u1eddng may ch\u1eafc ch\u1eafn, c\u1ea9n th\u1eadn. \u0110\u00e2y l\u00e0 d\u1ea1ng \u00f4 c\u00e1n ng\u1eafn\u00a0v\u1edbi \u01b0u \u0111i\u1ec3m l\u00e0 si\u00eau ch\u1eafc ch\u1eafn, si\u00eau b\u1ec1n \u0111\u1ed3ng th\u1eddi \u00a0l\u1ea1i\u00a0l\u1ee3i khi mu\u1ed1n mang theo b\u00ean m\u00ecnh.<\/div>\n<div><\/div>\n<div>Tr\u1ecdng l\u01b0\u1ee3ng c\u1ee7a chi\u1ebfc \u00f4 ch\u1ec9 kho\u1ea3ng 295gr v\u00e0 k\u00edch th\u01b0\u1edbc khi g\u1ea5p l\u00e0 28cm, kh\u00f4ng t\u1ed1n di\u1ec7n t\u00edch c\u0169ng nh\u01b0 t\u0103ng tr\u1ecdng l\u01b0\u1ee3ng \u0111\u1ed3 b\u1ea1n mang theo khi \u0111i du l\u1ecbch l\u00e0 m\u1ea5y. M\u00e0 khi s\u1eed d\u1ee5ng l\u1ea1i r\u1ea5t c\u1ea7n thi\u1ebft, r\u1ea5t ti\u1ec7n l\u1ee3i v\u00e0 an to\u00e0n.<\/div>\n<div>\n<div class=\"wp-caption aligncenter\"><\/div>\n<div class=\"wp-caption aligncenter\"><em><img src=\"http:\/\/odutudong.com\/images\/O-NU\/Meo-hong\/o-dong-mo-tu-dong-rechar-hinh-meo-012.jpg\" alt=\"o-dong-mo-tu-dong-rechar-hinh-meo-012\" \/><\/em><\/div>\n<\/div>\n<\/div>\n<div id=\"attachment_6110\" class=\"wp-caption aligncenter\"><\/div>\n<div id=\"attachment_4546\" class=\"wp-caption aligncenter\"><em>C\u1eadn c\u1ea3nh c\u00e1c chi ti\u1ebft \u00f4 Rechar<\/em><\/div>\n<div class=\"wp-caption aligncenter\"><\/div>\n<div class=\"wp-caption aligncenter\">\n<p>Khung x\u01b0\u01a1ng h\u1ee3p kim nh\u00f4m 8 nan ph\u00e2n t\u00e1n \u0111\u1ec1u, gi\u00fap \u00f4 \u0111\u00f3ng m\u1edf nh\u1eb9 nh\u00e0ng v\u00e0 \u00eam \u00e1i \u0111\u1ed3ng th\u1eddi v\u1eabn ch\u1eafc ch\u1eafn, kh\u00f4ng s\u1ee3 b\u1ecb l\u1eadt \u00f4 khi g\u1eb7p m\u01b0a to gi\u00f3 l\u1edbn. H\u01a1n n\u1eefa d\u00f2ng \u00f4 du l\u1ecbch n\u00e0y c\u00f3 5 m\u00e0u cho b\u1ea1n l\u1ef1a ch\u1ecdn \u0111\u01b0\u1ee3c chi\u1ebfc m\u00ecnh th\u00edch nh\u1ea5t.<\/p>\n<\/div>\n","protected":false},"excerpt":{"rendered":"<p>&#8211; Ch\u1ea5t li\u1ec7u: v\u1ea3i tr\u00e1ng UV m\u00e0u \u0111en ho\u1eb7c m\u00e0u b\u1ea1c \u1edf m\u1eb7t l\u00f3t. Khung x\u01b0\u01a1ng h\u1ee3p kim nh\u00f4m 8 nan ph\u00e2n t\u00e1n \u0111\u1ec1u, gi\u00fap \u00f4 \u0111\u00f3ng m\u1edf nh\u1eb9 nh\u00e0ng, \u00eam nh\u01b0ng v\u1eabn ch\u1eafc ch\u1eafn, ch\u1ecbu \u0111\u01b0\u1ee3c m\u01b0a gi\u00f3.<\/p>\n<p>&#8211; Ch\u1ec9 s\u1ed1 UPEV: 40+ (ch\u1ed1ng n\u1eafng, ch\u1ed1ng UV 80%)<\/p>\n","protected":false},"featured_media":509,"template":"","meta":[],"_links":{"self":[{"href":"https:\/\/webmaibinh.com\/w\/aomua\/wp-json\/wp\/v2\/product\/508"}],"collection":[{"href":"https:\/\/webmaibinh.com\/w\/aomua\/wp-json\/wp\/v2\/product"}],"about":[{"href":"https:\/\/webmaibinh.com\/w\/aomua\/wp-json\/wp\/v2\/types\/product"}],"wp:featuredmedia":[{"embeddable":true,"href":"https:\/\/webmaibinh.com\/w\/aomua\/wp-json\/wp\/v2\/media\/509"}],"wp:attachment":[{"href":"https:\/\/webmaibinh.com\/w\/aomua\/wp-json\/wp\/v2\/media?parent=508"}],"curies":[{"name":"wp","href":"https:\/\/api.w.org\/{rel}","templated":true}]}}