{"id":506,"date":"2017-08-19T00:57:58","date_gmt":"2017-08-18T17:57:58","guid":{"rendered":"https:\/\/bizhostvn.com\/w\/aomua\/?post_type=product&#038;p=506"},"modified":"2017-08-19T00:57:58","modified_gmt":"2017-08-18T17:57:58","slug":"o-tu-dong-olycat-hinh-thao-nguyen","status":"publish","type":"product","link":"https:\/\/webmaibinh.com\/w\/aomua\/cua-hang\/o-tu-dong-olycat-hinh-thao-nguyen\/","title":{"rendered":"\u00d4 t\u1ef1 \u0111\u1ed9ng Olycat h\u00ecnh th\u1ea3o nguy\u00ean"},"content":{"rendered":"<h2><strong>\u00d4 T\u1ef0 \u0110\u1ed8NG OLYCAT H\u00ccNH\u00a0TH\u1ea2O NGUY\u00caN<\/strong><\/h2>\n<p><img src=\"http:\/\/odutudong.com\/images\/O-NU\/olycat-01\/o-tu-dong-olycat-hnh-canh-dong-01.jpg\" alt=\"o-tu-dong-olycat-hnh-canh-dong-01\" \/><\/p>\n<p><em>\u00d4 t\u1ef1 \u0111\u1ed9ng OlyCat h\u00ecnh th\u1ea3o nguy\u00ean<\/em><\/p>\n<p>Th\u1ea3o nguy\u00ean l\u00e0 v\u00f9ng \u0111\u1ed3ng c\u1ecf r\u1ed9ng l\u1edbn, kh\u00f4ng gian r\u1ed9ng r\u00e3i, ng\u1eadp tr\u00e0n n\u1eafng gi\u00f3 v\u00e0 c\u00f3 th\u1ec3 ph\u00f3ng t\u1ea7m m\u1eaft xa. V\u00ec v\u1eady, ngh\u0129 \u0111\u1ebfn th\u1ea3o nguy\u00ean l\u00e0 ng\u01b0\u1eddi ta ngh\u0129 \u0111\u1ebfn nh\u1eefng kh\u00f4ng gian kho\u00e1ng \u0111\u1ea1t, c\u00f3 th\u1ec3 th\u1ea3 m\u00ecnh trong n\u1eafng gi\u00f3, ngh\u1ec9 ng\u01a1i, th\u01b0 gi\u00e3n, c\u00e1ch xa \u1ed3n \u00e0o, b\u1ee5i b\u1eb7m ph\u1ed1 ph\u01b0\u1eddng.<\/p>\n<div class=\"wp-caption aligncenter\"><img src=\"http:\/\/odutudong.com\/images\/O-NU\/olycat-01\/o-tu-dong-olycat-hnh-canh-dong-03.jpg\" alt=\"o-tu-dong-olycat-hnh-canh-dong-03\" \/><\/div>\n<div id=\"attachment_6281\" class=\"wp-caption aligncenter\">D\u00f9\u00a0t\u1ef1 \u0111\u1ed9ng OlyCat h\u00ecnh th\u1ea3o nguy\u00ean<\/div>\n<p>&nbsp;<\/p>\n<h3><strong>TH\u00d4NG TIN S\u1ea2N PH\u1ea8M \u00d4 T\u1ef0 \u0110\u1ed8NG OLYCAT H\u00ccNH\u00a0TH\u1ea2O NGUY\u00caN<\/strong><\/h3>\n<p>\u0110\u01b0\u1eddng k\u00ednh: 97 cm. K\u00edch th\u01b0\u1edbc t\u00e1n 53.5 x8cm<\/p>\n<p>Chi\u1ec1u cao khi m\u1edf \u00f4: 55cm<\/p>\n<p>Chi\u1ec1u d\u00e0i khi g\u1ea5p g\u1ecdn: 28cm<\/p>\n<p>M\u1eadt \u0111\u1ed9 v\u1ea3i: 210T. V\u1ea3i Crom ph\u1ee7 cao su ch\u1ed1ng UV v\u00e0 ch\u1ed1ng th\u1ea5m c\u1ef1c t\u1ed1t.<\/p>\n<p>Ch\u1ec9 s\u1ed1 UVPE: 50+ (t\u01b0\u01a1ng \u0111\u01b0\u01a1ng ch\u1ed1ng UV 99.9%)<\/p>\n<p>\u00d4 t\u1ef1 \u0111\u1ed9ng Olycat h\u00ecnh th\u1ea3o nguy\u00ean\u00a0c\u00f3 2 m\u00e0u xanh navy, tr\u1eafng kem cho kh\u00e1ch h\u00e0ng l\u1ef1a ch\u1ecdn.<\/p>\n<div class=\"wp-caption aligncenter\"><em><img src=\"http:\/\/odutudong.com\/images\/O-NU\/olycat-01\/o-tu-dong-olycat-hnh-canh-dong-05.jpg\" alt=\"o-tu-dong-olycat-hnh-canh-dong-05\" \/><\/em><\/div>\n<div id=\"attachment_6284\" class=\"wp-caption aligncenter\"><em>\u00d4 t\u1ef1 \u0111\u1ed9ng OlyCat h\u00ecnh th\u1ea3o nguy\u00ean r\u1ea5t tr\u1ebb trung<\/em><\/div>\n<p>\u00d4 t\u1ef1 \u0111\u1ed9ng OlyCat s\u1eed d\u1ee5ng nh\u1eefng h\u00ecnh \u1ea3nh quen thu\u1ed9c c\u1ee7a th\u1ea3o nguy\u00ean \u0111\u1ec3 \u0111\u01b0a ng\u01b0\u1eddi s\u1eed d\u1ee5ng \u0111\u1ebfn m\u1ed9t kh\u00f4ng gian kh\u00e1c. Nh\u1eefng chi\u1ebfc l\u00e1 nh\u1ecf tung bay trong gi\u00f3 l\u1ed9ng. H\u00ecnh b\u00f9 nh\u00ecn th\u1ea3nh th\u01a1i \u0111\u00f3n gi\u00f3, th\u01b0 gi\u00e3n. Nh\u1eefng b\u00f4ng l\u00faa m\u1ef3 ph\u1ea5t ph\u01a1 n\u01b0\u01a1ng theo chi\u1ec1u gi\u00f3. T\u1ea5t c\u1ea3 t\u1ea1o th\u00e0nh 1 t\u1ed5ng th\u1ec3 th\u1ea3o nguy\u00ean thu nh\u1ecf ho\u00e0n ch\u1ec9nh.<\/p>\n<div class=\"wp-caption aligncenter\"><em><img src=\"http:\/\/odutudong.com\/images\/O-NU\/olycat-01\/o-tu-dong-olycat-hnh-canh-dong-12.jpg\" alt=\"o-tu-dong-olycat-hnh-canh-dong-12\" \/><\/em><\/div>\n<div id=\"attachment_6283\" class=\"wp-caption aligncenter\"><em>D\u00f9\u00a0t\u1ef1 \u0111\u1ed9ng OlyCat h\u00ecnh th\u1ea3o nguy\u00ean c\u00f3 2 m\u00e0u xanh v\u00e0 tr\u1eafng<\/em><\/div>\n<p>\u00d4 c\u00f3 ph\u1ee7 l\u1edbp ch\u1ed1ng UV, thu\u1eadn ti\u1ec7n s\u1eed d\u1ee5ng c\u1ea3 khi tr\u1eddi n\u1eafng. V\u1ea3i ch\u1ed1ng th\u1ea5m n\u01b0\u1edbc v\u00e0 khung x\u01b0\u01a1ng ch\u1eafc ch\u1eafn, \u00f4 t\u1ef1 \u0111\u1ed9ng Olycat h\u00ecnh th\u1ea3o nguy\u00ean c\u00f3 th\u1ec3 theo b\u1ea1n trong m\u1ecdi \u0111i\u1ec1u ki\u1ec7n th\u1eddi ti\u1ebft. K\u00edch th\u01b0\u1edbc nh\u1ecf g\u1ecdn n\u00ean r\u1ea5t ti\u1ec7n mang theo ng\u01b0\u1eddi khi du l\u1ecbch, di chuy\u1ec3n ho\u1eb7c vui ch\u01a1i.<\/p>\n<div class=\"wp-caption aligncenter\"><em><img src=\"http:\/\/odutudong.com\/images\/O-NU\/olycat-01\/o-tu-dong-olycat-hnh-canh-dong-04.jpg\" alt=\"o-tu-dong-olycat-hnh-canh-dong-04\" \/><\/em><\/div>\n<div id=\"attachment_6285\" class=\"wp-caption aligncenter\"><em>\u00d4 t\u1ef1 \u0111\u1ed9ng OlyCat h\u00ecnh th\u1ea3o nguy\u00ean nh\u00ecn t\u1eeb 2 ph\u00eda<\/em><\/div>\n<div class=\"wp-caption aligncenter\"><\/div>\n<div class=\"wp-caption aligncenter\"><em><img src=\"http:\/\/odutudong.com\/images\/O-NU\/olycat-01\/o-tu-dong-olycat-hnh-canh-dong-06.jpg\" alt=\"o-tu-dong-olycat-hnh-canh-dong-06\" \/><\/em><\/div>\n<div class=\"wp-caption aligncenter\"><em>C\u00e1n \u00f4 \u0111\u01b0\u1ee3c thi\u1ebft k\u1ebf r\u1ea5t \u0111\u1eb9p<\/em><\/div>\n","protected":false},"excerpt":{"rendered":"<p>&#8211; M\u1eadt \u0111\u1ed9 v\u1ea3i: 210T. V\u1ea3i Crom ph\u1ee7 cao su ch\u1ed1ng UV v\u00e0 ch\u1ed1ng th\u1ea5m c\u1ef1c t\u1ed1t.<\/p>\n<p>&#8211; Ch\u1ec9 s\u1ed1 UVPE: 50+ (t\u01b0\u01a1ng \u0111\u01b0\u01a1ng ch\u1ed1ng UV 99.9%)<\/p>\n<p>&#8211; \u00d4 t\u1ef1 \u0111\u1ed9ng Olycat h\u00ecnh th\u1ea3o nguy\u00ean c\u00f3 2 m\u00e0u xanh navy, tr\u1eafng kem cho kh\u00e1ch h\u00e0ng l\u1ef1a ch\u1ecdn.<\/p>\n","protected":false},"featured_media":507,"template":"","meta":[],"_links":{"self":[{"href":"https:\/\/webmaibinh.com\/w\/aomua\/wp-json\/wp\/v2\/product\/506"}],"collection":[{"href":"https:\/\/webmaibinh.com\/w\/aomua\/wp-json\/wp\/v2\/product"}],"about":[{"href":"https:\/\/webmaibinh.com\/w\/aomua\/wp-json\/wp\/v2\/types\/product"}],"wp:featuredmedia":[{"embeddable":true,"href":"https:\/\/webmaibinh.com\/w\/aomua\/wp-json\/wp\/v2\/media\/507"}],"wp:attachment":[{"href":"https:\/\/webmaibinh.com\/w\/aomua\/wp-json\/wp\/v2\/media?parent=506"}],"curies":[{"name":"wp","href":"https:\/\/api.w.org\/{rel}","templated":true}]}}