{"id":502,"date":"2017-08-19T00:55:04","date_gmt":"2017-08-18T17:55:04","guid":{"rendered":"https:\/\/bizhostvn.com\/w\/aomua\/?post_type=product&#038;p=502"},"modified":"2017-08-19T00:55:04","modified_gmt":"2017-08-18T17:55:04","slug":"o-tu-dong-rechar-hinh-meo-happy-cho-nu","status":"publish","type":"product","link":"https:\/\/webmaibinh.com\/w\/aomua\/cua-hang\/o-tu-dong-rechar-hinh-meo-happy-cho-nu\/","title":{"rendered":"\u00d4 t\u1ef1 \u0111\u1ed9ng RECHAR h\u00ecnh m\u00e8o Happy cho n\u1eef"},"content":{"rendered":"<p><strong>Ch\u1ecdn \u00f4 t\u1ef1 \u0111\u1ed9ng cho n\u1eef nh\u01b0 th\u1ebf n\u00e0o?<\/strong><\/p>\n<p>Th\u00f4ng th\u01b0\u1eddng, khi ch\u1ecdn 1 chi\u1ebfc \u00f4 ng\u01b0\u1eddi s\u1eed d\u1ee5ng lu\u00f4n \u01b0u ti\u00ean ch\u1ecdn \u00f4 ch\u1eafc, kh\u1ecfe, b\u1ec1n, t\u00e1n r\u1ed9ng. Tuy nhi\u00ean, \u0111\u1ed1i v\u1edbi ch\u1ecb em ph\u1ee5 n\u1eef, ngo\u00e0i c\u00e1c ti\u00eau ch\u00ed \u0111\u00f3, khi ch\u1ecdn \u00f4 d\u00f9 t\u1ef1 \u0111\u1ed9ng \u0111\u1ec3 s\u1eed d\u1ee5ng, c\u00e1c ch\u1ecb em c\u00f2n quan tr\u1ecdng 1 s\u1ed1 ti\u00eau ch\u00ed sau:<\/p>\n<p><strong>\u2013 Tr\u1ecdng l\u01b0\u1ee3ng:<\/strong> Ph\u1ee5 n\u1eef \u201cch\u00e2n y\u00eau tay m\u1ec1m\u201d n\u00ean kh\u00f4ng tr\u00e1nh kh\u1ecfi c\u1ea3m gi\u00e1c m\u1ecfi tay n\u1ebfu c\u1ea7m chi\u1ebfc \u00f4 c\u00f3 c\u00e1n \u00f4 qu\u00e1 l\u1edbn ho\u1eb7c \u00f4 qu\u00e1 n\u1eb7ng. Tr\u1ecdng l\u01b0\u1ee3ng c\u1ee7a 1 chi\u1ebfc \u00f4 d\u00f9 c\u1ea7m tay trong kho\u1ea3ng 300g \u2013 400g l\u00e0 \u00a0tr\u1ecdng l\u01b0\u1ee3ng ph\u00f9 h\u1ee3p \u0111\u1ec3 c\u00e1c ch\u1ecb em mang theo b\u00ean m\u00ecnh, kh\u00f4ng qu\u00e1 n\u1eb7ng nh\u01b0ng v\u1eabn ph\u1ea3i \u0111\u1ea3m b\u1ea3o \u0111\u1ed9 ch\u1eafc ch\u1eafn.<\/p>\n<p><img loading=\"lazy\" src=\"http:\/\/odutudong.com\/images\/O-NU\/Meo-happy\/o-tu-dong-rechar-happy-cat-01.jpg\" alt=\"o-tu-dong-rechar-happy-cat-01\" width=\"694\" height=\"525\" \/><\/p>\n<div id=\"attachment_5563\" class=\"wp-caption aligncenter\"><em>\u00d4 t\u1ef1 \u0111\u1ed9ng Rechar h\u00ecnh m\u00e8o happy khi g\u1ea5p g\u1ecdn<\/em><\/div>\n<p><strong>\u2013 K\u00edch th\u01b0\u1edbc \u00f4:<\/strong> Kh\u00f4ng qu\u00e1 30cm, k\u00edch th\u01b0\u1edbc 26 -28cm l\u00e0 ph\u00f9 h\u1ee3p v\u1edbi t\u00fai \u0111\u1ed3 c\u1ee7a ch\u1ecb em ph\u1ee5 n\u1eef ho\u1eb7c c\u1ed1p xe (k\u1ec3 c\u1ea3 c\u00e1c d\u00f2ng xe c\u1ed1p nh\u1ecf).<\/p>\n<p><img src=\"http:\/\/odutudong.com\/images\/O-NU\/Meo-happy\/o-tu-dong-rechar-happy-cat-04.jpg\" alt=\"o-tu-dong-rechar-happy-cat-04\" \/><\/p>\n<div id=\"attachment_5565\" class=\"wp-caption aligncenter\"><em>\u00d4 t\u1ef1 \u0111\u1ed9ng Rechar h\u00ecnh m\u00e8o happy c\u00f3 h\u1ecda ti\u1ebft m\u00e8o vui nh\u1ed9n, \u0111\u00e1ng y\u00eau<\/em><\/div>\n<p><strong>\u2013 Kh\u1ea3 n\u0103ng ch\u1ed1ng UV:<\/strong> \u0110\u00e2y l\u00e0 ch\u1ec9 s\u1ed1 UVPE c\u1ee7a \u00f4. \u00d4 c\u00f3 ch\u1ec9 s\u1ed1 UVPE c\u00e0ng cao th\u00ec kh\u1ea3 n\u0103ng ch\u1ed1ng UV c\u00e0ng t\u1ed1t. Ch\u1ec9 s\u1ed1 UVPE50+ hi\u1ec7n t\u1ea1i l\u00e0 ch\u1ec9 s\u1ed1 t\u1ed1i \u01b0u c\u1ee7a ch\u1ed1ng UV c\u1ee7a \u00f4 d\u00f9.<\/p>\n<p><img src=\"http:\/\/odutudong.com\/images\/O-NU\/Meo-happy\/o-tu-dong-rechar-happy-cat-005.jpg\" alt=\"o-tu-dong-rechar-happy-cat-005\" \/><\/p>\n<div id=\"attachment_5567\" class=\"wp-caption aligncenter\"><em>\u00d4 t\u1ef1 \u0111\u1ed9ng Rechar h\u00ecnh m\u00e8o happy c\u00f3 l\u1edbp ch\u1ed1ng UV<\/em><\/div>\n<p><strong>\u2013 M\u00e0u s\u1eafc v\u00e0 c\u00e1c h\u1ecda ti\u1ebft trang tr\u00ed tr\u00ean \u00f4:<\/strong> M\u1ed9t chi\u1ebfc \u00f4 d\u00f9 t\u1ea5t nhi\u00ean ngo\u00e0i m\u1ee5c \u0111\u00edch che m\u01b0a che n\u1eafng, n\u00f3 c\u00f2n l\u00e0 1 m\u00f3n \u0111\u1ed3 ph\u1ee5 ki\u1ec7n th\u1eddi trang \u0111\u1ec3 c\u00e1c ch\u1ecb em t\u1ea1o d\u00e1ng khi ch\u1ee5p \u1ea3nh. Ch\u00ednh v\u00ec v\u1eady, m\u00e0u s\u1eafc v\u00e0 c\u00e1c h\u1ecda ti\u1ebft trang tr\u00ed tr\u00ean \u00f4 c\u00e0ng \u0111\u1eb9p c\u00e0ng khi\u1ebfn c\u00e1c ch\u1ecb em ph\u00e1t cu\u1ed3ng v\u1edbi n\u00f3.<\/p>\n<p><img src=\"http:\/\/odutudong.com\/images\/O-NU\/Meo-happy\/o-tu-dong-rechar-happy-cat-06.jpg\" alt=\"o-tu-dong-rechar-happy-cat-06\" \/><\/p>\n<div id=\"attachment_5568\" class=\"wp-caption aligncenter\"><em>\u00d4 t\u1ef1 \u0111\u1ed9ng Rechar h\u00ecnh m\u00e8o happy c\u00f3 m\u1eadt \u0111\u1ed9 s\u1ee3i v\u1ea3i 210T<\/em><\/div>\n<h3><strong>TH\u00d4NG TIN S\u1ea2N PH\u1ea8M\u00a0\u00d4 T\u1ef0\u00a0\u0110\u1ed8NG RECHAR H\u00ccNH M\u00c8O HAPPY<\/strong><\/h3>\n<p>\u2013\u00a0\u0110\u01b0\u1eddng k\u00ednh t\u00e1n\u00a0\u00f4: 98cm<\/p>\n<p>\u2013 K\u00edch th\u01b0\u1edbc\u00a0\u00f4 khi g\u1ea5p g\u1ecdn: 28x4cm<\/p>\n<p>\u2013 S\u1ed1 khung nan: 8 nan<\/p>\n<p>\u2013 M\u1eadt\u00a0\u0111\u1ed9 v\u1ea3i: 210T<\/p>\n<p>\u2013 Ch\u1ec9 s\u1ed1 \u00a0UVPE 50+<\/p>\n<p>\u2013 Tr\u1ecdng l\u01b0\u1ee3ng: 380 gr<\/p>\n<p>\u00d4 r\u1ea5t ch\u1eafc ch\u1eafn, nh\u1eb9, kh\u1ecfe, ph\u00f9 h\u1ee3p v\u1edbi c\u00e1c b\u1ea1n n\u1eef, n\u00fat b\u1ea5m t\u1ef1\u00a0\u0111\u1ed9ng nh\u1ea1y, nh\u1eb9 nh\u00e0ng,\u00a0\u00eam, s\u1eed d\u1ee5ng d\u1ec5 d\u00e0ng. \u00d4 t\u1ef1 \u0111\u1ed9ng Rechar h\u00ecnh m\u00e8o happy c\u00f3 m\u00e0u s\u1eafc r\u1ea5t d\u1ec5 th\u01b0\u01a1ng. C\u00e1n \u00f4 t\u1ef1 \u0111\u1ed9ng Rechar h\u00ecnh m\u00e8o happy bo tr\u00f2n nh\u1ecf nh\u1eafn<\/p>\n<div class=\"wp-caption aligncenter\"><\/div>\n<div class=\"wp-caption aligncenter\"><img src=\"http:\/\/odutudong.com\/images\/O-NU\/Meo-happy\/o-tu-dong-rechar-happy-cat-009.jpg\" alt=\"o-tu-dong-rechar-happy-cat-009\" \/><\/div>\n<div id=\"attachment_5571\" class=\"wp-caption aligncenter\">T\u00e1n \u00f4 t\u1ef1 \u0111\u1ed9ng Rechar h\u00ecnh m\u00e8o happy c\u0103ng \u0111\u1ec1u<\/div>\n<div class=\"wp-caption aligncenter\"><\/div>\n<div class=\"wp-caption aligncenter\"><img src=\"http:\/\/odutudong.com\/images\/O-NU\/Meo-happy\/o-tu-dong-rechar-happy-cat-007.jpg\" alt=\"o-tu-dong-rechar-happy-cat-007\" \/><\/div>\n<div id=\"attachment_5569\" class=\"wp-caption aligncenter\">\u00d4 t\u1ef1 \u0111\u1ed9ng Rechar h\u00ecnh m\u00e8o happy nh\u00ecn ngang<\/div>\n","protected":false},"excerpt":{"rendered":"<p>\u2013 Ch\u1ec9 s\u1ed1 UVPE 50+<\/p>\n<p>\u2013 Tr\u1ecdng l\u01b0\u1ee3ng: 380 gr<\/p>\n<p>\u2013 \u00d4 r\u1ea5t ch\u1eafc ch\u1eafn, nh\u1eb9, kh\u1ecfe, ph\u00f9 h\u1ee3p v\u1edbi c\u00e1c b\u1ea1n n\u1eef, n\u00fat b\u1ea5m t\u1ef1 \u0111\u1ed9ng nh\u1ea1y, nh\u1eb9 nh\u00e0ng, \u00eam, s\u1eed d\u1ee5ng d\u1ec5 d\u00e0ng.<\/p>\n","protected":false},"featured_media":503,"template":"","meta":[],"_links":{"self":[{"href":"https:\/\/webmaibinh.com\/w\/aomua\/wp-json\/wp\/v2\/product\/502"}],"collection":[{"href":"https:\/\/webmaibinh.com\/w\/aomua\/wp-json\/wp\/v2\/product"}],"about":[{"href":"https:\/\/webmaibinh.com\/w\/aomua\/wp-json\/wp\/v2\/types\/product"}],"wp:featuredmedia":[{"embeddable":true,"href":"https:\/\/webmaibinh.com\/w\/aomua\/wp-json\/wp\/v2\/media\/503"}],"wp:attachment":[{"href":"https:\/\/webmaibinh.com\/w\/aomua\/wp-json\/wp\/v2\/media?parent=502"}],"curies":[{"name":"wp","href":"https:\/\/api.w.org\/{rel}","templated":true}]}}