{"id":469,"date":"2017-08-19T00:33:00","date_gmt":"2017-08-18T17:33:00","guid":{"rendered":"https:\/\/bizhostvn.com\/w\/aomua\/?post_type=product&#038;p=469"},"modified":"2017-08-19T00:33:00","modified_gmt":"2017-08-18T17:33:00","slug":"o-tu-dong-can-da-2-lop-tan-cao-cap-cho-doanh-nhan","status":"publish","type":"product","link":"https:\/\/webmaibinh.com\/w\/aomua\/cua-hang\/o-tu-dong-can-da-2-lop-tan-cao-cap-cho-doanh-nhan\/","title":{"rendered":"\u00d4 t\u1ef1 \u0111\u1ed9ng c\u00e1n da 2 l\u1edbp t\u00e1n cao c\u1ea5p cho doanh nh\u00e2n"},"content":{"rendered":"<h2><strong>\u00d4 D\u00d9 TH\u00d4NG MINH, \u00d4 D\u00d9 T\u1ef0 \u0110\u1ed8NG C\u00c1N DA 2 L\u1edaP CH\u1ed0NG UV C\u1ef0C T\u1ed0T<\/strong><\/h2>\n<p>T\u1ea1i c\u1eeda h\u00e0ng ch\u00fang t\u00f4i b\u1ea1n c\u00f3 th\u1ec3 l\u1ef1a ch\u1ecdn \u0111\u01b0\u1ee3c r\u1ea5t nhi\u1ec1u s\u1ea3n ph\u1ea9m <a href=\"http:\/\/odutudong.com\/\"><strong>\u00f4 d\u00f9 th\u00f4ng minh<\/strong><\/a> mang \u0111\u1ebfn cho b\u1ea1n kh\u00f4ng ch\u1ec9 ti\u1ec7n l\u1ee3i m\u00e0 ch\u1ed1ng n\u1eafng, che m\u01b0a c\u1ef1c t\u1ed1t. M\u00e0u s\u1eafc trang nh\u00e3 ph\u00f9 h\u1ee3p v\u1edbi m\u1ecdi l\u1ee9a tu\u1ed5i v\u00e0 m\u1ecdi ho\u00e0n c\u1ea3nh.<\/p>\n<p>&nbsp;<\/p>\n<p><strong><em><img title=\"o-tu-dong-chong-uv-tan-2-lop-dep-01\" src=\"http:\/\/odutudong.com\/images\/o-nam\/Bao-da-2-lop\/o-tu-dong-chong-uv-tan-2-lop-dep-01.jpg\" alt=\"o-tu-dong-chong-uv-tan-2-lop-dep-01\" \/><\/em><\/strong><\/p>\n<p><em>\u00d4 t\u1ef1 \u0111\u1ed9ng c\u00e1n da 2 l\u1edbp t\u00e1n nh\u00ecn nghi\u00eang<\/em><\/p>\n<h2><\/h2>\n<p>Nh\u1eefng \u01b0u \u0111i\u1ec3m n\u1ed5i b\u1eadt c\u1ee7a chi\u1ebfc d\u00f9 t\u1ef1 \u0111\u1ed9ng c\u00e1n da 2 l\u1edbp khi\u1ebfn b\u1ea1n y\u00eau th\u00edch:<\/p>\n<p>&#8211; V\u1edbi c\u00f4ng ngh\u1ec7 hi\u1ec7n \u0111\u1ea1i, <strong>\u00f4 d\u00f9 th\u00f4ng minh<\/strong> v\u1edbi n\u00fat b\u1ea5m t\u1ef1 \u0111\u1ed9ng c\u00f3 th\u1ec3 d\u1ec5 \u0111ang s\u1eed d\u1ee5ng, \u0111\u00f3ng m\u1edf ti\u1ec7n l\u1ee3i m\u00e0 kh\u00f4ng m\u1ea5t nhi\u1ec1u c\u00f4ng s\u1ee9c. N\u00fat b\u1ea5m t\u1ef1 \u0111\u1ed9ng kh\u00e1 \u00eam v\u00e0 nh\u1eb9, tay c\u1ea7m b\u1ecdc da PU m\u1ec1m, b\u1ecdc \u0111\u1ed3ng sang tr\u1ecdng v\u00e0 ch\u1eafc ch\u1eafn.<\/p>\n<p><img title=\"o-tu-dong-chong-uv-tan-2-lop-07\" src=\"http:\/\/odutudong.com\/images\/o-nam\/Bao-da-2-lop\/o-tu-dong-chong-uv-tan-2-lop-07.jpg\" alt=\"o-tu-dong-chong-uv-tan-2-lop-07\" \/><\/p>\n<p><em>\u00d4 t\u1ef1 \u0111\u1ed9ng c\u00e1n da 2 l\u1edbp t\u00e1n<\/em><\/p>\n<p>\u00d4 v\u1edbi thi\u1ebft k\u1ebf nh\u1ecf g\u1ecdn, \u0111\u1ed9 d\u00e0i c\u1ee7a \u00f4 khi g\u1ea5p g\u1ecdn l\u00e0 31cm v\u00e0 tr\u1ecdng l\u01b0\u1ee3ng ch\u1ec9 c\u00f3 470gr (nh\u1eb9 h\u01a1n m\u1ed9t chai n\u01b0\u1edbc kho\u00e1ng). Nh\u01b0 v\u1eady b\u1ea1n ho\u00e0n to\u00e0n c\u00f3 th\u1ec3 \u0111\u1ec3 \u00f4 trong t\u00fai x\u00e1ch, ba-l\u00f4 \u0111\u1ec3 mang theo b\u1ea5t c\u1ee9 l\u00fac n\u00e0o, v\u1eeba che m\u01b0a v\u1eeba che n\u1eafng.<\/p>\n<h2><\/h2>\n<p><img title=\"o-tu-dong-chong-uv-tan-2-lop-06\" src=\"http:\/\/odutudong.com\/images\/o-nam\/Bao-da-2-lop\/o-tu-dong-chong-uv-tan-2-lop-06.jpg\" alt=\"o-tu-dong-chong-uv-tan-2-lop-06\" \/><\/p>\n<p><em>\u00d4 t\u1ef1 \u0111\u1ed9ng c\u00e1n da 2 l\u1edbp t\u00e1n khi g\u1ea5p g\u1ecdn l\u1ea1i<\/em><\/p>\n<p>&nbsp;<\/p>\n<p>&nbsp;<\/p>\n<p><img title=\"o-tu-dong-chong-uv-tan-2-lop-03\" src=\"http:\/\/odutudong.com\/images\/o-nam\/Bao-da-2-lop\/o-tu-dong-chong-uv-tan-2-lop-03.jpg\" alt=\"o-tu-dong-chong-uv-tan-2-lop-03\" \/><\/p>\n<h2>Tuy \u0111\u01b0\u1ee3c thi\u1ebft k\u1ebf \u0111\u1ec3 gi\u00fap ng\u01b0\u1eddi s\u1eed d\u1ee5ng ti\u1ec7n mang theo b\u00ean ng\u01b0\u1eddi nh\u01b0ng kh\u00f4ng c\u00f3 ngh\u0129a l\u00e0 \u00f4 nh\u1ecf, khi m\u1edf \u00f4 chi\u1ec1u cao kho\u1ea3ng 62cm, \u0111\u01b0\u1eddng k\u00ednh c\u1ee7a \u00f4 l\u00e0 102cm n\u00ean c\u00f3 th\u1ec3 s\u1eed d\u1ee5ng cho 2 ng\u01b0\u1eddi.<\/h2>\n<p><img title=\"o-tu-dong-chong-uv-tan-2-lop-dep-02\" src=\"http:\/\/odutudong.com\/images\/o-nam\/Bao-da-2-lop\/o-tu-dong-chong-uv-tan-2-lop-dep-02.jpg\" alt=\"o-tu-dong-chong-uv-tan-2-lop-dep-02\" \/><\/p>\n<p><em>T\u00e1n \u00f4 c\u0103ng \u0111\u1ec1u gi\u00fap tr\u00f4i n\u01b0\u1edbc nhanh khi g\u1eb7p m\u01b0a<\/em><\/p>\n<p>&nbsp;<\/p>\n<p><img title=\"o-tu-dong-chong-uv-tan-2-lop-05\" src=\"http:\/\/odutudong.com\/images\/o-nam\/Bao-da-2-lop\/o-tu-dong-chong-uv-tan-2-lop-05.jpg\" alt=\"o-tu-dong-chong-uv-tan-2-lop-05\" \/><\/p>\n<p><em>Hai l\u1edbp v\u1ea3i \u0111\u1ed9c l\u1eadp c\u1ee7a \u00f4 t\u1ef1 \u0111\u1ed9ng c\u00e1n da<\/em><\/p>\n<p>&nbsp;<\/p>\n<p><strong>\u00d4 d\u00f9 th\u00f4ng minh<\/strong> t\u1ef1 \u0111\u1ed9ng n\u00e0y c\u00f3 k\u1ebft c\u1ea5u g\u1ed3m 2 l\u1edbp \u0111\u1ed9c l\u1eadp c\u00f9ng v\u1edbi ch\u1ea5t li\u1ec7u v\u1ea3i crom 190T gi\u00fap ch\u1ed1ng l\u1ea1i UV t\u1ef1 nhi\u00ean r\u1ea5t t\u1ed1t. T\u00e1n \u00f4 \u0111\u01b0\u1ee3c c\u0103ng \u0111\u1ec1u gi\u00fap tr\u00f4i n\u01b0\u1edbc nhanh khi g\u1eb7p m\u01b0a v\u00e0 khung nan c\u1ef1c ch\u1eafc ch\u1eafc v\u00e0 \u0111\u00e0n h\u1ed3i r\u1ea5t t\u1ed1t kh\u00f4ng lo b\u1ecb l\u1eadt khi g\u1eb7p gi\u00f3.<\/p>\n<p><img title=\"o-tu-dong-chong-uv-tan-2-lop-04\" src=\"http:\/\/odutudong.com\/images\/o-nam\/Bao-da-2-lop\/o-tu-dong-chong-uv-tan-2-lop-04.jpg\" alt=\"o-tu-dong-chong-uv-tan-2-lop-04\" \/><\/p>\n<p><em>Khung nan ch\u1eafc ch\u1eafn v\u00e0 \u0111\u00e0n h\u1ed3i r\u1ea5t t\u1ed1t<\/em><\/p>\n<p>&nbsp;<\/p>\n<p>M\u1eabu \u00f4 d\u00f9 t\u1ef1 \u0111\u1ed9ng c\u00e1n da 2 l\u1edbp l\u00e0 lo\u1ea1i \u00f4 d\u00f9 th\u00f4ng minh cao c\u1ea5p mang l\u1ea1i cho b\u1ea1n s\u1ef1 ti\u1ec7n d\u1ee5ng v\u00e0 an to\u00e0n trong c\u1ea3 ng\u00e0y m\u01b0a c\u0169ng nh\u01b0 ng\u00e0y n\u1eafng.<\/p>\n","protected":false},"excerpt":{"rendered":"<p>\u0110\u1ed9 d\u00e0i \u00f4 khi g\u1ea5p g\u1ecdn: 31cm<\/p>\n<p>Chi\u1ec1u cao khi m\u1edf \u00f4: 62 cm<\/p>\n<p>K\u1ebft c\u1ea5u: V\u1ea3i Crom 190T g\u1ed3m 2 l\u1edbp \u0111\u1ed9c l\u1eadp gi\u00fap ch\u1ed1ng UV t\u1ef1 nhi\u00ean.<\/p>\n<p>Tay c\u1ea7m b\u1ecdc da PU m\u1ec1m, b\u1ecdc \u0111\u1ed3ng sang tr\u1ecdng v\u00e0 ch\u1eafc ch\u1eafn<\/p>\n","protected":false},"featured_media":470,"template":"","meta":[],"_links":{"self":[{"href":"https:\/\/webmaibinh.com\/w\/aomua\/wp-json\/wp\/v2\/product\/469"}],"collection":[{"href":"https:\/\/webmaibinh.com\/w\/aomua\/wp-json\/wp\/v2\/product"}],"about":[{"href":"https:\/\/webmaibinh.com\/w\/aomua\/wp-json\/wp\/v2\/types\/product"}],"wp:featuredmedia":[{"embeddable":true,"href":"https:\/\/webmaibinh.com\/w\/aomua\/wp-json\/wp\/v2\/media\/470"}],"wp:attachment":[{"href":"https:\/\/webmaibinh.com\/w\/aomua\/wp-json\/wp\/v2\/media?parent=469"}],"curies":[{"name":"wp","href":"https:\/\/api.w.org\/{rel}","templated":true}]}}