{"id":466,"date":"2017-08-19T00:31:31","date_gmt":"2017-08-18T17:31:31","guid":{"rendered":"https:\/\/bizhostvn.com\/w\/aomua\/?post_type=product&#038;p=466"},"modified":"2017-08-19T09:28:27","modified_gmt":"2017-08-19T02:28:27","slug":"o-tu-dong-10-nan-cao-cap-cho-doanh-nhan-b586","status":"publish","type":"product","link":"https:\/\/webmaibinh.com\/w\/aomua\/cua-hang\/o-tu-dong-10-nan-cao-cap-cho-doanh-nhan-b586\/","title":{"rendered":"\u00d4 t\u1ef1 \u0111\u1ed9ng 10 nan cao c\u1ea5p cho doanh nh\u00e2n B586"},"content":{"rendered":"<p><strong>\u00d4 d\u00f9 c\u1ea7m tay gi\u00e1 r\u1ebb <\/strong>l\u00e0 s\u1ea3n ph\u1ea9m kh\u00f4ng th\u1ec3 thi\u1ebfu trong cu\u1ed9c s\u1ed1ng h\u00e0ng ng\u00e0y c\u1ee7a m\u1ed7i ch\u00fang ta. N\u00f3 ch\u00ednh l\u00e0 ng\u01b0\u1eddi b\u1ea1n b\u1ea3o v\u1ec7 s\u1ee9c kh\u1ecfe cho m\u1ed7i con ng\u01b0\u1eddi khi \u0111i d\u01b0\u1edbi tr\u1eddi n\u00f3ng b\u1ee9c oi \u1ea3, hay nh\u1eefng c\u01a1n m\u01b0a b\u1ea5t ch\u1ee3t. M\u1eabu s\u1ea3n ph\u1ea9m <strong>\u00f4 d\u00f9 c\u1ea7m tay 10 nam B586 <\/strong>\u0111\u01b0\u1ee3c nhi\u1ec1u ng\u01b0\u1eddi \u01b0a chu\u1ed9ng s\u1eed d\u1ee5ng ph\u1ed5 bi\u1ebfn.<\/p>\n<p><img src=\"http:\/\/odutudong.com\/images\/o-nam\/o-B586\/o-tu-dong-10--nan-B586-mau-nau-05.jpg\" alt=\"\" \/><\/p>\n<div id=\"attachment_6472\" class=\"wp-caption aligncenter\"><em>\u00d4 t\u1ef1 \u0111\u1ed9ng 10 nan B586 m\u00e0u n\u00e2u<\/em><\/div>\n<div class=\"wp-caption aligncenter\"><\/div>\n<p>Xu\u1ea5t hi\u1ec7n t\u1eeb n\u0103m 2016, xu h\u01b0\u1edbng \u00f4 10 nan ng\u00e0y c\u00e0ng \u0111\u01b0\u1ee3c th\u1ecb tr\u01b0\u1eddng \u0111\u00f3n nh\u1eadn nhi\u1ec7t t\u00ecnh. V\u1edbi 10 khung x\u01b0\u01a1ng l\u00e0m b\u1eb1ng h\u1ee3p kim th\u00e9p, k\u1ebft h\u1ee3p v\u1edbi x\u01b0\u01a1ng s\u1ee3i th\u1ee7y tinh v\u00e0 v\u1ea3i Crom m\u1eadt \u0111\u1ed9 190T gi\u00fap \u00f4 c\u00f3 \u0111\u1ed9 ph\u00e2n t\u00e1n gi\u00f3 t\u1ed1t h\u01a1n, b\u1ec1n h\u01a1n tr\u01b0\u1edbc gi\u00f3 b\u00e3o, \u0111\u1ed3ng th\u1eddi h\u1ea1n ch\u1ebf th\u1ea5m n\u01b0\u1edbc tr\u00ean b\u1ec1 m\u1eb7t v\u1ea3i.<\/p>\n<p>S\u1ea3n ph\u1ea9m n\u00e0y th\u00edch h\u1ee3p s\u1eed d\u1ee5ng cho 1 \u0111\u1ebfn 2 ng\u01b0\u1eddi, v\u1edbi \u0111\u01b0\u1eddng k\u00ednh t\u00e1n \u00f4 khi m\u1edf r\u1ed9ng l\u00ean t\u1edbi 100cm b\u1ea1n y\u00ean t\u00e2m d\u1ea1o ph\u1ed1 m\u00e0 kh\u00f4ng lo m\u01b0a n\u1eafng. \u0110\u1eb7c bi\u1ec7t B586 \u0111\u01b0\u1ee3c thi\u1ebft k\u1ebf v\u1edbi ki\u1ec3u d\u00e1ng \u00f4 c\u00e1n ng\u1eafn si\u00eau g\u1ecdn g\u00e0ng ti\u1ec7n l\u1ee3i cho b\u1ea1n b\u1ecf t\u00fai khi ra ngo\u00e0i. V\u1edbi chi\u1ec1u d\u00e0i \u00f4 khi m\u1edf l\u00e0 66cm v\u00e0 khi g\u1ea5p g\u1ecdn l\u1ea1i ch\u1ec9 c\u00f2n c\u00f3 33cm l\u00e0 chi\u1ec1u d\u00e0i l\u00fd t\u01b0\u1edfng cho b\u1ea1n mang n\u00f3 khi \u0111i ch\u01a1i, \u0111i l\u00e0m, \u0111i h\u1ecdc hay \u0111i du l\u1ecbch m\u00e0 kh\u00f4ng lo c\u1ed3ng k\u1ec1nh, v\u01b0\u1edbng v\u00edu.<\/p>\n<p><img loading=\"lazy\" class=\"aligncenter\" src=\"http:\/\/odutudong.com\/images\/o-nam\/o-B586\/o-tu-dong-10--nan-B586-mau-nau-07.jpg\" alt=\"\" width=\"660\" height=\"501\" \/><\/p>\n<div id=\"attachment_6474\" class=\"wp-caption aligncenter\"><em>\u00d4 t\u1ef1 \u0111\u1ed9ng 10 nan B586 m\u00e0u n\u00e2u nh\u00ecn nghi\u00eang<\/em><\/div>\n<p>\u00d4 t\u1ef1 \u0111\u1ed9ng 10 nan B586 ra \u0111\u1eddi \u0111\u00e1p \u1ee9ng nhu c\u1ea7u s\u1eed d\u1ee5ng \u00f4 t\u1ef1 \u0111\u1ed9ng t\u1ed1t, b\u1ec1n, ch\u1eafc ch\u1eafn v\u1edbi m\u1ee9c gi\u00e1 th\u1ea5p. V\u1edbi b\u1ed9 khung x\u01b0\u01a1ng 10 nan ch\u1eafc kh\u1ecfe, \u00f4 gi\u00fap cho nh\u1eefng kh\u00e1ch h\u00e0ng kh\u00f3 t\u00ednh nh\u1ea5t c\u0169ng ph\u1ea3i h\u00e0i l\u00f2ng.<\/p>\n<p><img loading=\"lazy\" class=\"aligncenter\" src=\"http:\/\/odutudong.com\/images\/o-nam\/o-B586\/o-tu-dong-10--nan-B586-mau-nau-06.jpg\" alt=\"\" width=\"658\" height=\"500\" \/><\/p>\n<div id=\"attachment_6473\" class=\"wp-caption aligncenter\"><em>\u00d4 t\u1ef1 \u0111\u1ed9ng 10 nan B586 c\u00f3 l\u1edbp t\u00e1n \u00f4 c\u0103ng v\u00e0 kh\u00e1 r\u1ed9ng<\/em><\/div>\n<div class=\"wp-caption aligncenter\">\u00a0\u00a0<img class=\"aligncenter\" src=\"http:\/\/odutudong.com\/images\/o-nam\/o-B586\/o-tu-dong-10--nan-B586-mau-nau-04.jpg\" alt=\"o-tu-dong-10--nan-B586-mau-nau-04\" \/><\/div>\n<div id=\"attachment_6468\" class=\"wp-caption aligncenter\"><em>\u00d4 t\u1ef1 \u0111\u1ed9ng 10 nan B586 khi g\u1ea5p g\u1ecdn<\/em><\/div>\n<p>M\u1eabu s\u1ea3n ph\u1ea9m<strong> \u00f4 d\u00f9 c\u1ea7m tay gi\u00e1 r\u1ebb <\/strong>n\u00e0y \u0111\u01b0\u1ee3c \u0111\u00e1nh gi\u00e1 cao v\u1edbi t\u00ednh n\u0103ng ch\u1eafc kh\u1ecfe c\u00f3 th\u1ec3 ch\u1ecbu \u0111\u01b0\u1ee3c trong khi th\u1eddi ti\u1ebft gi\u00f3 to. Khung x\u01b0\u01a1ng 10 nan \u0111\u01b0\u1ee3c l\u00e0m t\u1eeb h\u1ee3p kim th\u00e9p cao c\u1ea5p ch\u00ednh l\u00e0 nguy\u00ean nh\u00e2n khi\u1ebfn s\u1ea3n ph\u1ea9m n\u00e0y kh\u1ecfe kho\u1eafn \u0111\u1ebfn th\u1ebf.<\/p>\n<p>Do\u00a0\u0111\u00e1p \u1ee9ng nhu c\u1ea7u gi\u00e1 th\u00e0nh t\u1ed1t nh\u1ea5t n\u00ean l\u1edbp v\u1ea3i c\u1ee7a \u00f4 kh\u00f4ng ph\u1ee7 cao su ch\u1ed1ng UV , ch\u1ec9 s\u1ed1 UVPA ch\u1ec9 \u0111\u1ea1t m\u1ee9c 30+. M\u1eb7c d\u00f9 v\u1eady, \u00f4 t\u1ef1 \u0111\u1ed9ng 10 nan B586 v\u1eabn l\u00e0 1 tr\u1ee3 th\u1ee7 \u0111\u1eafc l\u1ef1c c\u1ee7a ng\u01b0\u1eddi s\u1eed d\u1ee5ng trong th\u1eddi ti\u1ebft m\u01b0a gi\u00f3. T\u00e1n \u00f4 B586 c\u00f3 \u0111\u01b0\u1eddng k\u00ednh 100 cm, v\u1edbi k\u00edch th\u01b0\u1edbc n\u00e0y, \u00f4 che m\u01b0a tho\u1ea3i m\u00e1i cho 1 ng\u01b0\u1eddi s\u1eed d\u1ee5ng. C\u00f3 th\u1ec3 che m\u01b0a cho t\u1ed1i \u0111a 2 ng\u01b0\u1eddi.<\/p>\n<p>Tr\u1ecdng l\u01b0\u1ee3ng si\u00eau nh\u1eb9 v\u1edbi 425gr ch\u1ec9 b\u1eb1ng m\u1ed9t qu\u1ea3 t\u00e1o to s\u1ebd kh\u00f4ng g\u00e2y b\u1ea5t ti\u1ec7n hay m\u1ec7t m\u1ecfi khi ph\u1ea3i c\u1ea7m n\u00f3 theo.<\/p>\n","protected":false},"excerpt":{"rendered":"<p><strong>\u00d4 d\u00f9 c\u1ea7m tay gi\u00e1 r\u1ebb <\/strong>l\u00e0 s\u1ea3n ph\u1ea9m kh\u00f4ng th\u1ec3 thi\u1ebfu trong cu\u1ed9c s\u1ed1ng h\u00e0ng ng\u00e0y c\u1ee7a m\u1ed7i ch\u00fang ta. N\u00f3 ch\u00ednh l\u00e0 ng\u01b0\u1eddi b\u1ea1n b\u1ea3o v\u1ec7 s\u1ee9c kh\u1ecfe cho m\u1ed7i con ng\u01b0\u1eddi khi \u0111i d\u01b0\u1edbi tr\u1eddi n\u00f3ng b\u1ee9c oi \u1ea3, hay nh\u1eefng c\u01a1n m\u01b0a b\u1ea5t ch\u1ee3t. M\u1eabu s\u1ea3n ph\u1ea9m <strong>\u00f4 d\u00f9 c\u1ea7m tay 10 nam B586 <\/strong>\u0111\u01b0\u1ee3c nhi\u1ec1u ng\u01b0\u1eddi \u01b0a chu\u1ed9ng s\u1eed d\u1ee5ng ph\u1ed5 bi\u1ebfn.<\/p>\n","protected":false},"featured_media":467,"template":"","meta":[],"_links":{"self":[{"href":"https:\/\/webmaibinh.com\/w\/aomua\/wp-json\/wp\/v2\/product\/466"}],"collection":[{"href":"https:\/\/webmaibinh.com\/w\/aomua\/wp-json\/wp\/v2\/product"}],"about":[{"href":"https:\/\/webmaibinh.com\/w\/aomua\/wp-json\/wp\/v2\/types\/product"}],"wp:featuredmedia":[{"embeddable":true,"href":"https:\/\/webmaibinh.com\/w\/aomua\/wp-json\/wp\/v2\/media\/467"}],"wp:attachment":[{"href":"https:\/\/webmaibinh.com\/w\/aomua\/wp-json\/wp\/v2\/media?parent=466"}],"curies":[{"name":"wp","href":"https:\/\/api.w.org\/{rel}","templated":true}]}}