{"id":456,"date":"2017-08-19T00:24:45","date_gmt":"2017-08-18T17:24:45","guid":{"rendered":"https:\/\/bizhostvn.com\/w\/aomua\/?post_type=product&#038;p=456"},"modified":"2017-08-19T00:24:45","modified_gmt":"2017-08-18T17:24:45","slug":"o-tu-dong-mercedes-benz-mau-den-cho-nam","status":"publish","type":"product","link":"https:\/\/webmaibinh.com\/w\/aomua\/cua-hang\/o-tu-dong-mercedes-benz-mau-den-cho-nam\/","title":{"rendered":"\u00d4 t\u1ef1 \u0111\u1ed9ng Mercedes-Benz m\u00e0u \u0111en cho nam"},"content":{"rendered":"<h2><strong>B\u1ea4T NG\u1edc V\u1edaI C\u00d4NG N\u0102NG C\u1ee6A \u00d4 D\u00d9 LO\u1ea0I TO MERCEDES-BENZ<\/strong><\/h2>\n<p>&nbsp;<\/p>\n<p>N\u1eafm tay ng\u01b0\u1eddi y\u00eau c\u00f9ng s\u00e1nh b\u01b0\u1edbc tr\u00ean con \u0111\u01b0\u1eddng m\u01b0a l\u00e0 h\u00ecnh \u1ea3nh m\u00e0 c\u1eb7p \u0111\u00f4i y\u00eau nhau n\u00e0o c\u0169ng mu\u1ed1n tr\u1ea3i nghi\u1ec7m \u0111\u00fang kh\u00f4ng n\u00e0o? H\u00e3y c\u00f9ng t\u1eadn h\u01b0\u1edfng nh\u1eefng gi\u00e2y ph\u00fat ng\u1ecdt ng\u00e0o \u1ea5y v\u1edbi ng\u01b0\u1eddi th\u01b0\u01a1ng c\u00f9ng <a href=\"http:\/\/odutudong.com\/\">\u00f4 d\u00f9 lo\u1ea1i to<\/a> Mercedes-Benz. V\u1edbi k\u00edch th\u01b0\u1edbc r\u1ed9ng nh\u1eefng s\u1ea3n ph\u1ea9m \u00f4 n\u00e0y c\u00f3 th\u1ec3 \u0111\u1ed3ng h\u00e0nh c\u00f9ng hai b\u1ea1n \u0111i b\u1ea5t c\u1ee9 \u0111\u00e2u, b\u1ea5t k\u1ec3 th\u1eddi ti\u1ebft th\u1ebf n\u00e0o.<\/p>\n<p>&nbsp;<\/p>\n<p><strong><img src=\"http:\/\/odutudong.com\/images\/o-nam\/Mec-den\/o-tu-dong-mercedes-benz-mau-den011.jpg\" alt=\"\" \/><\/strong><\/p>\n<div id=\"attachment_5380\" class=\"wp-caption aligncenter\"><em>\u00d4 t\u1ef1 \u0111\u1ed9ng Mercedes-benz m\u00e0u \u0111en<\/em><\/div>\n<div class=\"wp-caption aligncenter\"><\/div>\n<p>Lo\u1ea1i s\u1ea3n ph\u1ea9m<strong> \u00f4 t\u1ef1 \u0111\u1ed9ng Mercedes-Benz <\/strong>cao c\u1ea5p n\u00e0y \u0111\u01b0\u1ee3c thi\u1ebft k\u1ebf ri\u00eang cho nh\u1eefng ng\u01b0\u1eddi c\u00f3 nhu c\u1ea7u v\u1ec1 c\u00f4ng n\u0103ng s\u1eed d\u1ee5ng l\u1edbn. V\u1edbi k\u00edch th\u01b0\u1edbc t\u00e1n \u00f4 r\u1ed9ng l\u00ean t\u1edbi 136cm b\u1ea1n ho\u00e0n to\u00e0n c\u00f3 th\u1ec3 \u0111i chung hai ng\u01b0\u1eddi m\u00e0 kh\u00f4ng lo b\u1ecb \u01b0\u1edbt, th\u1eadm ch\u00ed b\u1ea1n c\u00f2n c\u00f3 th\u1ec3 d\u00f9ng d\u1ee5ng khi \u0111i 3 ng\u01b0\u1eddi v\u1eabn tho\u1ea3i m\u00e1i. L\u00f2 xo\u00a0\u00eam, n\u00fat b\u1ea5m t\u1ef1\u00a0\u0111\u1ed9ng nh\u1eb9 v\u00e0 nh\u1ea1y.\u00a0V\u1ea3i Cr\u00f4m in hoa v\u0103n ch\u00ecm\u00a0gi\u00fap kh\u00fac x\u1ea1,\u00a0ph\u00e2n t\u00e1n\u00a0\u00e1nh s\u00e1ng m\u1eb7t tr\u1eddi, t\u0103ng hi\u1ec7u qu\u1ea3 ch\u1ed1ng n\u1eafng, ch\u1ed1ng UV.<\/p>\n<p>&nbsp;<\/p>\n<p><img loading=\"lazy\" src=\"http:\/\/odutudong.com\/images\/o-nam\/Mec-den\/o-tu-dong-mercedes-benz-mau-den03.jpg\" alt=\"\" width=\"603\" height=\"457\" \/><\/p>\n<div id=\"attachment_5382\" class=\"wp-caption aligncenter\"><em>\u00d4 t\u1ef1 \u0111\u1ed9ng Mercedes-Benz t\u00e1n si\u00eau to r\u1ed9ng<\/em><\/div>\n<div class=\"wp-caption aligncenter\"><\/div>\n<p>M\u1eb7c d\u00f9 <strong>\u00f4 d\u00f9 lo\u1ea1i to<\/strong> Mercedes-Benz c\u00f3 c\u00f4ng n\u0103ng s\u1eed d\u1ee5ng l\u1edbn nh\u01b0ng b\u1ea1n s\u1ebd th\u1ea5y b\u1ea5t ng\u1edd v\u1edbi tr\u1ecdng l\u01b0\u1ee3ng c\u0169ng nh\u01b0 k\u00edch th\u01b0\u1edbc th\u1ef1c t\u1ebf c\u1ee7a n\u00f3. V\u1edbi 1 chi\u1ebfc \u00f4 d\u00f9ng chung cho 3 ng\u01b0\u1eddi m\u00e0 ch\u1ec9 n\u1eb7ng c\u00f3 465gr, chi\u1ec1u d\u00e0i khi m\u1edf bung \u00f4 l\u00e0 73cm nh\u01b0ng khi g\u1ea5p g\u1ecdn l\u1ea1i ch\u1ec9 c\u00f2n c\u00f3 37cm. V\u1edbi k\u00edch th\u01b0\u1edbc nh\u1ecf g\u1ecdn nh\u01b0 v\u1eady b\u1ea1n c\u00f3 th\u1ec3 b\u1ecf t\u00fai, b\u1ecf c\u1ed1p xe hay cabin \u00f4 t\u00f4 mang theo b\u00ean m\u00ecnh h\u00e0ng ng\u00e0y \u0111\u1ec3 \u0111\u1ec1 ph\u00f2ng th\u1eddi ti\u1ebft thay \u0111\u1ed5i. C\u00e1n\u00a0\u00f4 d\u00e0i, thu\u00f4n, d\u1ec5 c\u1ea7m n\u1eafm, d\u1ec5 b\u1ea5m t\u1ef1\u00a0\u0111\u1ed9ng.\u00a0\u00d4 t\u1ef1\u00a0\u0111\u1ed9ng Mercedes-Benz d\u00f9ng\u00a0v\u1edbi nh\u1eefng ng\u01b0\u1eddi\u00a0\u0111\u00e3 c\u00f3 gia\u00a0\u0111\u00ecnh ho\u1eb7c th\u01b0\u1eddng xuy\u00ean di chuy\u1ec3n giao d\u1ecbch g\u1eb7p kh\u00e1ch h\u00e0ng.\u00a0\u00d4 thu\u1eadn ti\u1ec7n khi s\u1eed d\u1ee5ng m\u1ed9t m\u00ecnh, ti\u1ec7n l\u1ee3i khi c\u00f3 th\u1ec3 che chung cho ng\u01b0\u1eddi kh\u00e1c.\u00a0\u0110\u1eb7c bi\u1ec7t ph\u00f9 h\u1ee3p v\u1edbi nam gi\u1edbi b\u1edfi t\u00e1n\u00a0\u00f4 to r\u1ed9ng,\u00a0\u00f4 c\u1ea7m\u00a0v\u1eeba v\u1eb7n v\u1edbi b\u00e0n tay c\u1ee7a nam, m\u00e0u s\u1eafc, hoa v\u0103n l\u1ecbch l\u00e3m, nam t\u00ednh.<\/p>\n<p>&nbsp;<\/p>\n<p><img src=\"http:\/\/odutudong.com\/images\/o-nam\/Mec-den\/o-tu-dong-mercedes-benz-o-sieu-rong-01.jpg\" alt=\"\" \/><\/p>\n<div id=\"attachment_5379\" class=\"wp-caption aligncenter\"><em>B\u1ed9 khung x\u01b0\u01a1ng b\u1eb1ng th\u00e9p titan ch\u1eafc kh\u1ecfe<\/em><\/div>\n<div class=\"wp-caption aligncenter\"><\/div>\n<div class=\"wp-caption aligncenter\">\n<p>L\u1edbp v\u1ea3i crom b\u1ecdc ngo\u00e0i \u0111\u01b0\u1ee3c in c\u00e1c h\u1ecda ti\u1ebft ch\u00ecm c\u00f9ng m\u00e0u s\u1eafc trang nh\u00e3 mang l\u1ea1i m\u1ed9t s\u1ea3n ph\u1ea9m<strong> \u00f4 d\u00f9 lo\u1ea1i to<\/strong> Mercedes-Benz sang tr\u1ecdng, l\u1ecbch s\u1ef1.<\/p>\n<\/div>\n<div class=\"wp-caption aligncenter\"><\/div>\n<div class=\"wp-caption aligncenter\"><em><img loading=\"lazy\" src=\"http:\/\/odutudong.com\/images\/o-nam\/Mec-den\/o-tu-dong-mercedes-benz-o-sieu-rong-03.jpg\" alt=\"\" width=\"597\" height=\"451\" \/><\/em><\/div>\n<div id=\"attachment_5381\" class=\"wp-caption aligncenter\"><em>C\u00e1c m\u00e0u c\u1ee7a \u00f4 t\u1ef1 \u0111\u1ed9ng Mercedes-Benz<\/em><\/div>\n<div class=\"wp-caption aligncenter\"><\/div>\n<p>L\u1ef1a ch\u1ecdn s\u1ea3n ph\u1ea9m <strong>\u00f4 d\u00f9 lo\u1ea1i to<\/strong> b\u1ea1n kh\u00f4ng lo \u00f4 b\u1ecb l\u1eadt khi c\u00f3 gi\u00f3 nh\u01b0 c\u00e1c d\u00f2ng \u00f4 th\u00f4ng th\u01b0\u1eddng b\u1edfi v\u00ec n\u00f3 \u0111\u01b0\u1ee3c thi\u1ebft k\u1ebf khung x\u01b0\u01a1ng titan c\u1ee7a \u0110\u1ee9c c\u00f3 \u0111\u1ed9 ch\u1eafc kh\u1ecfe cao. \u00d4 t\u1ef1 \u0111\u1ed9ng\u00a0Mercedes-Benz ch\u00ednh l\u00e0 l\u1ef1a ch\u1ecdn l\u00fd t\u01b0\u1edfng d\u00e0nh cho b\u1ea1n &#8211; ng\u01b0\u1eddi b\u1ea1n \u0111\u1ed3ng h\u00e0nh \u0111\u01b0a b\u1ea1n \u0111i t\u1edbi nh\u1eefng n\u01a1i b\u1ea1n mu\u1ed1n \u0111\u1ebfn b\u1ea5t ch\u1ea5p m\u1ecdi th\u1eddi ti\u1ebft.<\/p>\n<p>&nbsp;<\/p>\n<h3>TH\u00d4NG TIN S\u1ea2N PH\u1ea8M\u00a0\u00d4 T\u1ef0\u00a0\u0110\u1ed8NG MERCEDES-BENS M\u00c0U\u00a0\u0110EN<\/h3>\n<p>\u2013 K\u00edch th\u01b0\u1edbc:<\/p>\n<p>+ Chi\u1ec1u cao: 73 cm;\u00a0\u0111\u1ed9 d\u00e0i\u00a0\u00f4 khi thu g\u1ecdn 37 cm<\/p>\n<p>+ \u0110\u1ed9 r\u1ed9ng t\u00e1n \u00f4: 136 cm, \u0111\u01b0\u1eddng k\u00ednh 125cm,\u00a0s\u1eed d\u1ee5ng r\u1ed9ng r\u00e3i, tho\u1ea3i m\u00e1i cho 3 ng\u01b0\u1eddi<\/p>\n<p>\u2013 Tr\u1ecdng l\u01b0\u1ee3ng: 465 gr<\/p>\n<p>\u2013 M\u1eadt\u00a0\u0111\u1ed9 v\u1ea3i 210T<\/p>\n<p>\u2013 Ch\u1ec9 s\u1ed1 UVPE 30+<\/p>\n<p><img src=\"http:\/\/odutudong.com\/images\/o-nam\/Mec-den\/o-tu-dong-mercedes-benz-o-sieu-rong-08.jpg\" alt=\"\" \/><\/p>\n<p><em>\u00d4 t\u1ef1 \u0111\u1ed9ng\u00a0Mercedes-Benz khi g\u1ea5p g\u1ecdn<\/em><\/p>\n<p><img loading=\"lazy\" src=\"http:\/\/odutudong.com\/images\/o-nam\/Mec-den\/o-tu-dong-mercedes-benz-mau-den01.jpg\" alt=\"\" width=\"580\" height=\"440\" \/><\/p>\n<p>&nbsp;<\/p>\n<div id=\"attachment_5384\" class=\"wp-caption aligncenter\">\u00a0<em>\u00d4 t\u1ef1 \u0111\u1ed9ng\u00a0Mercedes-Benz khi g\u1ea5p g\u1ecdn<\/em><\/div>\n","protected":false},"excerpt":{"rendered":"<p>N\u1eafm tay ng\u01b0\u1eddi y\u00eau c\u00f9ng s\u00e1nh b\u01b0\u1edbc tr\u00ean con \u0111\u01b0\u1eddng m\u01b0a l\u00e0 h\u00ecnh \u1ea3nh m\u00e0 c\u1eb7p \u0111\u00f4i y\u00eau nhau n\u00e0o c\u0169ng mu\u1ed1n tr\u1ea3i nghi\u1ec7m \u0111\u00fang kh\u00f4ng n\u00e0o? H\u00e3y c\u00f9ng t\u1eadn h\u01b0\u1edfng nh\u1eefng gi\u00e2y ph\u00fat ng\u1ecdt ng\u00e0o \u1ea5y v\u1edbi ng\u01b0\u1eddi th\u01b0\u01a1ng c\u00f9ng <a href=\"http:\/\/odutudong.com\/\">\u00f4 d\u00f9 lo\u1ea1i to<\/a> Mercedes-Benz.<\/p>\n","protected":false},"featured_media":458,"template":"","meta":[],"_links":{"self":[{"href":"https:\/\/webmaibinh.com\/w\/aomua\/wp-json\/wp\/v2\/product\/456"}],"collection":[{"href":"https:\/\/webmaibinh.com\/w\/aomua\/wp-json\/wp\/v2\/product"}],"about":[{"href":"https:\/\/webmaibinh.com\/w\/aomua\/wp-json\/wp\/v2\/types\/product"}],"wp:featuredmedia":[{"embeddable":true,"href":"https:\/\/webmaibinh.com\/w\/aomua\/wp-json\/wp\/v2\/media\/458"}],"wp:attachment":[{"href":"https:\/\/webmaibinh.com\/w\/aomua\/wp-json\/wp\/v2\/media?parent=456"}],"curies":[{"name":"wp","href":"https:\/\/api.w.org\/{rel}","templated":true}]}}