{"id":451,"date":"2017-08-19T00:21:34","date_gmt":"2017-08-18T17:21:34","guid":{"rendered":"https:\/\/bizhostvn.com\/w\/aomua\/?post_type=product&#038;p=451"},"modified":"2017-08-19T00:21:34","modified_gmt":"2017-08-18T17:21:34","slug":"o-tu-dong-lotosblume-can-go-mau-den","status":"publish","type":"product","link":"https:\/\/webmaibinh.com\/w\/aomua\/cua-hang\/o-tu-dong-lotosblume-can-go-mau-den\/","title":{"rendered":"\u00d4 t\u1ef1 \u0111\u1ed9ng Lotosblume c\u00e1n g\u1ed7 m\u00e0u \u0111en"},"content":{"rendered":"<h2><strong>\u00d4 T\u1ef0\u00a0\u0110\u1ed8NG LOTOSBLUME C\u00c1N G\u1ed6 M\u00c0U \u0110EN<\/strong><\/h2>\n<p>B\u1ea1n \u0111\u00e3 s\u1edf h\u1eefu cho m\u00ecnh m\u1ed9t chi\u1ebfc<strong>\u00a0<a href=\"http:\/\/odutudong.com\/\">\u00f4 d\u00f9 Nh\u1eadt<\/a> <\/strong>si\u00eau th\u1eddi trang Lotosblume ch\u01b0a? N\u1ebfu b\u1ea1n ch\u01b0a bi\u1ebft v\u1ec1 n\u00f3 th\u00ec th\u1eadt l\u00e0 \u0111\u00e1ng ti\u1ebfc, v\u00ec \u0111\u00e2y l\u00e0 m\u1eabu \u00f4 t\u1ef1 \u0111\u1ed9ng \u0111ang th\u1ecbnh h\u00e0nh thu h\u00fat s\u1ef1 ch\u00fa \u00fd c\u1ee7a r\u1ea5t nhi\u1ec1u ng\u01b0\u1eddi.<\/p>\n<p>&nbsp;<\/p>\n<p><strong><img src=\"http:\/\/odutudong.com\/images\/o-nam\/Loto-go-den\/o-tu-dong-lotosblume-can-go-den07.jpg\" alt=\"o-tu-dong-lotosblume-can-go-den07\" \/><\/strong><\/p>\n<div id=\"attachment_5618\" class=\"wp-caption aligncenter\"><em>\u00d4 Lotosblume c\u00e1n g\u1ed7 m\u00e0u \u0111en<\/em><\/div>\n<div class=\"wp-caption aligncenter\"><\/div>\n<div class=\"wp-caption aligncenter\">\n<p>T\u1eeb khi ra m\u1eaft th\u1ecb tr\u01b0\u1eddng cho \u0111\u1ebfn nay nh\u1eefng s\u1ea3n ph\u1ea9m \u00f4 t\u1ef1 \u0111\u1ed9ng ch\u1ed1ng tia UV\u00a0 Lotosblume kh\u00f4ng ng\u1eebng hot, v\u1edbi ki\u1ec3u d\u00e1ng thi\u1ebft k\u1ebf th\u1eddi trang c\u00f9ng nhi\u1ec1u t\u00ednh n\u0103ng ti\u1ec7n \u00edch h\u1ea5p d\u1eabn khi\u1ebfn cho\u00a0 Lotosblume c\u00f3 doanh s\u1ed1 cao v\u01b0\u1ee3t tr\u1ed9i.<\/p>\n<\/div>\n<p>\u00d4 ch\u1ed1ng UV l\u00e0 d\u00f2ng \u00f4 c\u00f3 m\u1eadt \u0111\u1ed9 s\u1ee3i v\u1ea3i cao, ph\u1ee7 l\u1edbp ch\u1ed1ng UV gi\u00fap ng\u0103n ch\u1eb7n t\u00e1c \u0111\u1ed9ng c\u1ee7a tia UV\u00a0 t\u1edbi ng\u01b0\u1eddi s\u1eed d\u1ee5ng.<\/p>\n<p>\u00d4 ch\u1ed1ng UV Lotosblume c\u00e1n g\u1ed7 c\u00f3 c\u1ea5u t\u1ea1o khung x\u01b0\u01a1ng 10 nan x\u01b0\u01a1ng s\u1ee3i h\u1ee3p kim. K\u1ebft h\u1ee3p v\u1edbi t\u00e1n \u00f4 l\u00e0m b\u1eb1ng v\u1ea3i d\u00f9 210T c\u00f3 ph\u1ee7 nh\u1ef1a Vinyl gi\u00fap \u00f4 c\u00f3 kh\u1ea3 n\u0103ng ch\u1ed1ng n\u1eafng, ch\u1ed1ng th\u1ea5m, ch\u1ed1ng gi\u00f3 l\u1eadt c\u1ef1c t\u1ed1t.<\/p>\n<p>&nbsp;<\/p>\n<p><img src=\"http:\/\/odutudong.com\/images\/o-nam\/Loto-go-den\/o-tu-dong-lotosblume-can-go-den05.jpg\" alt=\"o-tu-dong-lotosblume-can-go-den05\" \/><\/p>\n<div id=\"attachment_5617\" class=\"wp-caption aligncenter\"><em>\u00d4 Lotosblume c\u00e1n g\u1ed7 10 nan ph\u00e2n t\u00e1n \u0111\u1ec1u gi\u00fap t\u00e1n \u00f4 c\u0103ng, tr\u00f4i n\u01b0\u1edbc nhanh<\/em><\/div>\n<div class=\"wp-caption aligncenter\"><\/div>\n<div class=\"wp-caption aligncenter\">\n<p>D\u00f2ng s\u1ea3n ph\u1ea9m<strong> \u00f4 d\u00f9 Nh\u1eadt cao c\u1ea5p <\/strong>n\u00e0y \u0111\u01b0\u1ee3c kh\u00e1ch h\u00e0ng y\u00eau th\u00edch b\u1edfi n\u00f3 c\u00f3 nhi\u1ec1u ki\u1ec3u d\u00e1ng, m\u1eabu m\u00e3 c\u00f9ng m\u00e0u s\u1eafc \u0111a d\u1ea1ng ph\u00f9 h\u1ee3p v\u1edbi m\u1ecdi ng\u01b0\u1eddi. N\u00f3 ch\u00ednh l\u00e0 m\u1ed9t v\u1eadt d\u1ee5ng gi\u00fap b\u1ea1n \u0111i ngo\u00e0i tr\u1eddi an to\u00e0n kh\u00f4ng lo n\u1eafng, gi\u00f3, n\u00f3 c\u00f2n \u0111\u01b0\u1ee3c v\u00ed nh\u01b0 \u0111\u1ed3 trang s\u1ee9c nh\u1eb1m t\u00f4n vinh v\u1ebb \u0111\u1eb9p duy\u00ean d\u00e1ng c\u1ee7a c\u00e1c n\u00e0ng hay s\u1ef1 m\u1ea1nh m\u1ebd phong \u0111\u1ed9 c\u1ee7a c\u00e1c qu\u00fd \u00f4ng.\u00a0C\u00e1n g\u1ed7 tay c\u1ea7m s\u1eed d\u1ee5ng ch\u1ea5t li\u1ec7u g\u1ed7 s\u01a1n m\u00e0u \u0111en v\u1edbi thi\u1ebft k\u1ebf thu\u00f4n d\u00e0i, nh\u1eb5n m\u1ecbn v\u1eeba tay cho ng\u01b0\u1eddi c\u1ea7m tho\u1ea3i m\u00e1i m\u00e0 kh\u00f4ng k\u00e9m ph\u1ea7n sang tr\u1ecdng.<\/p>\n<\/div>\n<div class=\"wp-caption aligncenter\"><\/div>\n<div class=\"wp-caption aligncenter\"><em><img loading=\"lazy\" src=\"http:\/\/odutudong.com\/images\/o-nam\/Loto-go-den\/o-tu-dong-lotosblume-can-go-den04.jpg\" alt=\"o-tu-dong-lotosblume-can-go-den04\" width=\"694\" height=\"525\" \/><\/em><\/div>\n<div id=\"attachment_5616\" class=\"wp-caption aligncenter\"><\/div>\n<div id=\"attachment_5615\" class=\"wp-caption aligncenter\"><em>\u00d4 ch\u1ed1ng UV Lotosblume c\u00e1n g\u1ed7 sang tr\u1ecdng<\/em><\/div>\n<div class=\"wp-caption aligncenter\"><\/div>\n<div class=\"wp-caption aligncenter\">\n<p>Ngo\u00e0i ra \u0111i\u1ec3m n\u1ed5i b\u1eadt c\u1ee7a\u00a0 s\u1ea3n ph\u1ea9m \u00f4 t\u1ef1 \u0111\u1ed9ng th\u00f4ng minh n\u00e0y ph\u1ea3i k\u1ec3 \u0111\u1ebfn ch\u00ednh l\u00e0 l\u1edbp v\u1ea3i \u00f4 s\u1eed d\u1ee5ng ch\u1ea5t li\u1ec7u v\u1ea3i cao c\u1ea5p v\u1edbi m\u1eadt \u0111\u1ed9 v\u1ea3i d\u00e0y kh\u00f4ng cho ph\u00e9p b\u1ea5t c\u1ee9 tia UV, hay n\u01b0\u1edbc m\u01b0a c\u00f3 th\u1ec3 l\u1ecdt qua. V\u00ec v\u1eady b\u1ea1n c\u00f3 th\u1ec3 an t\u00e2m tuy\u1ec7t \u0111\u1ed1i s\u1eed d\u1ee5ng khi ra ngo\u00e0i.<\/p>\n<\/div>\n<div class=\"wp-caption aligncenter\"><\/div>\n<div class=\"wp-caption aligncenter\"><img loading=\"lazy\" src=\"http:\/\/odutudong.com\/images\/o-nam\/Loto-go-den\/o-tu-dong-lotosblume-can-go-den002.jpg\" alt=\"o-tu-dong-lotosblume-can-go-den002\" width=\"696\" height=\"527\" \/><\/div>\n<div id=\"attachment_5613\" class=\"wp-caption aligncenter\"><em>\u00d4 ch\u1ed1ng UV c\u1ee7a Lotosblume<\/em><\/div>\n<h3><\/h3>\n<h3><img src=\"http:\/\/odutudong.com\/images\/o-nam\/Loto-go-den\/o-tu-dong-lotosblume-can-go-den003.jpg\" alt=\"o-tu-dong-lotosblume-can-go-den003\" \/><\/h3>\n<div id=\"attachment_5619\" class=\"wp-caption aligncenter\"><\/div>\n<div id=\"attachment_5621\" class=\"wp-caption aligncenter\"><em>\u00d4 Lotosblume c\u00e1n g\u1ed7 m\u00e0u \u0111en\u00a0<\/em><\/div>\n<p>Tay c\u1ea7m \u00f4 Lotosblume l\u00e0m b\u1eb1ng g\u1ed7 t\u1ef1 nhi\u00ean, thu\u00f4n nh\u1eb5n, d\u1ec5 c\u1ea7m n\u1eafm, ch\u1eafc ch\u1eafn. N\u00fat b\u1ea5m t\u1ef1 \u0111\u1ed9ng \u0111\u01b0\u1ee3c b\u1ed1 tr\u00ed thu\u1eadn ti\u1ec7n \u1edf tay c\u1ea7m. Khi b\u1ea5m m\u1edf, \u00f4 c\u00f3 l\u1ef1c b\u1ea5m t\u1ed1t, t\u00e1n \u00f4 bung nhanh, kh\u1ecfe.<\/p>\n<p>Thu g\u1ecdn \u00f4 tr\u01a1n, m\u01b0\u1ee3t, kh\u00f4ng b\u1ecb k\u00e9o r\u00edt, kh\u00f4ng b\u1ecb n\u1eb7ng tay.<\/p>\n<p>\u00d4 Lotosblume c\u00e1n g\u1ed7 \u0111\u1eb7c bi\u1ec7t \u0111\u01b0\u1ee3c nam gi\u1edbi y\u00eau th\u00edch b\u1edfi \u00f4 thu\u1eadn ti\u1ec7n, sang tr\u1ecdng khi s\u1eed d\u1ee5ng. T\u1eebng chi ti\u1ebft c\u1ee7a \u00f4 \u0111\u01b0\u1ee3c chau chu\u1ed1t c\u1ea9n th\u1eadn, t\u1ea1o n\u00ean \u0111\u1eb3ng c\u1ea5p c\u1ee7a ng\u01b0\u1eddi s\u1eed d\u1ee5ng.<\/p>\n<p>&nbsp;<\/p>\n<p><img loading=\"lazy\" src=\"http:\/\/odutudong.com\/images\/o-nam\/Loto-go-den\/o-tu-dong-lotosblume-can-go-den08.jpg\" alt=\"o-tu-dong-lotosblume-can-go-den08\" width=\"744\" height=\"562\" \/><\/p>\n<div id=\"attachment_5623\" class=\"wp-caption aligncenter\"><em>\u00d4 Lotosblume c\u00e1n g\u1ed7 m\u00e0u \u0111en<\/em><\/div>\n<div id=\"attachment_5624\" class=\"wp-caption aligncenter\"><\/div>\n<div class=\"wp-caption aligncenter\">\n<p>S\u1eed d\u1ee5ng c\u00e1c ch\u1ea5t li\u1ec7u h\u1ee3p kim th\u00e9p cao c\u1ea5p t\u1ea1o n\u00ean khung x\u01b0\u01a1ng \u00f4 g\u1ed3m 10 nan gi\u00fap cho<strong> \u00f4 d\u00f9 Nh\u1eadt<\/strong> n\u00e0y \u0111\u1ee9ng v\u1eefng trong m\u1ecdi \u0111i\u1ec1u ki\u1ec7n th\u1eddi ti\u1ebft.<\/p>\n<\/div>\n<div id=\"attachment_5625\" class=\"wp-caption aligncenter\"><\/div>\n<div class=\"wp-caption aligncenter\"><em><img src=\"http:\/\/odutudong.com\/images\/o-nam\/Loto-go-den\/o-tu-dong-lotosblume-can-go-den06.jpg\" alt=\"o-tu-dong-lotosblume-can-go-den06\" \/><\/em><\/div>\n<div class=\"wp-caption aligncenter\"><em>B\u1ed9 khung x\u01b0\u01a1ng ch\u1eafc ch\u1eafn c\u1ee7a \u00f4 Lotosblume c\u00e1n g\u1ed7<\/em><\/div>\n<div class=\"wp-caption aligncenter\"><\/div>\n<div class=\"wp-caption aligncenter\">\n<p>N\u1ebfu b\u1ea1n c\u00f3 h\u1ee9ng th\u00fa v\u1edbi s\u1ea3n ph\u1ea9m<strong> \u00f4 d\u00f9 Nh\u1eadt<\/strong> si\u00eau ti\u1ec7n \u00edch n\u00e0y th\u00ec h\u00e3y li\u00ean h\u1ec7 v\u1edbi ch\u00fang t\u00f4i \u0111\u1ec3 \u0111\u01b0\u1ee3c t\u01b0 v\u1ea5n \u0111\u1eb7t h\u00e0ng.<\/p>\n<\/div>\n","protected":false},"excerpt":{"rendered":"<p>T\u1eeb khi ra m\u1eaft th\u1ecb tr\u01b0\u1eddng cho \u0111\u1ebfn nay nh\u1eefng s\u1ea3n ph\u1ea9m \u00f4 t\u1ef1 \u0111\u1ed9ng ch\u1ed1ng tia UV\u00a0 Lotosblume kh\u00f4ng ng\u1eebng hot, v\u1edbi ki\u1ec3u d\u00e1ng thi\u1ebft k\u1ebf th\u1eddi trang c\u00f9ng nhi\u1ec1u t\u00ednh n\u0103ng ti\u1ec7n \u00edch h\u1ea5p d\u1eabn khi\u1ebfn cho\u00a0 Lotosblume c\u00f3 doanh s\u1ed1 cao v\u01b0\u1ee3t tr\u1ed9i.<\/p>\n","protected":false},"featured_media":453,"template":"","meta":[],"_links":{"self":[{"href":"https:\/\/webmaibinh.com\/w\/aomua\/wp-json\/wp\/v2\/product\/451"}],"collection":[{"href":"https:\/\/webmaibinh.com\/w\/aomua\/wp-json\/wp\/v2\/product"}],"about":[{"href":"https:\/\/webmaibinh.com\/w\/aomua\/wp-json\/wp\/v2\/types\/product"}],"wp:featuredmedia":[{"embeddable":true,"href":"https:\/\/webmaibinh.com\/w\/aomua\/wp-json\/wp\/v2\/media\/453"}],"wp:attachment":[{"href":"https:\/\/webmaibinh.com\/w\/aomua\/wp-json\/wp\/v2\/media?parent=451"}],"curies":[{"name":"wp","href":"https:\/\/api.w.org\/{rel}","templated":true}]}}