{"id":444,"date":"2017-08-19T00:15:09","date_gmt":"2017-08-18T17:15:09","guid":{"rendered":"https:\/\/bizhostvn.com\/w\/aomua\/?post_type=product&#038;p=444"},"modified":"2017-08-19T00:19:47","modified_gmt":"2017-08-18T17:19:47","slug":"o-tu-dong-chong-lat-rechar","status":"publish","type":"product","link":"https:\/\/webmaibinh.com\/w\/aomua\/cua-hang\/o-tu-dong-chong-lat-rechar\/","title":{"rendered":"\u00d4 t\u1ef1 \u0111\u1ed9ng ch\u1ed1ng l\u1eadt ph\u00e1i m\u1ea1nh RECHAR"},"content":{"rendered":"<h2><strong>\u00d4 GOLF T\u1ef0 \u0110\u1ed8NG CH\u1ed0NG L\u1eacT RECHAR SANG TR\u1eccNG<\/strong><\/h2>\n<p>C\u1eeda h\u00e0ng ch\u00fang t\u00f4i chuy\u00ean cung c\u1ea5p<b> <a href=\"http:\/\/odutudong.com\/\">\u00f4 golf<\/a><\/b>, \u00f4 ch\u01a1i golf ch\u1ed1ng l\u1eadt cao c\u1ea5p ch\u00ednh h\u00e3ng v\u1edbi nhi\u1ec1u ki\u1ec3u d\u00e1ng m\u1eabu m\u00e3 \u0111a d\u1ea1ng ph\u00f9 h\u1ee3p v\u1edbi m\u1ecdi s\u1edf th\u00edch, m\u1ecdi l\u1ee9a tu\u1ed5i c\u1ee7a kh\u00e1ch h\u00e0ng.<\/p>\n<p>&nbsp;<\/p>\n<p><strong><img src=\"http:\/\/odutudong.com\/images\/o-nam\/TD-chong-lat\/o-tu-dong-chong-lat-01.jpg\" alt=\"o-tu-dong-chong-lat-01\" \/><\/strong><\/p>\n<div id=\"attachment_6221\" class=\"wp-caption aligncenter\"><em>Hai m\u00e0u c\u01a1 b\u1ea3n c\u1ee7a \u00f4 t\u1ef1 \u0111\u1ed9ng ch\u1ed1ng l\u1eadt<\/em><\/div>\n<p>&nbsp;<\/p>\n<p>M\u1eabu \u00f4 \u0111i ch\u01a1i golf \u0111\u01b0\u1ee3c kh\u00e1ch h\u00e0ng s\u1eed d\u1ee5ng ph\u1ed5 bi\u1ebfn nh\u1ea5t ch\u00ednh l\u00e0 m\u1eabu \u00f4 ch\u1ed1ng l\u1eadt Rechar \u0111\u00e2y l\u00e0 lo\u1ea1i \u00f4 \u0111\u01b0\u1ee3c thi\u1ebft k\u1ebf nh\u1ecf g\u1ecdn nh\u01b0ng l\u1ea1i v\u00f4 c\u00f9ng r\u1ed9ng r\u00e3i c\u00f3 th\u1ec3 s\u1eed d\u1ee5ng cho 2 ng\u01b0\u1eddi.<\/p>\n<p>\u0110\u1eb7c \u0111i\u1ec3m n\u1ed5i b\u1eadt c\u1ee7a <b>\u00f4 golf <\/b>Rechar khi\u1ebfn c\u00e1c qu\u00fd \u00f4ng \u0111am m\u00ea th\u1ec3 thao y\u00eau th\u00edch:<\/p>\n<p>\u00d4 \u0111\u01b0\u1ee3c thi\u1ebft k\u1ebf v\u1edbi t\u00e1n r\u1ed9ng c\u00f3 th\u1ec3 che cho b\u1ea1n khi tr\u1eddi m\u01b0a, hay n\u1eafng<\/p>\n<p>&nbsp;<\/p>\n<p>&nbsp;<\/p>\n<p><img src=\"http:\/\/odutudong.com\/images\/o-nam\/TD-chong-lat\/o-tu-dong-chong-lat-03.jpg\" alt=\"o-tu-dong-chong-lat-03\" \/><\/p>\n<p><em>\u00d4 t\u1ef1 \u0111\u1ed9ng ch\u1ed1ng l\u1eadt t\u00e1n 2 l\u1edbp<\/em><\/p>\n<p>&nbsp;<\/p>\n<div class=\"wp-caption aligncenter\"><em><img src=\"http:\/\/odutudong.com\/images\/o-nam\/TD-chong-lat\/o-tu-dong-chong-lat-010.jpg\" alt=\"o-tu-dong-chong-lat-010\" \/><\/em><\/div>\n<div id=\"attachment_6228\" class=\"wp-caption aligncenter\"><em>C\u00e1c th\u00f4ng s\u1ed1 c\u1ee7a \u00f4 t\u1ef1 \u0111\u1ed9ng ch\u1ed1ng l\u1eadt<\/em><\/div>\n<p>K\u00edch th\u01b0\u1edbc ti\u00eau chu\u1ea9n cho ki\u1ec3u d\u00e1ng \u00f4 nh\u1ecf g\u1ecdn v\u1edbi chi\u1ec1u d\u00e0i m\u1edf \u00f4 l\u00e0 75cm, chi\u1ec1u d\u00e0i khi g\u1ea5p g\u1ecdn l\u00e0 37cm.<\/p>\n<p>&nbsp;<\/p>\n<p><img src=\"http:\/\/odutudong.com\/images\/o-nam\/TD-chong-lat\/o-tu-dong-chong-lat-02.jpg\" alt=\"o-tu-dong-chong-lat-02\" \/><\/p>\n<div id=\"attachment_6222\" class=\"wp-caption aligncenter\"><em>C\u00e1n \u00f4 thu\u00f4n d\u00e0i d\u1ec5 c\u1ea7m n\u1eafm, b\u1eb1ng g\u1ed7 t\u1ef1 nhi\u00ean ch\u1eafc ch\u1eafn<\/em><\/div>\n<div id=\"attachment_6223\" class=\"wp-caption aligncenter\"><\/div>\n<div class=\"wp-caption aligncenter\"><\/div>\n<div class=\"wp-caption aligncenter\">\u0110\u1eb7c bi\u1ec7t b\u1ea1n c\u00f3 th\u1ec3 b\u1ecf<b> \u00f4 golf <\/b>v\u00e0o trong t\u00fai \u0111\u1ed3 th\u1ec3 thao c\u1ee7a m\u00ecnh m\u00e0 kh\u00f4ng lo c\u00f4ng k\u1ec1nh hay n\u1eb7ng nh\u1ecdc khi mang v\u00e1c \u0111i v\u00ec 1 chi\u1ebfc \u00f4 n\u00e0y ch\u1ec9 n\u1eb7ng c\u00f3 535gr t\u01b0\u01a1ng \u0111\u01b0\u01a1ng v\u1edbi 1 chai n\u01b0\u1edbc kho\u00e1ng nh\u1ecf.<\/div>\n<h3><\/h3>\n<p><img src=\"http:\/\/odutudong.com\/images\/o-nam\/TD-chong-lat\/o-tu-dong-chong-lat-06.jpg\" alt=\"o-tu-dong-chong-lat-06\" \/><\/p>\n<div id=\"attachment_6225\" class=\"wp-caption aligncenter\"><em>\u00d4 t\u1ef1 \u0111\u1ed9ng ch\u1ed1ng l\u1eadt m\u00e0u \u0111en<\/em><\/div>\n<p>&nbsp;<\/p>\n<p>Ngo\u00e0i ra s\u1ea3n ph\u1ea9m c\u00f2n \u0111\u01b0\u1ee3c s\u1eed d\u1ee5ng ch\u1ea5t li\u1ec7u v\u1ea3i crom c\u00f3 c\u1ea5u t\u1ea1o b\u1edfi 2 l\u1edbp ch\u1ed1ng th\u1ea5m gi\u00fap cho m\u1eabu \u00f4 t\u1ef1 \u0111\u1ed9ng n\u00e0y c\u00f3 kh\u1ea3 n\u0103ng c\u1ea3n gi\u00f3 t\u1ed1t tr\u00e1nh \u0111\u01b0\u1ee3c t\u00ecnh tr\u1ea1ng \u00f4 b\u1ecb l\u1eadt khi c\u00f3 gi\u00f3 to.<\/p>\n<p>&nbsp;<\/p>\n<p><img src=\"http:\/\/odutudong.com\/images\/o-nam\/TD-chong-lat\/o-tu-dong-chong-lat-04.jpg\" alt=\"o-tu-dong-chong-lat-04\" \/><\/p>\n<div id=\"attachment_6224\" class=\"wp-caption aligncenter\"><em>K\u1ebft c\u1ea5u kim lo\u1ea1i gi\u00fap \u00f4 t\u1ef1 \u0111\u1ed9ng ch\u1ed1ng l\u1eadt v\u1eefng ch\u1eafc<\/em><\/div>\n<div class=\"wp-caption aligncenter\"><\/div>\n<div class=\"wp-caption aligncenter\">G\u00f3p ph\u1ea7n t\u1ea1o n\u00ean t\u00ednh th\u1eddi trang cho s\u1ea3n ph\u1ea9m<b> \u00f4 golf<\/b> t\u1ef1 \u0111\u1ed9ng ch\u1ed1ng l\u1eadt ch\u00ednh b\u1edfi \u00fd t\u01b0\u1edfng thi\u1ebft k\u1ebf tay n\u1eafm g\u1ed7 t\u1ef1 nhi\u00ean thu\u00f4n d\u00e0i m\u1ecbn m\u00e0ng v\u1edbi \u0111\u01b0\u1eddng k\u00ednh nh\u1ecf g\u1ecdn v\u1eeba l\u00f2ng b\u00e0n tay ng\u01b0\u1eddi c\u1ea7m.<\/div>\n<p><img src=\"http:\/\/odutudong.com\/images\/o-nam\/TD-chong-lat\/o-tu-dong-chong-lat-08.jpg\" alt=\"o-tu-dong-chong-lat-08\" \/><\/p>\n<div id=\"attachment_6227\" class=\"wp-caption aligncenter\"><em>\u00d4 t\u1ef1 \u0111\u1ed9ng ch\u1ed1ng l\u1eadt m\u00e0u xanh<\/em><\/div>\n<div class=\"wp-caption aligncenter\"><\/div>\n<div class=\"wp-caption aligncenter\">\n<p>V\u1edbi nh\u1eefng gam m\u00e0u \u0111en, xanh tr\u1ea7m th\u00edch h\u1ee3p s\u1eed d\u1ee5ng cho nh\u1eefng ng\u01b0\u1eddi \u0111\u00e0n \u00f4ng m\u1ea1nh m\u1ebd.<\/p>\n<p>M\u1eabu <b>\u00f4 golf <\/b>Rechar ch\u00ednh l\u00e0 l\u1ef1a ch\u1ecdn ho\u00e0n h\u1ea3o d\u00e0nh cho b\u1ea1n, h\u00e3y \u0111\u1ebfn v\u1edbi ch\u00fang t\u00f4i \u0111\u1ec3 c\u00f3 c\u01a1 h\u1ed9i s\u1edf h\u1eefu cho m\u00ecnh m\u1ed9t s\u1ea3n ph\u1ea9m \u00f4 t\u1ef1 \u0111\u1ed9ng cao c\u1ea5p, ch\u00ednh h\u00e3ng.<\/p>\n<\/div>\n","protected":false},"excerpt":{"rendered":"<p>M\u1eabu \u00f4 \u0111i ch\u01a1i golf \u0111\u01b0\u1ee3c kh\u00e1ch h\u00e0ng s\u1eed d\u1ee5ng ph\u1ed5 bi\u1ebfn nh\u1ea5t ch\u00ednh l\u00e0 m\u1eabu \u00f4 ch\u1ed1ng l\u1eadt Rechar \u0111\u00e2y l\u00e0 lo\u1ea1i \u00f4 \u0111\u01b0\u1ee3c thi\u1ebft k\u1ebf nh\u1ecf g\u1ecdn nh\u01b0ng l\u1ea1i v\u00f4 c\u00f9ng r\u1ed9ng r\u00e3i c\u00f3 th\u1ec3 s\u1eed d\u1ee5ng cho 2 ng\u01b0\u1eddi.<\/p>\n","protected":false},"featured_media":445,"template":"","meta":[],"_links":{"self":[{"href":"https:\/\/webmaibinh.com\/w\/aomua\/wp-json\/wp\/v2\/product\/444"}],"collection":[{"href":"https:\/\/webmaibinh.com\/w\/aomua\/wp-json\/wp\/v2\/product"}],"about":[{"href":"https:\/\/webmaibinh.com\/w\/aomua\/wp-json\/wp\/v2\/types\/product"}],"wp:featuredmedia":[{"embeddable":true,"href":"https:\/\/webmaibinh.com\/w\/aomua\/wp-json\/wp\/v2\/media\/445"}],"wp:attachment":[{"href":"https:\/\/webmaibinh.com\/w\/aomua\/wp-json\/wp\/v2\/media?parent=444"}],"curies":[{"name":"wp","href":"https:\/\/api.w.org\/{rel}","templated":true}]}}