{"id":274,"date":"2017-08-18T22:49:13","date_gmt":"2017-08-18T15:49:13","guid":{"rendered":"https:\/\/bizhostvn.com\/w\/aomua\/?post_type=product&#038;p=274"},"modified":"2017-08-18T22:49:26","modified_gmt":"2017-08-18T15:49:26","slug":"o-tu-dong-ardeco-chong-uv","status":"publish","type":"product","link":"https:\/\/webmaibinh.com\/w\/aomua\/cua-hang\/o-tu-dong-ardeco-chong-uv\/","title":{"rendered":"\u00d4 t\u1ef1 \u0111\u1ed9ng ARDECO ch\u1ed1ng UV"},"content":{"rendered":"<h2>\u00d4 t\u1ef1 \u0111\u1ed9ng hai chi\u1ec1u Ardeco b\u1ea5t ch\u1ea5p th\u1eddi ti\u1ebft kh\u00f4ng s\u1ee3 UV<\/h2>\n<p>\u00d4 Ardeco l\u00e0 d\u00f2ng \u00f4 t\u1ef1 \u0111\u1ed9ng m\u1edbi ra nh\u1eadp th\u1ecb tr\u01b0\u1eddng \u00f4 d\u00f9. C\u00e1i t\u00ean n\u00f3i l\u00ean ti\u00eau ch\u00ed c\u1ee7a s\u1ea3n ph\u1ea9m. V\u1edbi tri\u1ebft l\u00fd t\u00f4n vinh t\u00ednh thanh l\u1ecbch, c\u00f4ng n\u0103ng, v\u1ebb \u0111\u1eb9p v\u00e0 s\u1ef1 hi\u1ec7n \u0111\u1ea1i.\u00a0Ardeco l\u00e0 m\u1ed9t s\u1ea3n ph\u1ea9m \u00f4 d\u00f9 si\u00eau nh\u1ecf g\u1ecdn thu\u1ed9c d\u00f2ng<strong> \u00f4 t\u1ef1 \u0111\u1ed9ng hai chi\u1ec1u<\/strong> ti\u1ec7n \u00edch v\u1edbi ki\u1ec3u d\u00e1ng th\u1eddi trang c\u00e1 t\u00ednh \u0111\u01b0\u1ee3c nhi\u1ec1u ng\u01b0\u1eddi y\u00eau th\u00edch.<\/p>\n<p><img src=\"http:\/\/odutudong.com\/images\/o-nam\/o-ardeco\/o-tu-dong-10-nan-ardeco-001.jpg\" alt=\"o-tu-dong-10-nan-ardeco-001\" \/><\/p>\n<div id=\"attachment_6509\" class=\"wp-caption aligncenter\"><em>\u00d4 t\u1ef1 \u0111\u1ed9ng 10 nan Ardeco c\u00f3 nhi\u1ec1u m\u00e0u cho kh\u00e1ch h\u00e0ng l\u1ef1a ch\u1ecdn<\/em><\/div>\n<p>&nbsp;<\/p>\n<h2><strong>C\u1ea5u t\u1ea1o \u00f4 t\u1ef1 \u0111\u1ed9ng hai chi\u1ec1u Ardeco<\/strong><\/h2>\n<p>C\u0169ng gi\u1ed1ng nh\u01b0 nh\u1eefng lo\u1ea1i \u00f4 d\u00f9 c\u00e1n ng\u1eafn th\u00f4ng th\u01b0\u1eddng, <strong>\u00f4 t\u1ef1 \u0111\u1ed9ng hai chi\u1ec1u <\/strong>Ardeco c\u00f3 c\u1ea5u t\u1ea1o g\u1ed3m 3 ph\u1ea7n: tay n\u1eafm \u00f4, khung \u00f4 v\u00e0 v\u1ea3i \u00f4<\/p>\n<p>Ph\u1ea7n tay n\u1eafm \u0111\u01b0\u1ee3c thi\u1ebft k\u1ebf v\u00f4 c\u00f9ng tinh t\u1ebf v\u1edbi ki\u1ec3u d\u00e1ng tay n\u1eafm h\u00ecnh tr\u00f2n, thu\u00f4n d\u00e0i k\u00edch th\u01b0\u1edbc t\u01b0\u01a1ng \u0111\u1ed1i nh\u1ecf nh\u1eafn ti\u1ec7n l\u1ee3i cho b\u1ea1n n\u1eafm v\u1eeba l\u1ecdt l\u00f2ng b\u00e0n tay.<\/p>\n<p>C\u00e1n \u00f4\u00a0t\u1ef1 \u0111\u1ed9ng Ardeco c\u00f3 thi\u1ebft k\u1ebf tr\u00f2n, nh\u1eb5n, thu\u00f4n d\u00e0i v\u1eeba v\u1eb7n v\u1edbi l\u00f2ng b\u00e0n tay ng\u01b0\u1eddi s\u1eed d\u1ee5ng.<\/p>\n<p>N\u00fat b\u1ea5m h\u01a1i nh\u00f4 l\u00ean so v\u1edbi b\u1ec1 m\u1eb7t chung gi\u00fap b\u1ea5m m\u1edf \u00f4 d\u1ec5 d\u00e0ng<\/p>\n<p>\u00d4 s\u1eed d\u1ee5ng c\u1ea5u t\u1ea1o khung x\u01b0\u01a1ng 10 nan b\u1eb1ng h\u1ee3p kim th\u00e9p, k\u1ebft h\u1ee3p v\u1edbi x\u01b0\u01a1ng s\u1ee3i th\u1ee7y tinh gi\u00fap gia t\u0103ng kh\u1ea3 n\u0103ng ch\u1ecbu gi\u00f3 n\u01b0\u1edbc.<\/p>\n<p>Ngo\u00e0i ra, \u00f4 s\u1eed d\u1ee5ng v\u1ea3i Carom m\u1eadt \u0111\u1ed9 cao, k\u1ebft h\u1ee3p v\u1edbi nh\u1ef1a vinyl gi\u00fap \u00f4 c\u00f3 kh\u1ea3 n\u0103ng ch\u1ed1ng UV v\u00e0 ch\u1ed1ng th\u1ea5m c\u1ef1c t\u1ed1t<\/p>\n<p><img src=\"http:\/\/odutudong.com\/images\/o-nam\/o-ardeco\/o-tu-dong-10-nan-ardeco-mau-xanh-01.jpg\" alt=\"o-tu-dong-10-nan-ardeco-mau-xanh-01\" \/><\/p>\n<div id=\"attachment_6516\" class=\"wp-caption aligncenter\"><em>\u00d4 t\u1ef1 \u0111\u1ed9ng 10 nan Ardeco m\u00e0u xanh<\/em><\/div>\n<div class=\"wp-caption aligncenter\"><\/div>\n<div class=\"wp-caption aligncenter\"><\/div>\n<div class=\"wp-caption aligncenter\"><em><img src=\"http:\/\/odutudong.com\/images\/o-nam\/o-ardeco\/o-tu-dong-10-nan-ardeco-mau-tim-01.jpg\" alt=\"o-tu-dong-10-nan-ardeco-mau-tim-01\" \/><\/em><\/div>\n<div id=\"attachment_6515\" class=\"wp-caption aligncenter\"><em>\u00d4 t\u1ef1 \u0111\u1ed9ng 10 nan Ardeco m\u00e0u t\u00edm<\/em><\/div>\n<div class=\"wp-caption aligncenter\"><\/div>\n<div class=\"wp-caption aligncenter\">\n<h2><strong>\u01afu \u0111i\u1ec3m c\u1ee7a \u00f4 d\u00f9 Ardeco<\/strong><\/h2>\n<p>M\u1eabu s\u1ea3n ph\u1ea9m<strong> \u00f4 t\u1ef1 \u0111\u1ed9ng hai chi\u1ec1u<\/strong> n\u00e0y c\u00f3 nh\u1eefng \u01b0u \u0111i\u1ec3m n\u1ed5i b\u1eadt sau:<\/p>\n<p>&#8211; C\u00f3 t\u00ednh th\u1ea9m m\u1ef9 cao<\/p>\n<p>&#8211; C\u00f4ng n\u0103ng s\u1eed d\u1ee5ng l\u1edbn c\u00f3 th\u1ec3 gi\u00fap b\u1ea1n che m\u01b0a che n\u1eafng, \u0111\u1eb7c bi\u1ec7t ch\u1ed1ng tia UV c\u1ef1c t\u1ed1t.<\/p>\n<p>&#8211; Ki\u1ec3u d\u00e1ng th\u1eddi sang, b\u1eaft m\u1eaft sang tr\u1ecdng, duy\u00ean d\u00e1ng.<\/p>\n<p>&#8211; Thi\u1ebft k\u1ebf nh\u1ecf g\u1ecdn, ti\u1ec7n l\u1ee3i b\u1ecf t\u00fai mang \u0111i b\u1ea5t c\u1ee9 n\u01a1i \u0111\u00e2u.<\/p>\n<\/div>\n<h3><\/h3>\n<p><img src=\"http:\/\/odutudong.com\/images\/o-nam\/o-ardeco\/o-tu-dong-10-nan-ardeco-mau-ghi-sang-01.jpg\" alt=\"o-tu-dong-10-nan-ardeco-mau-ghi-sang-01\" \/><\/p>\n<div id=\"attachment_6514\" class=\"wp-caption aligncenter\"><em>\u00d4 t\u1ef1 \u0111\u1ed9ng 10 nan Ardeco m\u00e0u ghi s\u00e1ng<\/em><\/div>\n<div class=\"wp-caption aligncenter\"><\/div>\n<div class=\"wp-caption aligncenter\"><em><img src=\"http:\/\/odutudong.com\/images\/o-nam\/o-ardeco\/o-tu-dong-10-nan-ardeco-mau-do-man-01.jpg\" alt=\"o-tu-dong-10-nan-ardeco-mau-do-man-01.jpg\" \/><\/em><\/div>\n<div id=\"attachment_6513\" class=\"wp-caption aligncenter\"><em>\u00d4 t\u1ef1 \u0111\u1ed9ng 10 nan Ardeco m\u00e0u r\u01b0\u1ee3u nho<\/em><\/div>\n<div class=\"wp-caption aligncenter\"><\/div>\n<div class=\"wp-caption aligncenter\"><em><img src=\"http:\/\/odutudong.com\/images\/o-nam\/o-ardeco\/o-tu-dong-10-nan-ardeco-mau-den-01.jpg\" alt=\"o-tu-dong-10-nan-ardeco-mau-den-01\" \/><\/em><\/div>\n<div id=\"attachment_6512\" class=\"wp-caption aligncenter\"><em>\u00d4 t\u1ef1 \u0111\u1ed9ng 10 nan Ardeco m\u00e0u \u0111en<\/em><\/div>\n<p><img src=\"http:\/\/odutudong.com\/images\/o-nam\/o-ardeco\/o-tu-dong-10-nan-ardeco-07.jpg\" alt=\"o-tu-dong-10-nan-ardeco-07\" \/><\/p>\n<div id=\"attachment_6517\" class=\"wp-caption aligncenter\"><em>\u00d4 t\u1ef1 \u0111\u1ed9ng 10 nan Ardeco c\u00f3 tay c\u1ea7m th\u1eb3ng, d\u1ec5 c\u1ea7m n\u1eafm<\/em><\/div>\n<div class=\"wp-caption aligncenter\"><\/div>\n<div class=\"wp-caption aligncenter\">Ph\u1ea7n khung<strong> \u00f4 t\u1ef1 \u0111\u1ed9ng hai chi\u1ec1u<\/strong> s\u1eed d\u1ee5ng ch\u1ea5t li\u1ec7u th\u00e9p h\u1ee3p kim ch\u1ed1ng g\u1ec9 t\u1ed1t c\u00f9ng x\u01b0\u01a1ng s\u1ee3i th\u1ee7y tinh khi\u1ebfn \u00f4 c\u00f3 kh\u1ea3 n\u0103ng ch\u1ecbu l\u1ef1c t\u1ed1t, v\u00f4 c\u00f9ng ch\u1eafc ch\u1eafn tho\u1ea3i m\u00e1i \u0111i d\u01b0\u1edbi th\u1eddi ti\u1ebft m\u01b0a gi\u00f3. Ph\u1ea7n t\u00e1n \u00f4 c\u00f3 c\u1ea5u t\u1ea1o v\u1edbi 10 nan c\u00f3 \u0111\u01b0\u1eddng k\u00ednh r\u1ed9ng l\u00ean t\u1edbi 100cm cho ph\u00e9p che cho c\u1ea3 hai ng\u01b0\u1eddi<\/div>\n<div class=\"wp-caption aligncenter\"><\/div>\n<div class=\"wp-caption aligncenter\"><em><img src=\"http:\/\/odutudong.com\/images\/o-nam\/o-ardeco\/o-tu-dong-10-nan-ardeco-024.jpg\" alt=\"o-tu-dong-10-nan-ardeco-024\" \/><\/em><\/div>\n<div class=\"wp-caption aligncenter\"><em>\u00d4 t\u1ef1 \u0111\u1ed9ng 10 nan Ardeco ch\u1ed1ng th\u1ea5m t\u1ed1t<\/em><\/div>\n<div class=\"wp-caption aligncenter\"><\/div>\n<div class=\"wp-caption aligncenter\">V\u1ea3i <strong>\u00f4 t\u1ef1 \u0111\u1ed9ng Ardeco<\/strong> \u0111\u01b0\u1ee3c l\u00e0m t\u1eeb ch\u1ea5t li\u1ec7u Carom c\u00f9ng v\u1edbi nh\u1ef1a vinyl c\u00f3 kh\u1ea3 n\u0103ng ch\u1ed1ng th\u1ea5m t\u1ed1t v\u00e0 ng\u0103n tia UV ti\u1ebfp x\u00fac t\u1edbi ng\u01b0\u1eddi s\u1eed d\u1ee5ng hi\u1ec7u qu\u1ea3.<\/div>\n<div class=\"wp-caption aligncenter\"><\/div>\n<div class=\"wp-caption aligncenter\"><em><img src=\"http:\/\/odutudong.com\/images\/o-nam\/o-ardeco\/o-tu-dong-10-nan-ardeco-025.jpg\" alt=\"o-tu-dong-10-nan-ardeco-025\" \/><\/em><\/div>\n<div id=\"attachment_6511\" class=\"wp-caption aligncenter\"><em>\u00d4 t\u1ef1 \u0111\u1ed9ng 10 nan Ardeco c\u00f3 l\u1edbp ch\u1ed1ng UV<\/em><\/div>\n<div class=\"wp-caption aligncenter\"><\/div>\n<div class=\"wp-caption aligncenter\">\n<p>H\u00e3y s\u1edf h\u1eefu ngay cho m\u00ecnh m\u1ed9t chi\u1ebfc<strong> \u00f4 t\u1ef1 \u0111\u1ed9ng hai chi\u1ec1u<\/strong> trong t\u00fai \u0111\u1ec3 t\u1ef1 tin ra ngo\u00e0i trong m\u1ecdi th\u1eddi ti\u1ebft.<\/p>\n<\/div>\n","protected":false},"excerpt":{"rendered":"<p>\u00d4 Ardeco l\u00e0 d\u00f2ng \u00f4 t\u1ef1 \u0111\u1ed9ng m\u1edbi ra nh\u1eadp th\u1ecb tr\u01b0\u1eddng \u00f4 d\u00f9. C\u00e1i t\u00ean n\u00f3i l\u00ean ti\u00eau ch\u00ed c\u1ee7a s\u1ea3n ph\u1ea9m. V\u1edbi tri\u1ebft l\u00fd t\u00f4n vinh t\u00ednh thanh l\u1ecbch, c\u00f4ng n\u0103ng, v\u1ebb \u0111\u1eb9p v\u00e0 s\u1ef1 hi\u1ec7n \u0111\u1ea1i.\u00a0Ardeco l\u00e0 m\u1ed9t s\u1ea3n ph\u1ea9m \u00f4 d\u00f9 si\u00eau nh\u1ecf g\u1ecdn thu\u1ed9c d\u00f2ng<strong> \u00f4 t\u1ef1 \u0111\u1ed9ng hai chi\u1ec1u<\/strong> ti\u1ec7n \u00edch v\u1edbi ki\u1ec3u d\u00e1ng th\u1eddi trang c\u00e1 t\u00ednh \u0111\u01b0\u1ee3c nhi\u1ec1u ng\u01b0\u1eddi y\u00eau th\u00edch.<\/p>\n","protected":false},"featured_media":275,"template":"","meta":[],"_links":{"self":[{"href":"https:\/\/webmaibinh.com\/w\/aomua\/wp-json\/wp\/v2\/product\/274"}],"collection":[{"href":"https:\/\/webmaibinh.com\/w\/aomua\/wp-json\/wp\/v2\/product"}],"about":[{"href":"https:\/\/webmaibinh.com\/w\/aomua\/wp-json\/wp\/v2\/types\/product"}],"wp:featuredmedia":[{"embeddable":true,"href":"https:\/\/webmaibinh.com\/w\/aomua\/wp-json\/wp\/v2\/media\/275"}],"wp:attachment":[{"href":"https:\/\/webmaibinh.com\/w\/aomua\/wp-json\/wp\/v2\/media?parent=274"}],"curies":[{"name":"wp","href":"https:\/\/api.w.org\/{rel}","templated":true}]}}