{"id":268,"date":"2017-08-18T22:46:20","date_gmt":"2017-08-18T15:46:20","guid":{"rendered":"https:\/\/bizhostvn.com\/w\/aomua\/?post_type=product&#038;p=268"},"modified":"2017-08-19T00:19:20","modified_gmt":"2017-08-18T17:19:20","slug":"o-tu-dong-mercedes-benz-mau-xanh","status":"publish","type":"product","link":"https:\/\/webmaibinh.com\/w\/aomua\/cua-hang\/o-tu-dong-mercedes-benz-mau-xanh\/","title":{"rendered":"\u00d4 t\u1ef1 \u0111\u1ed9ng Mercedes-Benz m\u00e0u xanh"},"content":{"rendered":"<h2 style=\"text-align: center;\"><strong>\u00d4 T\u1ef0 \u0110\u1ed8NG MERCEDES-BENZ M\u00c0U XANH L\u1ef0A CH\u1eccN HO\u00c0N H\u1ea2O CHO B\u1ea0N<\/strong><\/h2>\n<p>B\u1ea1n \u0111au \u0111\u1ea7u \u0111\u1ec3 l\u1ef1a ch\u1ecdn<strong> \u00f4 d\u00f9 che m\u01b0a n\u1eafng<\/strong> t\u1ed1i \u01b0u nh\u1ea5t, sao cho thu\u1eadn ti\u1ec7n v\u00e0 ph\u00f9 h\u1ee3p v\u1edbi t\u1ea5t c\u1ea3 ho\u00e0n c\u1ea3nh th\u1eddi ti\u1ebft. C\u00f3 th\u1ec3 \u00f4 t\u1ef1 \u0111\u1ed9ng Mercedes-Benz ch\u00ednh l\u00e0 s\u1ea3n ph\u1ea9m b\u1ea1n \u0111ang c\u1ea7n t\u00ecm v\u1edbi c\u00e1c \u01b0u \u0111i\u1ec3m nh\u01b0:<\/p>\n<p><strong><img class=\"aligncenter\" src=\"http:\/\/odutudong.com\/images\/o-nam\/Mec-xanh\/o-tu-dong-mercedes-benz-o-sieu-rong-019.jpg\" alt=\"o-tu-dong-mercedes-benz-o-sieu-rong-019\" \/><\/strong><\/p>\n<div id=\"attachment_5604\" class=\"wp-caption aligncenter\"><em>\u00d4 t\u1ef1 \u0111\u1ed9ng Mercedes-Benz m\u00e0u xanh t\u00e1n \u00f4 c\u0103ng \u0111\u1ec1u, r\u1ed9ng<\/em><\/div>\n<div class=\"wp-caption aligncenter\"><\/div>\n<p>\u00d4 d\u00f9ng ch\u1ea5t li\u1ec7u v\u1ea3i Crom in hoa v\u0103n ch\u00ecm gi\u00fap kh\u00fac x\u1ea1 v\u00e0 ph\u00e2n t\u00e1n \u00e1nh n\u1eafng m\u1eb7t tr\u1eddi tang hi\u1ec7u qu\u1ea3 ch\u1ed1ng n\u1eafng ch\u1ed1ng UVPE l\u00ean \u0111\u1ebfn 30+. M\u1eadt \u0111\u1ed9 v\u1ea3i \u1edf m\u1ee9c 210T v\u00e0 t\u00e1n \u0111\u01b0\u1ee3c c\u0103ng \u0111\u1ec1u \u0111\u1ec3 \u0111\u1ea3m b\u1ea3o \u00f4 lu\u00f4n nhanh kh\u00f4 khi tr\u1eddi m\u01b0a. \u0110\u00f3 l\u00e0 l\u00fd do \u00f4 t\u1ef1 \u0111\u1ed9ng Mercedes-Benz l\u00e0 <strong>\u00f4 d\u00f9 che m\u01b0a n\u1eafng<\/strong> \u0111\u1ec1u t\u1ed1t.<\/p>\n<p><img class=\"aligncenter\" src=\"http:\/\/odutudong.com\/images\/o-nam\/Mec-xanh\/o-tu-dong-mercedes-benz-o-sieu-rong-017.jpg\" alt=\"o-tu-dong-mercedes-benz-o-sieu-rong-017\" \/><\/p>\n<div id=\"attachment_5603\" class=\"wp-caption aligncenter\"><em>\u00d4 t\u1ef1 \u0111\u1ed9ng h\u1ecda ti\u1ebft Mercedes-Benz sang tr\u1ecdng<\/em><\/div>\n<div class=\"wp-caption aligncenter\"><\/div>\n<p>\u00d4 t\u1ef1 \u0111\u1ed9ng Mercedes-Benz c\u00f3 t\u00e1n \u00f4 si\u00eau r\u1ed9ng r\u00e3i v\u1edbi \u0111\u01b0\u1eddng k\u00ednh \u00f4 khi m\u1edf l\u00e0 125cm, s\u1eed d\u1ee5ng tho\u1ea3i m\u00e1i cho 3 ng\u01b0\u1eddi che m\u01b0a n\u1eafng \u0111\u1ec1u kh\u00f4ng ph\u1ea3i lo. M\u1eb7t kh\u00e1c khi g\u1ea5p g\u1ecdn l\u1ea1i s\u1ea3n ph\u1ea9m ch\u1ec9 nh\u1ec9nh h\u01a1n c\u00e1c d\u00f2ng kh\u00e1c v\u00e0i cm kh\u00f4ng \u0111\u00e1ng k\u1ec3, v\u1eabn r\u1ea5t thu\u1eadn ti\u1ec7n mang theo ng\u01b0\u1eddi.<\/p>\n<p><img class=\"aligncenter\" src=\"http:\/\/odutudong.com\/images\/o-nam\/Mec-xanh\/o-tu-dong-mercedes-benz-o-sieu-rong-016.jpg\" alt=\"o-tu-dong-mercedes-benz-o-sieu-rong-016\" \/><\/p>\n<p>\u0110\u00e2y c\u0169ng l\u00e0 d\u00f2ng \u00f4 che m\u01b0a n\u1eafng c\u00f3 n\u00fat b\u1ea5m t\u1ef1 \u0111\u1ed9ng, gi\u1ea3m thi\u1ec3u s\u1ee9c ng\u01b0\u1eddi m\u1ed7i khi \u0111\u00f3ng m\u1edf. B\u1edfi n\u00fat b\u1ea5m l\u00f2 xo \u00eam, nh\u1ea1y \u0111\u00f3ng m\u1edf nh\u1eb9 nh\u00e0ng kh\u00f4ng g\u00e2y kh\u00f3 ch\u1ecbu cho ng\u01b0\u1eddi d\u00f9ng.<\/p>\n<p><img class=\"aligncenter\" src=\"http:\/\/odutudong.com\/images\/o-nam\/Mec-xanh\/o-tu-dong-mercedes-benz-o-sieu-rong-07.jpg\" alt=\"o-tu-dong-mercedes-benz-o-sieu-rong-07\" \/><\/p>\n<div id=\"attachment_5385\" class=\"wp-caption aligncenter\"><em>\u00d4 t\u1ef1 \u0111\u1ed9ng Mercedes-benz m\u00e0u xanh<\/em><\/div>\n<div class=\"wp-caption aligncenter\"><\/div>\n<div class=\"wp-caption aligncenter\">\u00d4 c\u00f3 m\u00e0u xanh \u0111\u1eadm nh\u00e3 nh\u1eb7n ph\u00f9 h\u1ee3p cho c\u1ea3 nam v\u00e0 n\u1eef, \u0111\u1eb7c bi\u1ec7t l\u00e0 nam gi\u1edbi b\u1edfi t\u00e1n \u00f4 to r\u1ed9ng, \u00f4 c\u1ea7m v\u1eeba v\u1eb7n v\u1edbi tay nam, m\u00e0u s\u1eafc v\u00e0 hoa v\u0103n \u0111\u01a1n gi\u1ea3n l\u1ecbch l\u00e3m, nam t\u00ednh.<\/div>\n<div class=\"wp-caption aligncenter\">\n<p>Do \u0111\u00f3, \u0111\u1ec3 c\u00f3 chi\u1ebfc \u00f4 che m\u01b0a n\u1eafng t\u1ed1i \u01b0u nh\u1ea5t h\u00e3y l\u1ef1a ch\u1ecdn \u00f4 t\u1ef1 \u0111\u1ed9ng Mercedes-Benz. V\u00e0 gh\u00e9 c\u1eeda h\u00e0ng ch\u00fang t\u00f4i \u0111\u1ec3 nh\u1eadn \u0111\u01b0\u1ee3c s\u1ea3n ph\u1ea9m t\u1ed1t nh\u1ea5t v\u00e0 ch\u1ea5t l\u01b0\u1ee3ng \u0111\u01b0\u1ee3c \u0111\u1ea3m b\u1ea3o.<\/p>\n<p><em><img loading=\"lazy\" src=\"http:\/\/odutudong.com\/images\/o-nam\/Mec-den\/o-tu-dong-mercedes-benz-o-sieu-rong-03.jpg\" alt=\"o-tu-dong-mercedes-benz-o-sieu-rong-03\" width=\"589\" height=\"446\" \/><\/em><\/p>\n<\/div>\n<div id=\"attachment_5601\" class=\"wp-caption aligncenter\"><em>C\u00e1c m\u00e0u c\u1ee7a \u00f4 t\u1ef1 \u0111\u1ed9ng Mercedes-Benz<\/em><\/div>\n<div class=\"wp-caption aligncenter\"><\/div>\n","protected":false},"excerpt":{"rendered":"<p>\u00d4 t\u1ef1 \u0111\u1ed9ng Mercedes-Benz c\u00f3 t\u00e1n \u00f4 si\u00eau r\u1ed9ng r\u00e3i v\u1edbi \u0111\u01b0\u1eddng k\u00ednh \u00f4 khi m\u1edf l\u00e0 125cm, s\u1eed d\u1ee5ng tho\u1ea3i m\u00e1i cho 3 ng\u01b0\u1eddi che m\u01b0a n\u1eafng \u0111\u1ec1u kh\u00f4ng ph\u1ea3i lo. M\u1eb7t kh\u00e1c khi g\u1ea5p g\u1ecdn l\u1ea1i s\u1ea3n ph\u1ea9m ch\u1ec9 nh\u1ec9nh h\u01a1n c\u00e1c d\u00f2ng kh\u00e1c v\u00e0i cm kh\u00f4ng \u0111\u00e1ng k\u1ec3, v\u1eabn r\u1ea5t thu\u1eadn ti\u1ec7n mang theo ng\u01b0\u1eddi.<\/p>\n","protected":false},"featured_media":213,"template":"","meta":[],"_links":{"self":[{"href":"https:\/\/webmaibinh.com\/w\/aomua\/wp-json\/wp\/v2\/product\/268"}],"collection":[{"href":"https:\/\/webmaibinh.com\/w\/aomua\/wp-json\/wp\/v2\/product"}],"about":[{"href":"https:\/\/webmaibinh.com\/w\/aomua\/wp-json\/wp\/v2\/types\/product"}],"wp:featuredmedia":[{"embeddable":true,"href":"https:\/\/webmaibinh.com\/w\/aomua\/wp-json\/wp\/v2\/media\/213"}],"wp:attachment":[{"href":"https:\/\/webmaibinh.com\/w\/aomua\/wp-json\/wp\/v2\/media?parent=268"}],"curies":[{"name":"wp","href":"https:\/\/api.w.org\/{rel}","templated":true}]}}