{"id":83,"date":"2018-01-12T08:28:37","date_gmt":"2018-01-12T08:28:37","guid":{"rendered":"http:\/\/amthuc.khowebseotop.vn\/?post_type=product&#038;p=83"},"modified":"2018-02-26T06:59:03","modified_gmt":"2018-02-26T06:59:03","slug":"com-chien-muoi-e","status":"publish","type":"product","link":"https:\/\/webmaibinh.com\/w\/amthuc2011\/san-pham\/com-chien-muoi-e\/","title":{"rendered":"C\u01a1m chi\u00ean mu\u1ed1i \u00e9"},"content":{"rendered":"<p>Nh\u1eafc \u0111\u1ebfn mu\u1ed1i \u00e9 s\u1ebd l\u00e0m cho kh\u00f4ng \u00edt ng\u01b0\u1eddi li\u00ean t\u01b0\u1edfng \u0111\u1ebfn nh\u1eefng ng\u00e0y c\u00f2n \u0111\u00f3i \u1edf qu\u00ea nh\u00e0, bu\u1ed5i s\u00e1ng t\u1edd m\u1edd khi tr\u1eddi \u0111\u1ea5t c\u00f2n \u01b0\u1edbt \u0111\u1eabm h\u01a1i s\u01b0\u01a1ng, n\u1ea5u n\u1ed3i c\u01a1m n\u00f3ng d\u1ee1 theo trong l\u00e1 chu\u1ed1i hay mo cau kh\u00f4, g\u00f3i v\u1ed1c mu\u1ed1i \u00e9 \u0111\u1ec3 \u0103n c\u00f9ng, r\u1ed3i v\u00e1c c\u00e0y d\u1eaft tr\u00e2u ra \u0111\u1ed3ng, sau khi c\u00e0y xong v\u1ea1t ru\u1ed9ng, m\u1eb7t tr\u1eddi l\u00ean v\u1eeba n\u00f3ng l\u01b0ng th\u00ec \u0111em c\u01a1m ra \u0103n ngay tr\u00ean b\u1edd, c\u01a1m n\u00f3ng, mu\u1ed1i \u00e9 m\u1eb1n m\u1eb7n, th\u01a1m n\u1ed3ng, v\u1eady l\u00e0 no b\u1ee5ng\u2026.<\/p>\n<p>\u00c9 c\u00f3 hai lo\u1ea1i, \u00e9 t\u00eda v\u00e0 \u00e9 tr\u1eafng. M\u00f9i h\u01b0\u01a1ng c\u1ee7a \u00e9 tr\u1eafng \u0111\u1eadm h\u01a1n v\u00e0 c\u00f3 c\u00e1i ch\u1ea5t g\u00ec \u0111\u00f3 quy\u1ebfn r\u0169 \u0111\u1ed1i v\u1edbi kh\u1ea9u v\u1ecb. Mu\u1ed1i \u00e9 l\u00e0 m\u1ed9t \u0111\u1eb7c s\u1ea3n c\u1ee7a mi\u1ec1n Trung qu\u00ea m\u00ecnh. Th\u1eadt ra c\u00e2y \u00e9 tr\u1eafng th\u00ec \u1edf \u0111\u00e2u c\u0169ng c\u00f3 nh\u01b0ng n\u1ebfu \u00e9 tr\u1eafng \u0111\u01b0\u1ee3c tr\u1ed3ng \u1edf nh\u1eefng v\u00f9ng \u0111\u1ea5t pha c\u00e1t \u1edf mi\u1ec1n Trung nhi\u1ec1u n\u1eafng v\u00e0 \u0111\u1ea5t c\u1eb1n th\u01b0\u1eddng cho v\u1ecb \u0111\u1eadm h\u01a1n.<\/p>\n<p>\u0110\u1ebfn v\u1edbi ch\u00fang t\u00f4i, sau khi th\u01b0\u1edfng th\u1ee9c c\u00e1c m\u00f3n \u0103n ch\u01a1i, \u0111a s\u1ed1 kh\u00e1ch \u0111\u1ec1u g\u1ecdi th\u00eam m\u1ed9t th\u1ed1 c\u01a1m chi\u00ean mu\u1ed1i \u00e9 \u0103n cho ch\u1eb7t b\u1ee5ng \u0111\u1ec3 r\u1ed3i ai n\u1ea5y \u0111\u1ec1u b\u1ecb h\u01b0\u01a1ng v\u1ecb \u0111\u1eadm \u0111\u00e0, th\u01a1m n\u1ed3ng c\u1ee7a m\u00f3n \u0103n l\u00e0m cho v\u01b0\u01a1ng v\u1ea5n m\u00e3i&#8230;<\/p>\n","protected":false},"excerpt":{"rendered":"<p>Nh\u1eafc \u0111\u1ebfn mu\u1ed1i \u00e9 s\u1ebd l\u00e0m cho kh\u00f4ng \u00edt ng\u01b0\u1eddi li\u00ean t\u01b0\u1edfng \u0111\u1ebfn nh\u1eefng ng\u00e0y c\u00f2n \u0111\u00f3i \u1edf qu\u00ea nh\u00e0, [&#8230;]\n","protected":false},"featured_media":84,"comment_status":"open","ping_status":"closed","template":"","meta":[],"_links":{"self":[{"href":"https:\/\/webmaibinh.com\/w\/amthuc2011\/wp-json\/wp\/v2\/product\/83"}],"collection":[{"href":"https:\/\/webmaibinh.com\/w\/amthuc2011\/wp-json\/wp\/v2\/product"}],"about":[{"href":"https:\/\/webmaibinh.com\/w\/amthuc2011\/wp-json\/wp\/v2\/types\/product"}],"replies":[{"embeddable":true,"href":"https:\/\/webmaibinh.com\/w\/amthuc2011\/wp-json\/wp\/v2\/comments?post=83"}],"wp:featuredmedia":[{"embeddable":true,"href":"https:\/\/webmaibinh.com\/w\/amthuc2011\/wp-json\/wp\/v2\/media\/84"}],"wp:attachment":[{"href":"https:\/\/webmaibinh.com\/w\/amthuc2011\/wp-json\/wp\/v2\/media?parent=83"}],"curies":[{"name":"wp","href":"https:\/\/api.w.org\/{rel}","templated":true}]}}