{"id":74,"date":"2018-01-12T08:23:29","date_gmt":"2018-01-12T08:23:29","guid":{"rendered":"http:\/\/amthuc.khowebseotop.vn\/?post_type=product&#038;p=74"},"modified":"2018-02-26T07:04:40","modified_gmt":"2018-02-26T07:04:40","slug":"mi-xao-bo","status":"publish","type":"product","link":"https:\/\/webmaibinh.com\/w\/amthuc2011\/san-pham\/mi-xao-bo\/","title":{"rendered":"M\u00ec x\u00e0o b\u00f2"},"content":{"rendered":"<p>V\u1edbi m\u00f3n\u00a0<strong>m\u00ec x\u00e0o b\u00f2<\/strong>\u00a0d\u00e0nh cho b\u1eefa s\u00e1ng, l\u00e0 s\u1ef1 l\u1ef1a ch\u1ecdn tuy\u1ec7t v\u1eddi d\u00e0nh cho\u00a0gia \u0111\u00ecnh\u00a0b\u1ea1n. S\u1ef1 k\u1ebft h\u1ee3p ho\u00e0n h\u1ea3o gi\u1eefa v\u1ecb ng\u1ecdt t\u1ef1 nhi\u00ean c\u1ee7a th\u1ecbt c\u00f9ng v\u1ecb ng\u1ecdt c\u1ee7a rau c\u1ee7, th\u00eam ch\u00fat cay cay the the c\u1ee7a t\u01b0\u01a1ng \u1edbt gi\u00fap cho m\u00f3n m\u00ec x\u00e0o th\u00eam \u0111\u1eadm \u0111\u00e0 v\u00e0 cung c\u1ea5p \u0111\u1ea7y \u0111\u1ee7 ch\u1ea5t dinh d\u01b0\u1ee1ng cho m\u1ed9t ng\u00e0y l\u00e0m vi\u1ec7c hi\u1ec7u qu\u1ea3.<\/p>\n<p>H\u00e3y b\u1ed5 sung th\u00eam\u00a0<em>c\u00e1ch l\u00e0m\u00a0m\u00ec x\u00e0o b\u00f2<\/em>\u00a0v\u00e0o danh s\u00e1ch c\u00e1c m\u00f3n \u0103n dinh d\u01b0\u1ee1ng d\u00e0nh cho gia \u0111\u00ecnh b\u1ea1n. Ch\u00fac c\u00e1c b\u1ea1n th\u00e0nh c\u00f4ng v\u1edbi m\u00f3n \u0103n n\u00e0y.<\/p>\n","protected":false},"excerpt":{"rendered":"<p>V\u1edbi m\u00f3n\u00a0m\u00ec x\u00e0o b\u00f2\u00a0d\u00e0nh cho b\u1eefa s\u00e1ng, l\u00e0 s\u1ef1 l\u1ef1a ch\u1ecdn tuy\u1ec7t v\u1eddi d\u00e0nh cho\u00a0gia \u0111\u00ecnh\u00a0b\u1ea1n. S\u1ef1 k\u1ebft h\u1ee3p ho\u00e0n [&#8230;]\n","protected":false},"featured_media":75,"comment_status":"open","ping_status":"closed","template":"","meta":[],"_links":{"self":[{"href":"https:\/\/webmaibinh.com\/w\/amthuc2011\/wp-json\/wp\/v2\/product\/74"}],"collection":[{"href":"https:\/\/webmaibinh.com\/w\/amthuc2011\/wp-json\/wp\/v2\/product"}],"about":[{"href":"https:\/\/webmaibinh.com\/w\/amthuc2011\/wp-json\/wp\/v2\/types\/product"}],"replies":[{"embeddable":true,"href":"https:\/\/webmaibinh.com\/w\/amthuc2011\/wp-json\/wp\/v2\/comments?post=74"}],"wp:featuredmedia":[{"embeddable":true,"href":"https:\/\/webmaibinh.com\/w\/amthuc2011\/wp-json\/wp\/v2\/media\/75"}],"wp:attachment":[{"href":"https:\/\/webmaibinh.com\/w\/amthuc2011\/wp-json\/wp\/v2\/media?parent=74"}],"curies":[{"name":"wp","href":"https:\/\/api.w.org\/{rel}","templated":true}]}}