{"id":68,"date":"2018-01-12T08:17:53","date_gmt":"2018-01-12T08:17:53","guid":{"rendered":"http:\/\/amthuc.khowebseotop.vn\/?post_type=product&#038;p=68"},"modified":"2018-02-26T07:05:00","modified_gmt":"2018-02-26T07:05:00","slug":"hau-nuong-pho-mai","status":"publish","type":"product","link":"https:\/\/webmaibinh.com\/w\/amthuc2011\/san-pham\/hau-nuong-pho-mai\/","title":{"rendered":"H\u1ea7u n\u01b0\u1edbng ph\u00f4 mai"},"content":{"rendered":"<p>B\u00ean c\u1ea1nh c\u00e1c m\u00f3n s\u00f2 n\u01b0\u1edbng m\u1ee1 h\u00e0nh c\u00f9ng \u0111\u1eadu ph\u1ed9ng \u0111\u00e3 c\u00f3 m\u1eb7t t\u1eeb l\u00e2u \u0111\u1eddi, v\u00e0i n\u0103m tr\u1edf l\u1ea1i \u0111\u00e2y, c\u00e1c t\u00edn \u0111\u1ed3 \u1ed1c l\u1ea1i \u0111\u00e2m nghi\u1ec7n th\u00eam c\u00e1c m\u00f3n s\u00f2 n\u01b0\u1edbng ph\u1ee7 ph\u00f4 mai b\u00e9o ng\u1eady. Trong s\u1ed1 \u0111\u00f3, h\u00e0u n\u01b0\u1edbng ph\u00f4 mai c\u00f3 v\u1ebb \u0111\u01b0\u1ee3c l\u00f2ng m\u1ecdi ng\u01b0\u1eddi h\u01a1n c\u1ea3, b\u1edfi c\u00e1i v\u1ecb ng\u1ecdt, ch\u1eafc v\u00e0 m\u1eadp th\u1ecbt c\u1ee7a h\u00e0u \u0111\u01b0\u1ee3c h\u1ed7 tr\u1ee3 th\u00eam b\u1edfi c\u00e1i b\u00e9o ng\u1eady kh\u00f3 c\u01b0\u1ee1ng c\u1ee7a ph\u00f4 mai, th\u1eadt khi\u1ebfn ng\u01b0\u1eddi ta kh\u00f3 c\u00f3 th\u1ec3 ch\u1ed1i t\u1eeb. Ch\u1eb3ng th\u1ebf m\u00e0 m\u1ed7i khi \u0111i \u0103n \u1edf qu\u00e1n \u1ed1c n\u00e0o c\u0169ng th\u1ebf, l\u00fac n\u00e0o nh\u00ecn quanh c\u0169ng th\u1ea5y b\u00e0n ai c\u0169ng g\u1ecdi v\u00e0i con h\u00e0u n\u01b0\u1edbng ph\u00f4 mai c\u1ea3.<\/p>\n<p>N\u1ebfu ch\u1ec9 d\u00f9ng ph\u00f4 mai \u0111\u1ec3 n\u01b0\u1edbng c\u00f9ng v\u1edbi h\u00e0u th\u00ec d\u1ec5 g\u00e2y ng\u1ea5y, kh\u00f4ng d\u1ec5 d\u00e0ng g\u00ec \u0111\u1ec3 x\u01a1i \u0111\u01b0\u1ee3c nhi\u1ec1u. V\u00ec v\u1eady, h\u00f4m nay ch\u00fang ta s\u1ebd th\u1eed bi\u1ebfn t\u1ea5u m\u1ed9t lo\u1ea1i s\u1ed1t ph\u00f4 mai v\u1eeba b\u00e9o l\u1ea1i c\u00f2n th\u00eam m\u1ed9t ch\u00fat v\u1ecb chua chua ng\u1ecdt ng\u1ecdt, ph\u1ee7 \u0111\u1ea7y l\u00ean con h\u00e0u m\u1ecdng n\u01b0\u1edbc, n\u00f3ng h\u1ed5i k\u00edch th\u00edch c\u1ea3 ng\u00e0n n\u1ee5 v\u1ecb gi\u00e1c!<\/p>\n","protected":false},"excerpt":{"rendered":"<p>B\u00ean c\u1ea1nh c\u00e1c m\u00f3n s\u00f2 n\u01b0\u1edbng m\u1ee1 h\u00e0nh c\u00f9ng \u0111\u1eadu ph\u1ed9ng \u0111\u00e3 c\u00f3 m\u1eb7t t\u1eeb l\u00e2u \u0111\u1eddi, v\u00e0i n\u0103m tr\u1edf [&#8230;]\n","protected":false},"featured_media":69,"comment_status":"open","ping_status":"closed","template":"","meta":[],"_links":{"self":[{"href":"https:\/\/webmaibinh.com\/w\/amthuc2011\/wp-json\/wp\/v2\/product\/68"}],"collection":[{"href":"https:\/\/webmaibinh.com\/w\/amthuc2011\/wp-json\/wp\/v2\/product"}],"about":[{"href":"https:\/\/webmaibinh.com\/w\/amthuc2011\/wp-json\/wp\/v2\/types\/product"}],"replies":[{"embeddable":true,"href":"https:\/\/webmaibinh.com\/w\/amthuc2011\/wp-json\/wp\/v2\/comments?post=68"}],"wp:featuredmedia":[{"embeddable":true,"href":"https:\/\/webmaibinh.com\/w\/amthuc2011\/wp-json\/wp\/v2\/media\/69"}],"wp:attachment":[{"href":"https:\/\/webmaibinh.com\/w\/amthuc2011\/wp-json\/wp\/v2\/media?parent=68"}],"curies":[{"name":"wp","href":"https:\/\/api.w.org\/{rel}","templated":true}]}}